{"id":2241,"date":"2026-02-07T09:34:00","date_gmt":"2026-02-07T09:34:00","guid":{"rendered":"https:\/\/roosa.biz\/telefonfoersaeljare\/"},"modified":"2026-02-16T11:32:51","modified_gmt":"2026-02-16T11:32:51","slug":"telefonfoersaeljare","status":"publish","type":"page","link":"https:\/\/roosa.biz\/sv\/telefonfoersaeljare\/","title":{"rendered":"Telefonf\u00f6rs\u00e4ljare"},"content":{"rendered":"\t\t<div data-elementor-type=\"wp-page\" data-elementor-id=\"2241\" class=\"elementor elementor-2241 elementor-2197\" data-elementor-post-type=\"page\">\n\t\t\t\t<div class=\"elementor-element elementor-element-8d19e7e e-flex e-con-boxed e-con e-parent\" data-id=\"8d19e7e\" data-element_type=\"container\" data-e-type=\"container\" data-settings=\"{&quot;background_background&quot;:&quot;classic&quot;}\">\n\t\t\t\t\t<div class=\"e-con-inner\">\n\t\t\t\t<div class=\"elementor-element elementor-element-e67434b elementor-widget__width-initial elementor-widget elementor-widget-heading\" data-id=\"e67434b\" data-element_type=\"widget\" data-e-type=\"widget\" data-widget_type=\"heading.default\">\n\t\t\t\t<div class=\"elementor-widget-container\">\n\t\t\t\t\t<h2 class=\"elementor-heading-title elementor-size-default\">\u00d6ppna positioner<\/h2>\t\t\t\t<\/div>\n\t\t\t\t<\/div>\n\t\t\t\t\t<\/div>\n\t\t\t\t<\/div>\n\t\t<div class=\"elementor-element elementor-element-e271a82 elementor-hidden-desktop elementor-hidden-tablet elementor-hidden-mobile e-flex e-con-boxed e-con e-parent\" data-id=\"e271a82\" data-element_type=\"container\" data-e-type=\"container\">\n\t\t\t\t\t<div class=\"e-con-inner\">\n\t\t<div class=\"elementor-element elementor-element-a77544c e-con-full e-flex e-con e-child\" data-id=\"a77544c\" data-element_type=\"container\" data-e-type=\"container\">\n\t\t\t\t<div class=\"elementor-element elementor-element-75820fb elementor-widget__width-initial elementor-widget elementor-widget-text-editor\" data-id=\"75820fb\" data-element_type=\"widget\" data-e-type=\"widget\" data-widget_type=\"text-editor.default\">\n\t\t\t\t<div class=\"elementor-widget-container\">\n\t\t\t\t\t\t\t\t\t<p><strong>f\u00f6r n\u00e4rvarande \u00f6ppna positioner:<\/strong><\/p>\t\t\t\t\t\t\t\t<\/div>\n\t\t\t\t<\/div>\n\t\t\t\t<\/div>\n\t\t<div class=\"elementor-element elementor-element-334e5ec e-con-full e-flex e-con e-child\" data-id=\"334e5ec\" data-element_type=\"container\" data-e-type=\"container\">\n\t\t\t\t<div class=\"elementor-element elementor-element-216878e elementor-mobile-align-center elementor-tablet-align-center elementor-widget elementor-widget-button\" data-id=\"216878e\" data-element_type=\"widget\" data-e-type=\"widget\" data-widget_type=\"button.default\">\n\t\t\t\t<div class=\"elementor-widget-container\">\n\t\t\t\t\t\t\t\t\t<div class=\"elementor-button-wrapper\">\n\t\t\t\t\t<a class=\"elementor-button elementor-size-sm\" role=\"button\">\n\t\t\t\t\t\t<span class=\"elementor-button-content-wrapper\">\n\t\t\t\t\t\t\t\t\t<span class=\"elementor-button-text\">Talang f\u00f6r d\u00f6rr-till-d\u00f6rr-f\u00f6rs\u00e4ljning<\/span>\n\t\t\t\t\t<\/span>\n\t\t\t\t\t<\/a>\n\t\t\t\t<\/div>\n\t\t\t\t\t\t\t\t<\/div>\n\t\t\t\t<\/div>\n\t\t\t\t<\/div>\n\t\t<div class=\"elementor-element elementor-element-7993ecc e-con-full e-flex e-con e-child\" data-id=\"7993ecc\" data-element_type=\"container\" data-e-type=\"container\">\n\t\t\t\t<div class=\"elementor-element elementor-element-3e6bbdf elementor-mobile-align-center elementor-tablet-align-center elementor-widget elementor-widget-button\" data-id=\"3e6bbdf\" data-element_type=\"widget\" data-e-type=\"widget\" data-widget_type=\"button.default\">\n\t\t\t\t<div class=\"elementor-widget-container\">\n\t\t\t\t\t\t\t\t\t<div class=\"elementor-button-wrapper\">\n\t\t\t\t\t<a class=\"elementor-button elementor-size-sm\" role=\"button\">\n\t\t\t\t\t\t<span class=\"elementor-button-content-wrapper\">\n\t\t\t\t\t\t\t\t\t<span class=\"elementor-button-text\">Telefonf\u00f6rs\u00e4ljning<\/span>\n\t\t\t\t\t<\/span>\n\t\t\t\t\t<\/a>\n\t\t\t\t<\/div>\n\t\t\t\t\t\t\t\t<\/div>\n\t\t\t\t<\/div>\n\t\t\t\t<\/div>\n\t\t\t\t\t<\/div>\n\t\t\t\t<\/div>\n\t\t<div class=\"elementor-element elementor-element-07f3f8d e-flex e-con-boxed e-con e-parent\" data-id=\"07f3f8d\" data-element_type=\"container\" data-e-type=\"container\">\n\t\t\t\t\t<div class=\"e-con-inner\">\n\t\t<div class=\"elementor-element elementor-element-7b2ce31 e-con-full e-flex e-con e-child\" data-id=\"7b2ce31\" data-element_type=\"container\" data-e-type=\"container\">\n\t\t\t\t<div class=\"elementor-element elementor-element-c66e08b elementor-widget elementor-widget-heading\" data-id=\"c66e08b\" data-element_type=\"widget\" data-e-type=\"widget\" data-widget_type=\"heading.default\">\n\t\t\t\t<div class=\"elementor-widget-container\">\n\t\t\t\t\t<h2 class=\"elementor-heading-title elementor-size-default\">Letar efter unga s\u00e4ljtalanger p\u00e5 telefon 100% med lyxprovisioner\n<\/h2>\t\t\t\t<\/div>\n\t\t\t\t<\/div>\n\t\t\t\t<div class=\"elementor-element elementor-element-20876f8 elementor-widget__width-initial elementor-widget elementor-widget-text-editor\" data-id=\"20876f8\" data-element_type=\"widget\" data-e-type=\"widget\" data-widget_type=\"text-editor.default\">\n\t\t\t\t<div class=\"elementor-widget-container\">\n\t\t\t\t\t\t\t\t\t<h5>Schweiziska marknaden &amp; Tyska marknaden | P\u00e5 plats | Provisionsmodell<\/h5>\t\t\t\t\t\t\t\t<\/div>\n\t\t\t\t<\/div>\n\t\t\t\t<div class=\"elementor-element elementor-element-3c35bde elementor-widget__width-initial elementor-widget elementor-widget-text-editor\" data-id=\"3c35bde\" data-element_type=\"widget\" data-e-type=\"widget\" data-widget_type=\"text-editor.default\">\n\t\t\t\t<div class=\"elementor-widget-container\">\n\t\t\t\t\t\t\t\t\t<p><b>Om oss:<\/b><\/p><p>Vi \u00e4r ett av de ledande f\u00f6retagen inom sektorn f\u00f6r hygienprodukter i Schweiz. Som en av de st\u00f6rsta distribut\u00f6rerna av toalettpapper f\u00f6rser vi f\u00f6retags- och privatkunder med h\u00f6gkvalitativa produkter. V\u00e5rt fokus ligger p\u00e5 tillv\u00e4xt, tydliga f\u00f6rs\u00e4ljningsstrukturer och prestationsorienterad ers\u00e4ttning.  <\/p>\t\t\t\t\t\t\t\t<\/div>\n\t\t\t\t<\/div>\n\t\t\t\t<div class=\"elementor-element elementor-element-616fac5 elementor-widget__width-initial elementor-widget elementor-widget-text-editor\" data-id=\"616fac5\" data-element_type=\"widget\" data-e-type=\"widget\" data-widget_type=\"text-editor.default\">\n\t\t\t\t<div class=\"elementor-widget-container\">\n\t\t\t\t\t\t\t\t\t<h5>Viktigt i f\u00f6rv\u00e4g &#8211; spr\u00e5k &amp; till\u00e4mpningsomr\u00e5de<\/h5>\t\t\t\t\t\t\t\t<\/div>\n\t\t\t\t<\/div>\n\t\t\t\t<div class=\"elementor-element elementor-element-adfcf49 elementor-widget__width-initial elementor-widget elementor-widget-text-editor\" data-id=\"adfcf49\" data-element_type=\"widget\" data-e-type=\"widget\" data-widget_type=\"text-editor.default\">\n\t\t\t\t<div class=\"elementor-widget-container\">\n\t\t\t\t\t\t\t\t\t<p><strong>Schweiziska marknaden<\/strong><\/p><ul><li>Endast personer med <strong>perfekt schweizertyska<\/strong><\/li><li>Telefonf\u00f6rs\u00e4ljning till schweiziska kunder<\/li><li>Fast l\u00f6n + provision<\/li><li>Arbetsplats: Olten-kontoret<br>Inget hemmakontor<\/li><\/ul>\t\t\t\t\t\t\t\t<\/div>\n\t\t\t\t<\/div>\n\t\t\t\t<div class=\"elementor-element elementor-element-82d617f elementor-widget__width-initial elementor-widget elementor-widget-text-editor\" data-id=\"82d617f\" data-element_type=\"widget\" data-e-type=\"widget\" data-widget_type=\"text-editor.default\">\n\t\t\t\t<div class=\"elementor-widget-container\">\n\t\t\t\t\t\t\t\t\t<p><strong>Den tyska marknaden<\/strong><\/p><ul><li>Endast personer med <strong>perfekt h\u00f6gtyska<\/strong><\/li><li>Telefonf\u00f6rs\u00e4ljning till tyska kunder<\/li><li>Rent provisionsjobb<\/li><li>Ingen fast l\u00f6n<\/li><\/ul>\t\t\t\t\t\t\t\t<\/div>\n\t\t\t\t<\/div>\n\t\t\t\t<div class=\"elementor-element elementor-element-548571c elementor-widget__width-initial elementor-widget elementor-widget-text-editor\" data-id=\"548571c\" data-element_type=\"widget\" data-e-type=\"widget\" data-widget_type=\"text-editor.default\">\n\t\t\t\t<div class=\"elementor-widget-container\">\n\t\t\t\t\t\t\t\t\t<h5>Modeller f\u00f6r arbete och syssels\u00e4ttning<\/h5>\t\t\t\t\t\t\t\t<\/div>\n\t\t\t\t<\/div>\n\t\t\t\t<div class=\"elementor-element elementor-element-26628c6 elementor-widget__width-initial elementor-widget elementor-widget-text-editor\" data-id=\"26628c6\" data-element_type=\"widget\" data-e-type=\"widget\" data-widget_type=\"text-editor.default\">\n\t\t\t\t<div class=\"elementor-widget-container\">\n\t\t\t\t\t\t\t\t\t<p><strong>Den tyska marknaden<\/strong><\/p><p><em>Alternativ 1: Arbetskraft fr\u00e5n Schweiz<\/em><\/p><ul><li>Telefonf\u00f6rs\u00e4ljning till tyska kunder<\/li><li>Anst\u00e4llning i Schweiz m\u00f6jlig<\/li><li>Arbete p\u00e5 plats (inget hemmakontor)<\/li><\/ul>\t\t\t\t\t\t\t\t<\/div>\n\t\t\t\t<\/div>\n\t\t\t\t<div class=\"elementor-element elementor-element-c8d430b elementor-widget__width-initial elementor-widget elementor-widget-text-editor\" data-id=\"c8d430b\" data-element_type=\"widget\" data-e-type=\"widget\" data-widget_type=\"text-editor.default\">\n\t\t\t\t<div class=\"elementor-widget-container\">\n\t\t\t\t\t\t\t\t\t<p><em>Variant 2: Arbetskraft fr\u00e5n Tyskland<\/em><\/p><ul><li>Arbete p\u00e5 plats i Herten eller hemmakontor m\u00f6jligt<\/li><li>Ingen anst\u00e4llning m\u00f6jlig i Tyskland<\/li><li>Samarbete endast med egenf\u00f6retagare<\/li><li>Eget f\u00f6retag eller<\/li><li>Officiell registrering av egenf\u00f6retagare\/f\u00f6retag obligatorisk<\/li><\/ul>\t\t\t\t\t\t\t\t<\/div>\n\t\t\t\t<\/div>\n\t\t\t\t<div class=\"elementor-element elementor-element-8f6bb31 elementor-widget__width-initial elementor-widget elementor-widget-text-editor\" data-id=\"8f6bb31\" data-element_type=\"widget\" data-e-type=\"widget\" data-widget_type=\"text-editor.default\">\n\t\t\t\t<div class=\"elementor-widget-container\">\n\t\t\t\t\t\t\t\t\t<p><strong>Dina arbetsuppgifter:<\/strong><\/p><ul><li>Telefonf\u00f6rs\u00e4ljning av v\u00e5ra hygienprodukter<\/li><li>Aktivt kundbem\u00f6tande och s\u00e4ljinriktning<\/li><li>Professionell r\u00e5dgivning f\u00f6r f\u00f6retagskunder<\/li><li>Aktivt bidrag till f\u00f6retagets tillv\u00e4xt<\/li><\/ul>\t\t\t\t\t\t\t\t<\/div>\n\t\t\t\t<\/div>\n\t\t\t\t<div class=\"elementor-element elementor-element-5abe4f7 elementor-widget__width-initial elementor-widget elementor-widget-text-editor\" data-id=\"5abe4f7\" data-element_type=\"widget\" data-e-type=\"widget\" data-widget_type=\"text-editor.default\">\n\t\t\t\t<div class=\"elementor-widget-container\">\n\t\t\t\t\t\t\t\t\t<p><strong>Det h\u00e4r \u00e4r vad vi erbjuder:<\/strong><\/p><ul><li>Mycket h\u00f6g intj\u00e4ningspotential tack vare attraktiva provisioner<\/li><li>Fast l\u00f6n endast f\u00f6r den schweiziska marknaden<\/li><li>Renodlat provisionsjobb p\u00e5 den tyska marknaden<\/li><li>Strukturerad introduktion och utbildning<\/li><li>Modern arbetsplats i Olten eller Herten<\/li><li>L\u00e5ngsiktigt perspektiv i ett v\u00e4xande f\u00f6retag<\/li><li>Tydliga f\u00f6rs\u00e4ljningsprocesser<\/li><\/ul>\t\t\t\t\t\t\t\t<\/div>\n\t\t\t\t<\/div>\n\t\t\t\t<div class=\"elementor-element elementor-element-3ec3735 elementor-widget__width-initial elementor-widget elementor-widget-text-editor\" data-id=\"3ec3735\" data-element_type=\"widget\" data-e-type=\"widget\" data-widget_type=\"text-editor.default\">\n\t\t\t\t<div class=\"elementor-widget-container\">\n\t\t\t\t\t\t\t\t\t<p><strong>Vad du tar med dig:<\/strong><\/p><ul><li>Perfekt schweizertyska eller perfekt h\u00f6gtyska (beroende p\u00e5 marknad)<\/li><li>Tycka om telefonf\u00f6rs\u00e4ljning<\/li><li>St\u00e4ngningsstyrka och vilja att prestera<\/li><li>P\u00e5litlighet och initiativf\u00f6rm\u00e5ga<\/li><li>Motivation f\u00f6r prestationsrelaterade l\u00f6ner<\/li><\/ul>\t\t\t\t\t\t\t\t<\/div>\n\t\t\t\t<\/div>\n\t\t\t\t<div class=\"elementor-element elementor-element-6e75c1d elementor-widget__width-initial elementor-widget elementor-widget-text-editor\" data-id=\"6e75c1d\" data-element_type=\"widget\" data-e-type=\"widget\" data-widget_type=\"text-editor.default\">\n\t\t\t\t<div class=\"elementor-widget-container\">\n\t\t\t\t\t\t\t\t\t<p><strong>Intresserad?<\/strong><\/p><p>D\u00e5 ser vi fram emot att f\u00e5 h\u00f6ra fr\u00e5n dig, uteslutande per telefon.<\/p><p>Mr Thommen<br>+41 58 502 23 43<br>M\u00e5ndag till fredag<br>08:00-12:00<br>13:30-17:00<\/p><p><strong>Inga e-postmeddelanden tack &#8211; inledande kontakt endast via telefon.<\/strong><\/p>\t\t\t\t\t\t\t\t<\/div>\n\t\t\t\t<\/div>\n\t\t\t\t<\/div>\n\t\t<div class=\"elementor-element elementor-element-75318fc e-con-full e-flex e-con e-child\" data-id=\"75318fc\" data-element_type=\"container\" data-e-type=\"container\" data-settings=\"{&quot;background_background&quot;:&quot;classic&quot;}\">\n\t\t\t\t<div class=\"elementor-element elementor-element-3fdde5a elementor-widget elementor-widget-image\" data-id=\"3fdde5a\" data-element_type=\"widget\" data-e-type=\"widget\" data-widget_type=\"image.default\">\n\t\t\t\t<div class=\"elementor-widget-container\">\n\t\t\t\t\t\t\t\t\t\t\t\t\t\t\t<img fetchpriority=\"high\" decoding=\"async\" width=\"800\" height=\"800\" src=\"https:\/\/roosa.biz\/wp-content\/uploads\/2023\/10\/ROOSA-FINAL.svg\" class=\"attachment-large size-large wp-image-1341\" alt=\"\" \/>\t\t\t\t\t\t\t\t\t\t\t\t\t\t\t<\/div>\n\t\t\t\t<\/div>\n\t\t\t\t<div class=\"elementor-element elementor-element-c63d271 elementor-widget elementor-widget-image\" data-id=\"c63d271\" data-element_type=\"widget\" data-e-type=\"widget\" data-widget_type=\"image.default\">\n\t\t\t\t<div class=\"elementor-widget-container\">\n\t\t\t\t\t\t\t\t\t\t\t\t\t\t\t<img decoding=\"async\" width=\"800\" height=\"371\" src=\"https:\/\/roosa.biz\/wp-content\/uploads\/2025\/04\/new-mockup-2024-4-1024x475.png\" class=\"attachment-large size-large wp-image-1537\" alt=\"\" srcset=\"https:\/\/roosa.biz\/wp-content\/uploads\/2025\/04\/new-mockup-2024-4-1024x475.png 1024w, https:\/\/roosa.biz\/wp-content\/uploads\/2025\/04\/new-mockup-2024-4-300x139.png 300w, https:\/\/roosa.biz\/wp-content\/uploads\/2025\/04\/new-mockup-2024-4-768x356.png 768w, https:\/\/roosa.biz\/wp-content\/uploads\/2025\/04\/new-mockup-2024-4-1536x712.png 1536w, https:\/\/roosa.biz\/wp-content\/uploads\/2025\/04\/new-mockup-2024-4-2048x950.png 2048w\" sizes=\"(max-width: 800px) 100vw, 800px\" \/>\t\t\t\t\t\t\t\t\t\t\t\t\t\t\t<\/div>\n\t\t\t\t<\/div>\n\t\t\t\t<\/div>\n\t\t\t\t\t<\/div>\n\t\t\t\t<\/div>\n\t\t\t\t<\/div>\n\t\t","protected":false},"excerpt":{"rendered":"<p>\u00d6ppna positioner f\u00f6r n\u00e4rvarande \u00f6ppna positioner: Talang f\u00f6r d\u00f6rr-till-d\u00f6rr-f\u00f6rs\u00e4ljning Telefonf\u00f6rs\u00e4ljning Letar efter unga s\u00e4ljtalanger p\u00e5 telefon 100% med lyxprovisioner Schweiziska marknaden &amp; Tyska marknaden | P\u00e5 plats | Provisionsmodell Om oss: Vi \u00e4r ett av de ledande f\u00f6retagen inom sektorn f\u00f6r hygienprodukter i Schweiz. Som en av de st\u00f6rsta distribut\u00f6rerna av toalettpapper f\u00f6rser vi f\u00f6retags- [&hellip;]<\/p>\n","protected":false},"author":2,"featured_media":0,"parent":0,"menu_order":0,"comment_status":"closed","ping_status":"closed","template":"elementor_header_footer","meta":{"footnotes":""},"class_list":["post-2241","page","type-page","status-publish","hentry"],"_links":{"self":[{"href":"https:\/\/roosa.biz\/sv\/wp-json\/wp\/v2\/pages\/2241","targetHints":{"allow":["GET"]}}],"collection":[{"href":"https:\/\/roosa.biz\/sv\/wp-json\/wp\/v2\/pages"}],"about":[{"href":"https:\/\/roosa.biz\/sv\/wp-json\/wp\/v2\/types\/page"}],"author":[{"embeddable":true,"href":"https:\/\/roosa.biz\/sv\/wp-json\/wp\/v2\/users\/2"}],"replies":[{"embeddable":true,"href":"https:\/\/roosa.biz\/sv\/wp-json\/wp\/v2\/comments?post=2241"}],"version-history":[{"count":7,"href":"https:\/\/roosa.biz\/sv\/wp-json\/wp\/v2\/pages\/2241\/revisions"}],"predecessor-version":[{"id":2362,"href":"https:\/\/roosa.biz\/sv\/wp-json\/wp\/v2\/pages\/2241\/revisions\/2362"}],"wp:attachment":[{"href":"https:\/\/roosa.biz\/sv\/wp-json\/wp\/v2\/media?parent=2241"}],"curies":[{"name":"wp","href":"https:\/\/api.w.org\/{rel}","templated":true}]}}