{"id":2212,"date":"2026-02-07T09:26:26","date_gmt":"2026-02-07T09:26:26","guid":{"rendered":"https:\/\/roosa.biz\/doerr-till-doerr-foersaeljare\/"},"modified":"2026-02-07T09:54:07","modified_gmt":"2026-02-07T09:54:07","slug":"doerr-till-doerr-foersaeljare","status":"publish","type":"page","link":"https:\/\/roosa.biz\/sv\/doerr-till-doerr-foersaeljare\/","title":{"rendered":"D\u00f6rr till d\u00f6rr-f\u00f6rs\u00e4ljare"},"content":{"rendered":"\t\t<div data-elementor-type=\"wp-page\" data-elementor-id=\"2212\" class=\"elementor elementor-2212 elementor-2195\" data-elementor-post-type=\"page\">\n\t\t\t\t<div class=\"elementor-element elementor-element-8d19e7e e-flex e-con-boxed e-con e-parent\" data-id=\"8d19e7e\" data-element_type=\"container\" data-e-type=\"container\" data-settings=\"{&quot;background_background&quot;:&quot;classic&quot;}\">\n\t\t\t\t\t<div class=\"e-con-inner\">\n\t\t\t\t<div class=\"elementor-element elementor-element-e67434b elementor-widget__width-initial elementor-widget elementor-widget-heading\" data-id=\"e67434b\" data-element_type=\"widget\" data-e-type=\"widget\" data-widget_type=\"heading.default\">\n\t\t\t\t<div class=\"elementor-widget-container\">\n\t\t\t\t\t<h2 class=\"elementor-heading-title elementor-size-default\">\u00d6ppna positioner<\/h2>\t\t\t\t<\/div>\n\t\t\t\t<\/div>\n\t\t\t\t\t<\/div>\n\t\t\t\t<\/div>\n\t\t<div class=\"elementor-element elementor-element-e271a82 elementor-hidden-desktop elementor-hidden-tablet elementor-hidden-mobile e-flex e-con-boxed e-con e-parent\" data-id=\"e271a82\" data-element_type=\"container\" data-e-type=\"container\">\n\t\t\t\t\t<div class=\"e-con-inner\">\n\t\t<div class=\"elementor-element elementor-element-a77544c e-con-full e-flex e-con e-child\" data-id=\"a77544c\" data-element_type=\"container\" data-e-type=\"container\">\n\t\t\t\t<div class=\"elementor-element elementor-element-75820fb elementor-widget__width-initial elementor-widget elementor-widget-text-editor\" data-id=\"75820fb\" data-element_type=\"widget\" data-e-type=\"widget\" data-widget_type=\"text-editor.default\">\n\t\t\t\t<div class=\"elementor-widget-container\">\n\t\t\t\t\t\t\t\t\t<p><strong>f\u00f6r n\u00e4rvarande \u00f6ppna positioner:<\/strong><\/p>\t\t\t\t\t\t\t\t<\/div>\n\t\t\t\t<\/div>\n\t\t\t\t<\/div>\n\t\t<div class=\"elementor-element elementor-element-334e5ec e-con-full e-flex e-con e-child\" data-id=\"334e5ec\" data-element_type=\"container\" data-e-type=\"container\">\n\t\t\t\t<div class=\"elementor-element elementor-element-216878e elementor-mobile-align-center elementor-tablet-align-center elementor-widget elementor-widget-button\" data-id=\"216878e\" data-element_type=\"widget\" data-e-type=\"widget\" data-widget_type=\"button.default\">\n\t\t\t\t<div class=\"elementor-widget-container\">\n\t\t\t\t\t\t\t\t\t<div class=\"elementor-button-wrapper\">\n\t\t\t\t\t<a class=\"elementor-button elementor-size-sm\" role=\"button\">\n\t\t\t\t\t\t<span class=\"elementor-button-content-wrapper\">\n\t\t\t\t\t\t\t\t\t<span class=\"elementor-button-text\">Talang f\u00f6r d\u00f6rr-till-d\u00f6rr-f\u00f6rs\u00e4ljning<\/span>\n\t\t\t\t\t<\/span>\n\t\t\t\t\t<\/a>\n\t\t\t\t<\/div>\n\t\t\t\t\t\t\t\t<\/div>\n\t\t\t\t<\/div>\n\t\t\t\t<\/div>\n\t\t<div class=\"elementor-element elementor-element-7993ecc e-con-full e-flex e-con e-child\" data-id=\"7993ecc\" data-element_type=\"container\" data-e-type=\"container\">\n\t\t\t\t<div class=\"elementor-element elementor-element-3e6bbdf elementor-mobile-align-center elementor-tablet-align-center elementor-widget elementor-widget-button\" data-id=\"3e6bbdf\" data-element_type=\"widget\" data-e-type=\"widget\" data-widget_type=\"button.default\">\n\t\t\t\t<div class=\"elementor-widget-container\">\n\t\t\t\t\t\t\t\t\t<div class=\"elementor-button-wrapper\">\n\t\t\t\t\t<a class=\"elementor-button elementor-size-sm\" role=\"button\">\n\t\t\t\t\t\t<span class=\"elementor-button-content-wrapper\">\n\t\t\t\t\t\t\t\t\t<span class=\"elementor-button-text\">Telefonf\u00f6rs\u00e4ljning<\/span>\n\t\t\t\t\t<\/span>\n\t\t\t\t\t<\/a>\n\t\t\t\t<\/div>\n\t\t\t\t\t\t\t\t<\/div>\n\t\t\t\t<\/div>\n\t\t\t\t<\/div>\n\t\t\t\t\t<\/div>\n\t\t\t\t<\/div>\n\t\t<div class=\"elementor-element elementor-element-07f3f8d e-flex e-con-boxed e-con e-parent\" data-id=\"07f3f8d\" data-element_type=\"container\" data-e-type=\"container\">\n\t\t\t\t\t<div class=\"e-con-inner\">\n\t\t<div class=\"elementor-element elementor-element-7b2ce31 e-con-full e-flex e-con e-child\" data-id=\"7b2ce31\" data-element_type=\"container\" data-e-type=\"container\">\n\t\t\t\t<div class=\"elementor-element elementor-element-4de4246 elementor-widget elementor-widget-heading\" data-id=\"4de4246\" data-element_type=\"widget\" data-e-type=\"widget\" data-widget_type=\"heading.default\">\n\t\t\t\t<div class=\"elementor-widget-container\">\n\t\t\t\t\t<h2 class=\"elementor-heading-title elementor-size-default\">S\u00e4ljtalanger s\u00f6kes f\u00f6r d\u00f6rr-till-d\u00f6rr-f\u00f6rs\u00e4ljning<\/h2>\t\t\t\t<\/div>\n\t\t\t\t<\/div>\n\t\t\t\t<div class=\"elementor-element elementor-element-7106948 elementor-widget__width-initial elementor-widget elementor-widget-text-editor\" data-id=\"7106948\" data-element_type=\"widget\" data-e-type=\"widget\" data-widget_type=\"text-editor.default\">\n\t\t\t\t<div class=\"elementor-widget-container\">\n\t\t\t\t\t\t\t\t\t<h5>100% eller flexibelt | Endast provisionsbaserad anst\u00e4llning | Tysktalande och fransktalande Schweiz<\/h5>\t\t\t\t\t\t\t\t<\/div>\n\t\t\t\t<\/div>\n\t\t\t\t<div class=\"elementor-element elementor-element-b474cef elementor-widget__width-initial elementor-widget elementor-widget-text-editor\" data-id=\"b474cef\" data-element_type=\"widget\" data-e-type=\"widget\" data-widget_type=\"text-editor.default\">\n\t\t\t\t<div class=\"elementor-widget-container\">\n\t\t\t\t\t\t\t\t\t<p>Vi s\u00f6ker motiverade, sj\u00e4lvst\u00e4ndiga personligheter f\u00f6r d\u00f6rr-till-d\u00f6rr-f\u00f6rs\u00e4ljning av toalettpapper. Oavsett om det \u00e4r heltid eller flexibelt &#8211; vi har tv\u00e5 tydliga modeller, beroende p\u00e5 din livssituation och entrepren\u00f6rsanda. <\/p>\t\t\t\t\t\t\t\t<\/div>\n\t\t\t\t<\/div>\n\t\t\t\t<div class=\"elementor-element elementor-element-857a557 elementor-widget__width-initial elementor-widget elementor-widget-text-editor\" data-id=\"857a557\" data-element_type=\"widget\" data-e-type=\"widget\" data-widget_type=\"text-editor.default\">\n\t\t\t\t<div class=\"elementor-widget-container\">\n\t\t\t\t\t\t\t\t\t<p><strong>Viktigt:<\/strong><\/p><ul><li>Perfekt schweizertyska (tyskspr\u00e5kiga Schweiz)<\/li><li>Eller perfekt franska (fransktalande Schweiz)<\/li><\/ul><p> <\/p><p>Andra spr\u00e5kkunskaper \u00e4r inte tillr\u00e4ckliga.<\/p>\t\t\t\t\t\t\t\t<\/div>\n\t\t\t\t<\/div>\n\t\t\t\t<div class=\"elementor-element elementor-element-fb5a9b3 elementor-widget__width-initial elementor-widget elementor-widget-text-editor\" data-id=\"fb5a9b3\" data-element_type=\"widget\" data-e-type=\"widget\" data-widget_type=\"text-editor.default\">\n\t\t\t\t<div class=\"elementor-widget-container\">\n\t\t\t\t\t\t\t\t\t<h5>Tv\u00e5 aff\u00e4rsmodeller &#8211; du v\u00e4ljer den som passar dig b\u00e4st<\/h5>\t\t\t\t\t\t\t\t<\/div>\n\t\t\t\t<\/div>\n\t\t\t\t<div class=\"elementor-element elementor-element-9c7dbad elementor-widget__width-initial elementor-widget elementor-widget-text-editor\" data-id=\"9c7dbad\" data-element_type=\"widget\" data-e-type=\"widget\" data-widget_type=\"text-editor.default\">\n\t\t\t\t<div class=\"elementor-widget-container\">\n\t\t\t\t\t\t\t\t\t<p><strong>Modell 1: F\u00f6rs\u00e4ljning fr\u00e5n d\u00f6rr till d\u00f6rr med f\u00f6retagets fordon (100%)<\/strong><\/p>\t\t\t\t\t\t\t\t<\/div>\n\t\t\t\t<\/div>\n\t\t\t\t<div class=\"elementor-element elementor-element-2a56c1c elementor-widget__width-initial elementor-widget elementor-widget-text-editor\" data-id=\"2a56c1c\" data-element_type=\"widget\" data-e-type=\"widget\" data-widget_type=\"text-editor.default\">\n\t\t\t\t<div class=\"elementor-widget-container\">\n\t\t\t\t\t\t\t\t\t<p>Denna modell v\u00e4nder sig till personer som vill arbeta heltid (100%).<\/p><p><strong>Allm\u00e4nna villkor:<\/strong><\/p><ul><li>F\u00f6retagets fordon tillhandah\u00e5lls av oss<\/li><li>Inget behov av ett eget lager<\/li><li>Rent provisionsjobb utan fast l\u00f6n<\/li><li>100% arbetsbelastning obligatorisk<\/li><\/ul><p> <\/p><p><strong>Kommissionen;<\/strong><\/p><ul><li>CHF 20 per s\u00e5ld p\u00e5se<\/li><li>Provision fr\u00e5n den 3:e p\u00e5sen som s\u00e4ljs per dag<\/li><\/ul>\t\t\t\t\t\t\t\t<\/div>\n\t\t\t\t<\/div>\n\t\t\t\t<div class=\"elementor-element elementor-element-0fa8ae7 elementor-widget__width-initial elementor-widget elementor-widget-text-editor\" data-id=\"0fa8ae7\" data-element_type=\"widget\" data-e-type=\"widget\" data-widget_type=\"text-editor.default\">\n\t\t\t\t<div class=\"elementor-widget-container\">\n\t\t\t\t\t\t\t\t\t<p><strong>Modell 2: D\u00f6rrf\u00f6rs\u00e4ljning fr\u00e5n hemmet (flexibel)<\/strong><\/p>\t\t\t\t\t\t\t\t<\/div>\n\t\t\t\t<\/div>\n\t\t\t\t<div class=\"elementor-element elementor-element-8ecb753 elementor-widget__width-initial elementor-widget elementor-widget-text-editor\" data-id=\"8ecb753\" data-element_type=\"widget\" data-e-type=\"widget\" data-widget_type=\"text-editor.default\">\n\t\t\t\t<div class=\"elementor-widget-container\">\n\t\t\t\t\t\t\t\t\t<p>Denna modell \u00e4r idealisk f\u00f6r sj\u00e4lvst\u00e4ndiga, flexibla s\u00e4ljare.<\/p><p><strong>Allm\u00e4nna villkor:<\/strong><\/p><ul><li>Eget fordon<\/li><li>Liten lagerlokal i hemmet (plats f\u00f6r ca 4 pallar)<\/li><li>Flexibla arbetstider (deltid \u00e4r ocks\u00e5 m\u00f6jligt)<\/li><li>Rent provisionsjobb utan fast l\u00f6n<\/li><\/ul><p>   <\/p><p><strong>Kommissionen:<\/strong><\/p><ul><li>CHF 20 per s\u00e5ld p\u00e5se<\/li><li>Provision fr\u00e5n den f\u00f6rsta p\u00e5sen<\/li><\/ul><p>  <\/p>\t\t\t\t\t\t\t\t<\/div>\n\t\t\t\t<\/div>\n\t\t\t\t<div class=\"elementor-element elementor-element-0e99ca2 elementor-widget__width-initial elementor-widget elementor-widget-text-editor\" data-id=\"0e99ca2\" data-element_type=\"widget\" data-e-type=\"widget\" data-widget_type=\"text-editor.default\">\n\t\t\t\t<div class=\"elementor-widget-container\">\n\t\t\t\t\t\t\t\t\t<p><strong>Dina arbetsuppgifter:<\/strong><\/p><ul><li>D\u00f6rr-till-d\u00f6rr-f\u00f6rs\u00e4ljning av toalettpapper i det tilldelade omr\u00e5det<\/li><li>Direkt kundkontakt och r\u00e5dgivning<\/li><li>Sj\u00e4lvst\u00e4ndig organisation av din dagliga arbetsrutin<\/li><li>Seri\u00f6st och v\u00e4nligt upptr\u00e4dande gentemot kunder<\/li><\/ul><p>   <\/p><p><strong>Vad du tar med dig:<\/strong><\/p><ul><li>Perfekt schweizertyska eller perfekt franska<\/li><li>Njut av direkt kundkontakt<\/li><li>P\u00e5litlighet, initiativf\u00f6rm\u00e5ga och uth\u00e5llighet<\/li><li>K\u00f6rkort f\u00f6r kategori B<\/li><li>Motivation f\u00f6r prestationsrelaterade l\u00f6ner<\/li><\/ul><p>    <\/p><p><strong>Det h\u00e4r \u00e4r vad vi erbjuder:<\/strong><\/p><ul><li>Tydliga och transparenta kommissionsregler<\/li><li>Mycket h\u00f6g intj\u00e4ningspotential med goda prestationer<\/li><li>Grundlig introduktion<\/li><li>L\u00e5ngsiktigt samarbete m\u00f6jligt<\/li><li>Sj\u00e4lvst\u00e4ndigt arbete med stor frihet<\/li><\/ul><p>    <\/p>\t\t\t\t\t\t\t\t<\/div>\n\t\t\t\t<\/div>\n\t\t\t\t<div class=\"elementor-element elementor-element-6e75c1d elementor-widget__width-initial elementor-widget elementor-widget-text-editor\" data-id=\"6e75c1d\" data-element_type=\"widget\" data-e-type=\"widget\" data-widget_type=\"text-editor.default\">\n\t\t\t\t<div class=\"elementor-widget-container\">\n\t\t\t\t\t\t\t\t\t<p><strong>Intresserad?<\/strong><\/p><p>D\u00e5 ser vi fram emot att f\u00e5 h\u00f6ra fr\u00e5n dig, uteslutande per telefon.<\/p><p>Mr Thommen<br>+41 58 502 23 43<br>M\u00e5ndag till fredag<br>08:00-12:00<br>13:30-17:00<\/p><p><strong>Inga e-postmeddelanden tack &#8211; inledande kontakt endast via telefon.<\/strong><\/p>\t\t\t\t\t\t\t\t<\/div>\n\t\t\t\t<\/div>\n\t\t\t\t<\/div>\n\t\t<div class=\"elementor-element elementor-element-75318fc e-con-full e-flex e-con e-child\" data-id=\"75318fc\" data-element_type=\"container\" data-e-type=\"container\" data-settings=\"{&quot;background_background&quot;:&quot;classic&quot;}\">\n\t\t\t\t<div class=\"elementor-element elementor-element-3fdde5a elementor-widget elementor-widget-image\" data-id=\"3fdde5a\" data-element_type=\"widget\" data-e-type=\"widget\" data-widget_type=\"image.default\">\n\t\t\t\t<div class=\"elementor-widget-container\">\n\t\t\t\t\t\t\t\t\t\t\t\t\t\t\t<img fetchpriority=\"high\" decoding=\"async\" width=\"800\" height=\"800\" src=\"https:\/\/roosa.biz\/wp-content\/uploads\/2023\/10\/ROOSA-FINAL.svg\" class=\"attachment-large size-large wp-image-1341\" alt=\"\" \/>\t\t\t\t\t\t\t\t\t\t\t\t\t\t\t<\/div>\n\t\t\t\t<\/div>\n\t\t\t\t<div class=\"elementor-element elementor-element-c63d271 elementor-widget elementor-widget-image\" data-id=\"c63d271\" data-element_type=\"widget\" data-e-type=\"widget\" data-widget_type=\"image.default\">\n\t\t\t\t<div class=\"elementor-widget-container\">\n\t\t\t\t\t\t\t\t\t\t\t\t\t\t\t<img decoding=\"async\" width=\"800\" height=\"371\" src=\"https:\/\/roosa.biz\/wp-content\/uploads\/2025\/04\/new-mockup-2024-4-1024x475.png\" class=\"attachment-large size-large wp-image-1537\" alt=\"\" srcset=\"https:\/\/roosa.biz\/wp-content\/uploads\/2025\/04\/new-mockup-2024-4-1024x475.png 1024w, https:\/\/roosa.biz\/wp-content\/uploads\/2025\/04\/new-mockup-2024-4-300x139.png 300w, https:\/\/roosa.biz\/wp-content\/uploads\/2025\/04\/new-mockup-2024-4-768x356.png 768w, https:\/\/roosa.biz\/wp-content\/uploads\/2025\/04\/new-mockup-2024-4-1536x712.png 1536w, https:\/\/roosa.biz\/wp-content\/uploads\/2025\/04\/new-mockup-2024-4-2048x950.png 2048w\" sizes=\"(max-width: 800px) 100vw, 800px\" \/>\t\t\t\t\t\t\t\t\t\t\t\t\t\t\t<\/div>\n\t\t\t\t<\/div>\n\t\t\t\t<\/div>\n\t\t\t\t\t<\/div>\n\t\t\t\t<\/div>\n\t\t\t\t<\/div>\n\t\t","protected":false},"excerpt":{"rendered":"<p>\u00d6ppna positioner f\u00f6r n\u00e4rvarande \u00f6ppna positioner: Talang f\u00f6r d\u00f6rr-till-d\u00f6rr-f\u00f6rs\u00e4ljning Telefonf\u00f6rs\u00e4ljning S\u00e4ljtalanger s\u00f6kes f\u00f6r d\u00f6rr-till-d\u00f6rr-f\u00f6rs\u00e4ljning 100% eller flexibelt | Endast provisionsbaserad anst\u00e4llning | Tysktalande och fransktalande Schweiz Vi s\u00f6ker motiverade, sj\u00e4lvst\u00e4ndiga personligheter f\u00f6r d\u00f6rr-till-d\u00f6rr-f\u00f6rs\u00e4ljning av toalettpapper. Oavsett om det \u00e4r heltid eller flexibelt &#8211; vi har tv\u00e5 tydliga modeller, beroende p\u00e5 din livssituation och entrepren\u00f6rsanda. Viktigt: [&hellip;]<\/p>\n","protected":false},"author":2,"featured_media":0,"parent":0,"menu_order":0,"comment_status":"closed","ping_status":"closed","template":"elementor_header_footer","meta":{"footnotes":""},"class_list":["post-2212","page","type-page","status-publish","hentry"],"_links":{"self":[{"href":"https:\/\/roosa.biz\/sv\/wp-json\/wp\/v2\/pages\/2212","targetHints":{"allow":["GET"]}}],"collection":[{"href":"https:\/\/roosa.biz\/sv\/wp-json\/wp\/v2\/pages"}],"about":[{"href":"https:\/\/roosa.biz\/sv\/wp-json\/wp\/v2\/types\/page"}],"author":[{"embeddable":true,"href":"https:\/\/roosa.biz\/sv\/wp-json\/wp\/v2\/users\/2"}],"replies":[{"embeddable":true,"href":"https:\/\/roosa.biz\/sv\/wp-json\/wp\/v2\/comments?post=2212"}],"version-history":[{"count":4,"href":"https:\/\/roosa.biz\/sv\/wp-json\/wp\/v2\/pages\/2212\/revisions"}],"predecessor-version":[{"id":2278,"href":"https:\/\/roosa.biz\/sv\/wp-json\/wp\/v2\/pages\/2212\/revisions\/2278"}],"wp:attachment":[{"href":"https:\/\/roosa.biz\/sv\/wp-json\/wp\/v2\/media?parent=2212"}],"curies":[{"name":"wp","href":"https:\/\/api.w.org\/{rel}","templated":true}]}}