{"id":1196,"date":"2023-10-06T08:31:01","date_gmt":"2023-10-06T08:31:01","guid":{"rendered":"https:\/\/roosa.biz\/avtryck\/"},"modified":"2026-03-11T08:57:21","modified_gmt":"2026-03-11T08:57:21","slug":"avtryck","status":"publish","type":"page","link":"https:\/\/roosa.biz\/sv\/avtryck\/","title":{"rendered":"Avtryck"},"content":{"rendered":"\t\t<div data-elementor-type=\"wp-page\" data-elementor-id=\"1196\" class=\"elementor elementor-1196 elementor-56\" data-elementor-post-type=\"page\">\n\t\t\t\t<div class=\"elementor-element elementor-element-2ad2148 e-flex e-con-boxed e-con e-parent\" data-id=\"2ad2148\" data-element_type=\"container\" data-e-type=\"container\">\n\t\t\t\t\t<div class=\"e-con-inner\">\n\t\t\t\t<div class=\"elementor-element elementor-element-888c99b elementor-widget elementor-widget-text-editor\" data-id=\"888c99b\" data-element_type=\"widget\" data-e-type=\"widget\" data-widget_type=\"text-editor.default\">\n\t\t\t\t<div class=\"elementor-widget-container\">\n\t\t\t\t\t\t\t\t\t<p><b>ROOSA\u00ae \u00e4r ett registrerat varum\u00e4rke som tillh\u00f6r ROOSA AG<\/b><\/p><p>Ansvarig enhet:<br>ROOSA AG<br>Kirschgartenstrasse 12<br>4051 Basel<br>Schweiz<br><strong>E-post<\/strong>: info@roosa.biz<\/p><p><strong>Beh\u00f6rig f\u00f6retr\u00e4dare<\/strong><br>Beat M\u00f6rker<\/p><p><strong>F\u00f6retagets namn<\/strong>: ROOSA AG<br><strong>Registreringsnummer<\/strong>: CHE-168.391.777<br><strong>Momsregistreringsnummer<\/strong>: CH-270-3016294-3<\/p><p><br><br>A<strong>nsvarsfriskrivning<\/strong> F\u00f6rfattaren tar inget ansvar f\u00f6r informationens korrekthet, noggrannhet, aktualitet, tillf\u00f6rlitlighet och fullst\u00e4ndighet. Ansvarskrav mot f\u00f6rfattaren f\u00f6r materiella eller immateriella skador till f\u00f6ljd av \u00e5tkomst till eller anv\u00e4ndning eller icke-anv\u00e4ndning av den publicerade informationen, missbruk av anslutningen eller tekniska fel \u00e4r uteslutna.<\/p><p>Alla erbjudanden kan komma att \u00e4ndras. F\u00f6rfattaren f\u00f6rbeh\u00e5ller sig uttryckligen r\u00e4tten att \u00e4ndra, komplettera eller ta bort delar av sidorna eller hela erbjudandet utan f\u00f6reg\u00e5ende meddelande eller att tillf\u00e4lligt eller permanent upph\u00f6ra med publiceringen. <\/p><p><strong>Ansvarsfriskrivning f\u00f6r inneh\u00e5ll och l\u00e4nkar<\/strong><br>H\u00e4nvisningar och l\u00e4nkar till tredje parts webbplatser ligger utanf\u00f6r v\u00e5rt ansvarsomr\u00e5de. Allt ansvar f\u00f6r s\u00e5dana webbplatser avvisas. Tillg\u00e5ng till och anv\u00e4ndning av s\u00e5dana webbplatser sker p\u00e5 anv\u00e4ndarens egen risk.  <\/p><p><br>U<strong>pphovsr\u00e4ttsdeklaration<\/strong> Upphovsr\u00e4tten och alla andra r\u00e4ttigheter till inneh\u00e5ll, bilder, foton eller andra filer p\u00e5 denna webbplats tillh\u00f6r uteslutande WC-Papier f\u00fcr ALLE.ch eller de specifikt angivna r\u00e4ttighetsinnehavarna. Skriftligt medgivande fr\u00e5n upphovsr\u00e4ttsinnehavaren m\u00e5ste inh\u00e4mtas i f\u00f6rv\u00e4g f\u00f6r reproduktion av alla delar. <\/p>\t\t\t\t\t\t\t\t<\/div>\n\t\t\t\t<\/div>\n\t\t\t\t\t<\/div>\n\t\t\t\t<\/div>\n\t\t\t\t<\/div>\n\t\t","protected":false},"excerpt":{"rendered":"<p>ROOSA\u00ae \u00e4r ett registrerat varum\u00e4rke som tillh\u00f6r ROOSA AG Ansvarig enhet:ROOSA AGKirschgartenstrasse 124051 BaselSchweizE-post: info@roosa.biz Beh\u00f6rig f\u00f6retr\u00e4dareBeat M\u00f6rker F\u00f6retagets namn: ROOSA AGRegistreringsnummer: CHE-168.391.777Momsregistreringsnummer: CH-270-3016294-3 Ansvarsfriskrivning F\u00f6rfattaren tar inget ansvar f\u00f6r informationens korrekthet, noggrannhet, aktualitet, tillf\u00f6rlitlighet och fullst\u00e4ndighet. Ansvarskrav mot f\u00f6rfattaren f\u00f6r materiella eller immateriella skador till f\u00f6ljd av \u00e5tkomst till eller anv\u00e4ndning eller icke-anv\u00e4ndning av [&hellip;]<\/p>\n","protected":false},"author":1,"featured_media":0,"parent":0,"menu_order":0,"comment_status":"closed","ping_status":"closed","template":"elementor_header_footer","meta":{"footnotes":""},"class_list":["post-1196","page","type-page","status-publish","hentry"],"_links":{"self":[{"href":"https:\/\/roosa.biz\/sv\/wp-json\/wp\/v2\/pages\/1196","targetHints":{"allow":["GET"]}}],"collection":[{"href":"https:\/\/roosa.biz\/sv\/wp-json\/wp\/v2\/pages"}],"about":[{"href":"https:\/\/roosa.biz\/sv\/wp-json\/wp\/v2\/types\/page"}],"author":[{"embeddable":true,"href":"https:\/\/roosa.biz\/sv\/wp-json\/wp\/v2\/users\/1"}],"replies":[{"embeddable":true,"href":"https:\/\/roosa.biz\/sv\/wp-json\/wp\/v2\/comments?post=1196"}],"version-history":[{"count":5,"href":"https:\/\/roosa.biz\/sv\/wp-json\/wp\/v2\/pages\/1196\/revisions"}],"predecessor-version":[{"id":2567,"href":"https:\/\/roosa.biz\/sv\/wp-json\/wp\/v2\/pages\/1196\/revisions\/2567"}],"wp:attachment":[{"href":"https:\/\/roosa.biz\/sv\/wp-json\/wp\/v2\/media?parent=1196"}],"curies":[{"name":"wp","href":"https:\/\/api.w.org\/{rel}","templated":true}]}}