{"id":1579,"date":"2025-07-03T13:23:57","date_gmt":"2025-07-03T13:23:57","guid":{"rendered":"https:\/\/roosa.biz\/vagas\/"},"modified":"2026-02-07T08:44:22","modified_gmt":"2026-02-07T08:44:22","slug":"vagas","status":"publish","type":"page","link":"https:\/\/roosa.biz\/pt-pt\/vagas\/","title":{"rendered":"Vagas"},"content":{"rendered":"\t\t<div data-elementor-type=\"wp-page\" data-elementor-id=\"1579\" class=\"elementor elementor-1579 elementor-1571\" data-elementor-post-type=\"page\">\n\t\t\t\t<div class=\"elementor-element elementor-element-8d19e7e e-flex e-con-boxed e-con e-parent\" data-id=\"8d19e7e\" data-element_type=\"container\" data-e-type=\"container\" data-settings=\"{&quot;background_background&quot;:&quot;classic&quot;}\">\n\t\t\t\t\t<div class=\"e-con-inner\">\n\t\t\t\t<div class=\"elementor-element elementor-element-e67434b elementor-widget__width-initial elementor-widget elementor-widget-heading\" data-id=\"e67434b\" data-element_type=\"widget\" data-e-type=\"widget\" data-widget_type=\"heading.default\">\n\t\t\t\t<div class=\"elementor-widget-container\">\n\t\t\t\t\t<h2 class=\"elementor-heading-title elementor-size-default\">Posi\u00e7\u00f5es em aberto<\/h2>\t\t\t\t<\/div>\n\t\t\t\t<\/div>\n\t\t\t\t\t<\/div>\n\t\t\t\t<\/div>\n\t\t<div class=\"elementor-element elementor-element-e271a82 elementor-hidden-desktop elementor-hidden-tablet elementor-hidden-mobile e-flex e-con-boxed e-con e-parent\" data-id=\"e271a82\" data-element_type=\"container\" data-e-type=\"container\">\n\t\t\t\t\t<div class=\"e-con-inner\">\n\t\t<div class=\"elementor-element elementor-element-a77544c e-con-full e-flex e-con e-child\" data-id=\"a77544c\" data-element_type=\"container\" data-e-type=\"container\">\n\t\t\t\t<div class=\"elementor-element elementor-element-75820fb elementor-widget__width-initial elementor-widget elementor-widget-text-editor\" data-id=\"75820fb\" data-element_type=\"widget\" data-e-type=\"widget\" data-widget_type=\"text-editor.default\">\n\t\t\t\t<div class=\"elementor-widget-container\">\n\t\t\t\t\t\t\t\t\t<p><strong>Atualmente, tem posi\u00e7\u00f5es em aberto:<\/strong><\/p>\t\t\t\t\t\t\t\t<\/div>\n\t\t\t\t<\/div>\n\t\t\t\t<\/div>\n\t\t<div class=\"elementor-element elementor-element-334e5ec e-con-full e-flex e-con e-child\" data-id=\"334e5ec\" data-element_type=\"container\" data-e-type=\"container\">\n\t\t\t\t<div class=\"elementor-element elementor-element-216878e elementor-mobile-align-center elementor-tablet-align-center elementor-widget elementor-widget-button\" data-id=\"216878e\" data-element_type=\"widget\" data-e-type=\"widget\" data-widget_type=\"button.default\">\n\t\t\t\t<div class=\"elementor-widget-container\">\n\t\t\t\t\t\t\t\t\t<div class=\"elementor-button-wrapper\">\n\t\t\t\t\t<a class=\"elementor-button elementor-size-sm\" role=\"button\">\n\t\t\t\t\t\t<span class=\"elementor-button-content-wrapper\">\n\t\t\t\t\t\t\t\t\t<span class=\"elementor-button-text\">Talento de vendas porta a porta<\/span>\n\t\t\t\t\t<\/span>\n\t\t\t\t\t<\/a>\n\t\t\t\t<\/div>\n\t\t\t\t\t\t\t\t<\/div>\n\t\t\t\t<\/div>\n\t\t\t\t<\/div>\n\t\t<div class=\"elementor-element elementor-element-7993ecc e-con-full e-flex e-con e-child\" data-id=\"7993ecc\" data-element_type=\"container\" data-e-type=\"container\">\n\t\t\t\t<div class=\"elementor-element elementor-element-3e6bbdf elementor-mobile-align-center elementor-tablet-align-center elementor-widget elementor-widget-button\" data-id=\"3e6bbdf\" data-element_type=\"widget\" data-e-type=\"widget\" data-widget_type=\"button.default\">\n\t\t\t\t<div class=\"elementor-widget-container\">\n\t\t\t\t\t\t\t\t\t<div class=\"elementor-button-wrapper\">\n\t\t\t\t\t<a class=\"elementor-button elementor-size-sm\" role=\"button\">\n\t\t\t\t\t\t<span class=\"elementor-button-content-wrapper\">\n\t\t\t\t\t\t\t\t\t<span class=\"elementor-button-text\">Vendas por telefone<\/span>\n\t\t\t\t\t<\/span>\n\t\t\t\t\t<\/a>\n\t\t\t\t<\/div>\n\t\t\t\t\t\t\t\t<\/div>\n\t\t\t\t<\/div>\n\t\t\t\t<\/div>\n\t\t\t\t\t<\/div>\n\t\t\t\t<\/div>\n\t\t<div class=\"elementor-element elementor-element-07f3f8d e-flex e-con-boxed e-con e-parent\" data-id=\"07f3f8d\" data-element_type=\"container\" data-e-type=\"container\">\n\t\t\t\t\t<div class=\"e-con-inner\">\n\t\t<div class=\"elementor-element elementor-element-7b2ce31 e-con-full e-flex e-con e-child\" data-id=\"7b2ce31\" data-element_type=\"container\" data-e-type=\"container\">\n\t\t\t\t<div class=\"elementor-element elementor-element-4de4246 elementor-widget elementor-widget-heading\" data-id=\"4de4246\" data-element_type=\"widget\" data-e-type=\"widget\" data-widget_type=\"heading.default\">\n\t\t\t\t<div class=\"elementor-widget-container\">\n\t\t\t\t\t<h2 class=\"elementor-heading-title elementor-size-default\">Procura-se talentos de vendas para vendas porta-a-porta<\/h2>\t\t\t\t<\/div>\n\t\t\t\t<\/div>\n\t\t\t\t<div class=\"elementor-element elementor-element-7106948 elementor-widget__width-initial elementor-widget elementor-widget-text-editor\" data-id=\"7106948\" data-element_type=\"widget\" data-e-type=\"widget\" data-widget_type=\"text-editor.default\">\n\t\t\t\t<div class=\"elementor-widget-container\">\n\t\t\t\t\t\t\t\t\t<h5>100% ou flex\u00edvel | Emprego s\u00f3 por comiss\u00e3o | Su\u00ed\u00e7a de l\u00edngua alem\u00e3 e francesa<\/h5>\t\t\t\t\t\t\t\t<\/div>\n\t\t\t\t<\/div>\n\t\t\t\t<div class=\"elementor-element elementor-element-b474cef elementor-widget__width-initial elementor-widget elementor-widget-text-editor\" data-id=\"b474cef\" data-element_type=\"widget\" data-e-type=\"widget\" data-widget_type=\"text-editor.default\">\n\t\t\t\t<div class=\"elementor-widget-container\">\n\t\t\t\t\t\t\t\t\t<p>Procuramos personalidades motivadas e independentes para a venda porta-a-porta de papel higi\u00e9nico. A tempo inteiro ou flex\u00edvel &#8211; temos dois modelos claros, dependendo da tua situa\u00e7\u00e3o de vida e do teu esp\u00edrito empreendedor. <\/p>\t\t\t\t\t\t\t\t<\/div>\n\t\t\t\t<\/div>\n\t\t\t\t<div class=\"elementor-element elementor-element-857a557 elementor-widget__width-initial elementor-widget elementor-widget-text-editor\" data-id=\"857a557\" data-element_type=\"widget\" data-e-type=\"widget\" data-widget_type=\"text-editor.default\">\n\t\t\t\t<div class=\"elementor-widget-container\">\n\t\t\t\t\t\t\t\t\t<p><strong>Importante:<\/strong><\/p><ul><li>Alem\u00e3o su\u00ed\u00e7o perfeito (Su\u00ed\u00e7a german\u00f3fona)<\/li><li>Ou um franc\u00eas perfeito (Su\u00ed\u00e7a franc\u00f3fona)<\/li><\/ul><p> <\/p><p>Outros conhecimentos lingu\u00edsticos n\u00e3o s\u00e3o suficientes.<\/p>\t\t\t\t\t\t\t\t<\/div>\n\t\t\t\t<\/div>\n\t\t\t\t<div class=\"elementor-element elementor-element-fb5a9b3 elementor-widget__width-initial elementor-widget elementor-widget-text-editor\" data-id=\"fb5a9b3\" data-element_type=\"widget\" data-e-type=\"widget\" data-widget_type=\"text-editor.default\">\n\t\t\t\t<div class=\"elementor-widget-container\">\n\t\t\t\t\t\t\t\t\t<h5>Dois modelos de neg\u00f3cio &#8211; escolhe o que mais te conv\u00e9m<\/h5>\t\t\t\t\t\t\t\t<\/div>\n\t\t\t\t<\/div>\n\t\t\t\t<div class=\"elementor-element elementor-element-9c7dbad elementor-widget__width-initial elementor-widget elementor-widget-text-editor\" data-id=\"9c7dbad\" data-element_type=\"widget\" data-e-type=\"widget\" data-widget_type=\"text-editor.default\">\n\t\t\t\t<div class=\"elementor-widget-container\">\n\t\t\t\t\t\t\t\t\t<p><strong>Modelo 1: Vendas porta-a-porta com ve\u00edculo da empresa (100%)<\/strong><\/p>\t\t\t\t\t\t\t\t<\/div>\n\t\t\t\t<\/div>\n\t\t\t\t<div class=\"elementor-element elementor-element-2a56c1c elementor-widget__width-initial elementor-widget elementor-widget-text-editor\" data-id=\"2a56c1c\" data-element_type=\"widget\" data-e-type=\"widget\" data-widget_type=\"text-editor.default\">\n\t\t\t\t<div class=\"elementor-widget-container\">\n\t\t\t\t\t\t\t\t\t<p>Este modelo destina-se a pessoas que gostariam de trabalhar a tempo inteiro (100%).<\/p><p><strong>Condi\u00e7\u00f5es gerais:<\/strong><\/p><ul><li>O ve\u00edculo da empresa \u00e9 fornecido por n\u00f3s<\/li><li>N\u00e3o precisas de ter o teu pr\u00f3prio armaz\u00e9m<\/li><li>Trabalho \u00e0 comiss\u00e3o sem sal\u00e1rio fixo<\/li><li>100% de carga de trabalho obrigat\u00f3ria<\/li><\/ul><p> <\/p><p><strong>Comiss\u00e3o;<\/strong><\/p><ul><li>CHF 20 por saco vendido<\/li><li>Comiss\u00e3o a partir do 3\u00ba saco vendido por dia<\/li><\/ul>\t\t\t\t\t\t\t\t<\/div>\n\t\t\t\t<\/div>\n\t\t\t\t<div class=\"elementor-element elementor-element-0fa8ae7 elementor-widget__width-initial elementor-widget elementor-widget-text-editor\" data-id=\"0fa8ae7\" data-element_type=\"widget\" data-e-type=\"widget\" data-widget_type=\"text-editor.default\">\n\t\t\t\t<div class=\"elementor-widget-container\">\n\t\t\t\t\t\t\t\t\t<p><strong>Modelo 2: Vendas porta-a-porta a partir de casa (flex\u00edvel)<\/strong><\/p>\t\t\t\t\t\t\t\t<\/div>\n\t\t\t\t<\/div>\n\t\t\t\t<div class=\"elementor-element elementor-element-8ecb753 elementor-widget__width-initial elementor-widget elementor-widget-text-editor\" data-id=\"8ecb753\" data-element_type=\"widget\" data-e-type=\"widget\" data-widget_type=\"text-editor.default\">\n\t\t\t\t<div class=\"elementor-widget-container\">\n\t\t\t\t\t\t\t\t\t<p>Este modelo \u00e9 ideal para vendedores independentes e flex\u00edveis.<\/p><p><strong>Condi\u00e7\u00f5es gerais:<\/strong><\/p><ul><li>Ve\u00edculo pr\u00f3prio<\/li><li>Pequeno armaz\u00e9m em casa (espa\u00e7o para cerca de 4 paletes)<\/li><li>Hor\u00e1rio de trabalho flex\u00edvel (tamb\u00e9m \u00e9 poss\u00edvel trabalhar a tempo parcial)<\/li><li>Trabalho \u00e0 comiss\u00e3o sem sal\u00e1rio fixo<\/li><\/ul><p>   <\/p><p><strong>Comiss\u00e3o:<\/strong><\/p><ul><li>CHF 20 por saco vendido<\/li><li>Comiss\u00e3o do primeiro saco<\/li><\/ul><p>  <\/p>\t\t\t\t\t\t\t\t<\/div>\n\t\t\t\t<\/div>\n\t\t\t\t<div class=\"elementor-element elementor-element-0e99ca2 elementor-widget__width-initial elementor-widget elementor-widget-text-editor\" data-id=\"0e99ca2\" data-element_type=\"widget\" data-e-type=\"widget\" data-widget_type=\"text-editor.default\">\n\t\t\t\t<div class=\"elementor-widget-container\">\n\t\t\t\t\t\t\t\t\t<p><strong>As tuas tarefas:<\/strong><\/p><ul><li>Venda porta-a-porta de papel higi\u00e9nico na zona atribu\u00edda<\/li><li>Contacto direto com o cliente e aconselhamento<\/li><li>Organiza\u00e7\u00e3o independente da tua rotina de trabalho di\u00e1ria<\/li><li>Comportamento s\u00e9rio e amig\u00e1vel para com os clientes<\/li><\/ul><p>   <\/p><p><strong>O que trazes contigo:<\/strong><\/p><ul><li>Alem\u00e3o su\u00ed\u00e7o perfeito ou franc\u00eas perfeito<\/li><li>Desfruta do contacto direto com o cliente<\/li><li>Fiabilidade, iniciativa e perseveran\u00e7a<\/li><li>Carta de condu\u00e7\u00e3o da categoria B<\/li><li>Motiva\u00e7\u00e3o para ganhos relacionados com o desempenho<\/li><\/ul><p>    <\/p><p><strong>\u00c9 isto que te oferecemos:<\/strong><\/p><ul><li>Regulamentos da Comiss\u00e3o claros e transparentes<\/li><li>Potencial de ganhos muito elevado com um bom desempenho<\/li><li>Familiariza\u00e7\u00e3o completa<\/li><li>Possibilidade de coopera\u00e7\u00e3o a longo prazo<\/li><li>Trabalho independente com muita liberdade<\/li><\/ul><p>    <\/p>\t\t\t\t\t\t\t\t<\/div>\n\t\t\t\t<\/div>\n\t\t\t\t<div class=\"elementor-element elementor-element-6e75c1d elementor-widget__width-initial elementor-widget elementor-widget-text-editor\" data-id=\"6e75c1d\" data-element_type=\"widget\" data-e-type=\"widget\" data-widget_type=\"text-editor.default\">\n\t\t\t\t<div class=\"elementor-widget-container\">\n\t\t\t\t\t\t\t\t\t<p><strong>Est\u00e1s interessado?<\/strong><\/p><p>Ent\u00e3o, aguardamos o teu contacto exclusivamente por telefone.<\/p><p>Sr. Thommen<br>+41 58 502 23 43<br>Segunda-feira a sexta-feira<br>08:00-12:00<br>13:30-17:00<\/p><p><strong>N\u00e3o enviar mensagens de correio eletr\u00f3nico &#8211; contacto inicial apenas por telefone.<\/strong><\/p>\t\t\t\t\t\t\t\t<\/div>\n\t\t\t\t<\/div>\n\t\t\t\t<div class=\"elementor-element elementor-element-dac5638 elementor-widget elementor-widget-menu-anchor\" data-id=\"dac5638\" data-element_type=\"widget\" data-e-type=\"widget\" data-widget_type=\"menu-anchor.default\">\n\t\t\t\t<div class=\"elementor-widget-container\">\n\t\t\t\t\t\t\t<div class=\"elementor-menu-anchor\" id=\"Telefone\"><\/div>\n\t\t\t\t\t\t<\/div>\n\t\t\t\t<\/div>\n\t\t\t\t<\/div>\n\t\t<div class=\"elementor-element elementor-element-75318fc e-con-full e-flex e-con e-child\" data-id=\"75318fc\" data-element_type=\"container\" data-e-type=\"container\" data-settings=\"{&quot;background_background&quot;:&quot;classic&quot;}\">\n\t\t\t\t<div class=\"elementor-element elementor-element-3fdde5a elementor-widget elementor-widget-image\" data-id=\"3fdde5a\" data-element_type=\"widget\" data-e-type=\"widget\" data-widget_type=\"image.default\">\n\t\t\t\t<div class=\"elementor-widget-container\">\n\t\t\t\t\t\t\t\t\t\t\t\t\t\t\t<img fetchpriority=\"high\" decoding=\"async\" width=\"800\" height=\"800\" src=\"https:\/\/roosa.biz\/wp-content\/uploads\/2023\/10\/ROOSA-FINAL.svg\" class=\"attachment-large size-large wp-image-794\" alt=\"\" \/>\t\t\t\t\t\t\t\t\t\t\t\t\t\t\t<\/div>\n\t\t\t\t<\/div>\n\t\t\t\t<div class=\"elementor-element elementor-element-c63d271 elementor-widget elementor-widget-image\" data-id=\"c63d271\" data-element_type=\"widget\" data-e-type=\"widget\" data-widget_type=\"image.default\">\n\t\t\t\t<div class=\"elementor-widget-container\">\n\t\t\t\t\t\t\t\t\t\t\t\t\t\t\t<img decoding=\"async\" width=\"800\" height=\"371\" src=\"https:\/\/roosa.biz\/wp-content\/uploads\/2025\/04\/new-mockup-2024-4-1024x475.png\" class=\"attachment-large size-large wp-image-1536\" alt=\"\" srcset=\"https:\/\/roosa.biz\/wp-content\/uploads\/2025\/04\/new-mockup-2024-4-1024x475.png 1024w, https:\/\/roosa.biz\/wp-content\/uploads\/2025\/04\/new-mockup-2024-4-300x139.png 300w, https:\/\/roosa.biz\/wp-content\/uploads\/2025\/04\/new-mockup-2024-4-768x356.png 768w, https:\/\/roosa.biz\/wp-content\/uploads\/2025\/04\/new-mockup-2024-4-1536x712.png 1536w, https:\/\/roosa.biz\/wp-content\/uploads\/2025\/04\/new-mockup-2024-4-2048x950.png 2048w\" sizes=\"(max-width: 800px) 100vw, 800px\" \/>\t\t\t\t\t\t\t\t\t\t\t\t\t\t\t<\/div>\n\t\t\t\t<\/div>\n\t\t\t\t<\/div>\n\t\t\t\t\t<\/div>\n\t\t\t\t<\/div>\n\t\t<div class=\"elementor-element elementor-element-940eec5 e-flex e-con-boxed e-con e-parent\" data-id=\"940eec5\" data-element_type=\"container\" data-e-type=\"container\">\n\t\t\t\t\t<div class=\"e-con-inner\">\n\t\t<div class=\"elementor-element elementor-element-0ab0389 e-con-full e-flex e-con e-child\" data-id=\"0ab0389\" data-element_type=\"container\" data-e-type=\"container\">\n\t\t\t\t<div class=\"elementor-element elementor-element-c66e08b elementor-widget elementor-widget-heading\" data-id=\"c66e08b\" data-element_type=\"widget\" data-e-type=\"widget\" data-widget_type=\"heading.default\">\n\t\t\t\t<div class=\"elementor-widget-container\">\n\t\t\t\t\t<h2 class=\"elementor-heading-title elementor-size-default\">Procura jovens talentos de vendas ao telefone 100% com comiss\u00f5es de luxo\n<\/h2>\t\t\t\t<\/div>\n\t\t\t\t<\/div>\n\t\t\t\t<div class=\"elementor-element elementor-element-20876f8 elementor-widget__width-initial elementor-widget elementor-widget-text-editor\" data-id=\"20876f8\" data-element_type=\"widget\" data-e-type=\"widget\" data-widget_type=\"text-editor.default\">\n\t\t\t\t<div class=\"elementor-widget-container\">\n\t\t\t\t\t\t\t\t\t<h5>Mercado su\u00ed\u00e7o e mercado alem\u00e3o | No local | Modelo de comiss\u00e3o<\/h5>\t\t\t\t\t\t\t\t<\/div>\n\t\t\t\t<\/div>\n\t\t\t\t<div class=\"elementor-element elementor-element-3c35bde elementor-widget__width-initial elementor-widget elementor-widget-text-editor\" data-id=\"3c35bde\" data-element_type=\"widget\" data-e-type=\"widget\" data-widget_type=\"text-editor.default\">\n\t\t\t\t<div class=\"elementor-widget-container\">\n\t\t\t\t\t\t\t\t\t<p><b>Sobre n\u00f3s:<\/b><\/p><p>Somos uma das empresas l\u00edderes no sector dos produtos de higiene na Su\u00ed\u00e7a. Como um dos maiores distribuidores de papel higi\u00e9nico, fornecemos produtos de alta qualidade a clientes empresariais e particulares. O nosso foco \u00e9 o crescimento, estruturas de vendas claras e remunera\u00e7\u00e3o orientada para o desempenho.  <\/p>\t\t\t\t\t\t\t\t<\/div>\n\t\t\t\t<\/div>\n\t\t\t\t<div class=\"elementor-element elementor-element-616fac5 elementor-widget__width-initial elementor-widget elementor-widget-text-editor\" data-id=\"616fac5\" data-element_type=\"widget\" data-e-type=\"widget\" data-widget_type=\"text-editor.default\">\n\t\t\t\t<div class=\"elementor-widget-container\">\n\t\t\t\t\t\t\t\t\t<h5>Importante antecipadamente &#8211; l\u00edngua e \u00e1rea de aplica\u00e7\u00e3o<\/h5>\t\t\t\t\t\t\t\t<\/div>\n\t\t\t\t<\/div>\n\t\t\t\t<div class=\"elementor-element elementor-element-adfcf49 elementor-widget__width-initial elementor-widget elementor-widget-text-editor\" data-id=\"adfcf49\" data-element_type=\"widget\" data-e-type=\"widget\" data-widget_type=\"text-editor.default\">\n\t\t\t\t<div class=\"elementor-widget-container\">\n\t\t\t\t\t\t\t\t\t<p><strong>Mercado su\u00ed\u00e7o<\/strong><\/p><ul><li>Apenas pessoas com um alem\u00e3o su\u00ed\u00e7o perfeito<\/li><li>Vendas por telefone a clientes su\u00ed\u00e7os<\/li><li>Sal\u00e1rio fixo + comiss\u00e3o<\/li><li>Local de trabalho: Escrit\u00f3rio de Olten<br>Sem escrit\u00f3rio no domic\u00edlio<\/li><\/ul><p>   <\/p>\t\t\t\t\t\t\t\t<\/div>\n\t\t\t\t<\/div>\n\t\t\t\t<div class=\"elementor-element elementor-element-82d617f elementor-widget__width-initial elementor-widget elementor-widget-text-editor\" data-id=\"82d617f\" data-element_type=\"widget\" data-e-type=\"widget\" data-widget_type=\"text-editor.default\">\n\t\t\t\t<div class=\"elementor-widget-container\">\n\t\t\t\t\t\t\t\t\t<p><strong>Mercado alem\u00e3o<\/strong><\/p><ul><li>S\u00f3 as pessoas que t\u00eam um <strong>alem\u00e3o alto perfeito<\/strong><\/li><li>Vendas por telefone a clientes alem\u00e3es<\/li><li>Trabalho puramente \u00e0 comiss\u00e3o<\/li><li>N\u00e3o h\u00e1 sal\u00e1rio fixo<\/li><\/ul><p>    <\/p>\t\t\t\t\t\t\t\t<\/div>\n\t\t\t\t<\/div>\n\t\t\t\t<div class=\"elementor-element elementor-element-548571c elementor-widget__width-initial elementor-widget elementor-widget-text-editor\" data-id=\"548571c\" data-element_type=\"widget\" data-e-type=\"widget\" data-widget_type=\"text-editor.default\">\n\t\t\t\t<div class=\"elementor-widget-container\">\n\t\t\t\t\t\t\t\t\t<h5>Modelos de trabalho e emprego  <\/h5>\t\t\t\t\t\t\t\t<\/div>\n\t\t\t\t<\/div>\n\t\t\t\t<div class=\"elementor-element elementor-element-26628c6 elementor-widget__width-initial elementor-widget elementor-widget-text-editor\" data-id=\"26628c6\" data-element_type=\"widget\" data-e-type=\"widget\" data-widget_type=\"text-editor.default\">\n\t\t\t\t<div class=\"elementor-widget-container\">\n\t\t\t\t\t\t\t\t\t<p><strong>Mercado alem\u00e3o<\/strong><\/p><p><em>Op\u00e7\u00e3o 1: Trabalho a partir da Su\u00ed\u00e7a<\/em><\/p><ul><li>Vendas por telefone a clientes alem\u00e3es<\/li><li>Possibilidade de emprego na Su\u00ed\u00e7a<\/li><li>Trabalha no local (sem escrit\u00f3rio em casa)<\/li><\/ul><p>      <\/p><p><em>Variante 2: M\u00e3o de obra da Alemanha<\/em><\/p><ul><li>Trabalha exclusivamente no local em Herten<\/li><li>N\u00e3o podes trabalhar na Alemanha<\/li><li>Coopera\u00e7\u00e3o apenas com trabalhadores independentes<\/li><li>Empresa pr\u00f3pria ou<\/li><li>\u00c9 obrigat\u00f3rio o registo oficial de trabalhador independente\/empresa<\/li><\/ul><p>     <\/p>\t\t\t\t\t\t\t\t<\/div>\n\t\t\t\t<\/div>\n\t\t\t\t<div class=\"elementor-element elementor-element-8f6bb31 elementor-widget__width-initial elementor-widget elementor-widget-text-editor\" data-id=\"8f6bb31\" data-element_type=\"widget\" data-e-type=\"widget\" data-widget_type=\"text-editor.default\">\n\t\t\t\t<div class=\"elementor-widget-container\">\n\t\t\t\t\t\t\t\t\t<p><strong>As tuas tarefas:<\/strong><\/p><ul><li>Vendas por telefone dos nossos produtos de higiene<\/li><li>Abordagem ativa do cliente e orienta\u00e7\u00e3o para as vendas<\/li><li>Aconselhamento profissional para empresas e particulares<\/li><li>Contribui ativamente para o crescimento da empresa<\/li><\/ul><p>   <\/p>\t\t\t\t\t\t\t\t<\/div>\n\t\t\t\t<\/div>\n\t\t\t\t<div class=\"elementor-element elementor-element-5abe4f7 elementor-widget__width-initial elementor-widget elementor-widget-text-editor\" data-id=\"5abe4f7\" data-element_type=\"widget\" data-e-type=\"widget\" data-widget_type=\"text-editor.default\">\n\t\t\t\t<div class=\"elementor-widget-container\">\n\t\t\t\t\t\t\t\t\t<p><strong>\u00c9 isto que te oferecemos:<\/strong><\/p><ul><li>Potencial de ganho muito elevado devido a comiss\u00f5es atractivas<\/li><li>Sal\u00e1rio fixo apenas para o mercado su\u00ed\u00e7o<\/li><li>Trabalho puramente \u00e0 comiss\u00e3o no mercado alem\u00e3o<\/li><li>Familiariza\u00e7\u00e3o e forma\u00e7\u00e3o estruturadas<\/li><li>Local de trabalho moderno em Olten ou Herten<\/li><li>Perspetiva a longo prazo numa empresa em crescimento<\/li><li>Processos de venda claros<\/li><\/ul><p>   <\/p>\t\t\t\t\t\t\t\t<\/div>\n\t\t\t\t<\/div>\n\t\t\t\t<div class=\"elementor-element elementor-element-3ec3735 elementor-widget__width-initial elementor-widget elementor-widget-text-editor\" data-id=\"3ec3735\" data-element_type=\"widget\" data-e-type=\"widget\" data-widget_type=\"text-editor.default\">\n\t\t\t\t<div class=\"elementor-widget-container\">\n\t\t\t\t\t\t\t\t\t<p><strong>O que trazes contigo:<\/strong><\/p><ul><li>Alem\u00e3o su\u00ed\u00e7o perfeito ou alto alem\u00e3o perfeito (consoante o mercado)<\/li><li>Gosta de vendas por telefone<\/li><li>Poder de fecho e vontade de realizar<\/li><li>Fiabilidade e iniciativa<\/li><li>Motiva\u00e7\u00e3o para ganhos relacionados com o desempenho<\/li><\/ul><p>    <\/p>\t\t\t\t\t\t\t\t<\/div>\n\t\t\t\t<\/div>\n\t\t\t\t<div class=\"elementor-element elementor-element-e656f9e elementor-widget__width-initial elementor-widget elementor-widget-text-editor\" data-id=\"e656f9e\" data-element_type=\"widget\" data-e-type=\"widget\" data-widget_type=\"text-editor.default\">\n\t\t\t\t<div class=\"elementor-widget-container\">\n\t\t\t\t\t\t\t\t\t<p><strong>Est\u00e1s interessado?<\/strong><\/p><p>Ent\u00e3o, aguardamos o teu contacto exclusivamente por telefone.<\/p><p>Sr. Thommen<br>+41 58 502 23 43<br>Segunda-feira a sexta-feira<br>08:00-12:00<br>13:30-17:00<\/p><p><strong>N\u00e3o enviar mensagens de correio eletr\u00f3nico &#8211; contacto inicial apenas por telefone.<\/strong><\/p>\t\t\t\t\t\t\t\t<\/div>\n\t\t\t\t<\/div>\n\t\t\t\t<\/div>\n\t\t<div class=\"elementor-element elementor-element-4c49167 e-con-full e-flex e-con e-child\" data-id=\"4c49167\" data-element_type=\"container\" data-e-type=\"container\" data-settings=\"{&quot;background_background&quot;:&quot;classic&quot;}\">\n\t\t\t\t<div class=\"elementor-element elementor-element-dc8215d elementor-widget elementor-widget-image\" data-id=\"dc8215d\" data-element_type=\"widget\" data-e-type=\"widget\" data-widget_type=\"image.default\">\n\t\t\t\t<div class=\"elementor-widget-container\">\n\t\t\t\t\t\t\t\t\t\t\t\t\t\t\t<img fetchpriority=\"high\" decoding=\"async\" width=\"800\" height=\"800\" src=\"https:\/\/roosa.biz\/wp-content\/uploads\/2023\/10\/ROOSA-FINAL.svg\" class=\"attachment-large size-large wp-image-794\" alt=\"\" \/>\t\t\t\t\t\t\t\t\t\t\t\t\t\t\t<\/div>\n\t\t\t\t<\/div>\n\t\t\t\t<div class=\"elementor-element elementor-element-ba9c391 elementor-widget elementor-widget-image\" data-id=\"ba9c391\" data-element_type=\"widget\" data-e-type=\"widget\" data-widget_type=\"image.default\">\n\t\t\t\t<div class=\"elementor-widget-container\">\n\t\t\t\t\t\t\t\t\t\t\t\t\t\t\t<img decoding=\"async\" width=\"800\" height=\"371\" src=\"https:\/\/roosa.biz\/wp-content\/uploads\/2025\/04\/new-mockup-2024-4-1024x475.png\" class=\"attachment-large size-large wp-image-1536\" alt=\"\" srcset=\"https:\/\/roosa.biz\/wp-content\/uploads\/2025\/04\/new-mockup-2024-4-1024x475.png 1024w, https:\/\/roosa.biz\/wp-content\/uploads\/2025\/04\/new-mockup-2024-4-300x139.png 300w, https:\/\/roosa.biz\/wp-content\/uploads\/2025\/04\/new-mockup-2024-4-768x356.png 768w, https:\/\/roosa.biz\/wp-content\/uploads\/2025\/04\/new-mockup-2024-4-1536x712.png 1536w, https:\/\/roosa.biz\/wp-content\/uploads\/2025\/04\/new-mockup-2024-4-2048x950.png 2048w\" sizes=\"(max-width: 800px) 100vw, 800px\" \/>\t\t\t\t\t\t\t\t\t\t\t\t\t\t\t<\/div>\n\t\t\t\t<\/div>\n\t\t\t\t<\/div>\n\t\t\t\t\t<\/div>\n\t\t\t\t<\/div>\n\t\t\t\t<\/div>\n\t\t","protected":false},"excerpt":{"rendered":"<p>Posi\u00e7\u00f5es em aberto Atualmente, tem posi\u00e7\u00f5es em aberto: Talento de vendas porta a porta Vendas por telefone Procura-se talentos de vendas para vendas porta-a-porta 100% ou flex\u00edvel | Emprego s\u00f3 por comiss\u00e3o | Su\u00ed\u00e7a de l\u00edngua alem\u00e3 e francesa Procuramos personalidades motivadas e independentes para a venda porta-a-porta de papel higi\u00e9nico. A tempo inteiro ou [&hellip;]<\/p>\n","protected":false},"author":2,"featured_media":0,"parent":0,"menu_order":0,"comment_status":"closed","ping_status":"closed","template":"elementor_header_footer","meta":{"footnotes":""},"class_list":["post-1579","page","type-page","status-publish","hentry"],"_links":{"self":[{"href":"https:\/\/roosa.biz\/pt-pt\/wp-json\/wp\/v2\/pages\/1579","targetHints":{"allow":["GET"]}}],"collection":[{"href":"https:\/\/roosa.biz\/pt-pt\/wp-json\/wp\/v2\/pages"}],"about":[{"href":"https:\/\/roosa.biz\/pt-pt\/wp-json\/wp\/v2\/types\/page"}],"author":[{"embeddable":true,"href":"https:\/\/roosa.biz\/pt-pt\/wp-json\/wp\/v2\/users\/2"}],"replies":[{"embeddable":true,"href":"https:\/\/roosa.biz\/pt-pt\/wp-json\/wp\/v2\/comments?post=1579"}],"version-history":[{"count":7,"href":"https:\/\/roosa.biz\/pt-pt\/wp-json\/wp\/v2\/pages\/1579\/revisions"}],"predecessor-version":[{"id":2166,"href":"https:\/\/roosa.biz\/pt-pt\/wp-json\/wp\/v2\/pages\/1579\/revisions\/2166"}],"wp:attachment":[{"href":"https:\/\/roosa.biz\/pt-pt\/wp-json\/wp\/v2\/media?parent=1579"}],"curies":[{"name":"wp","href":"https:\/\/api.w.org\/{rel}","templated":true}]}}