{"id":1052,"date":"2023-10-06T08:31:01","date_gmt":"2023-10-06T08:31:01","guid":{"rendered":"https:\/\/roosa.biz\/impressao\/"},"modified":"2026-03-11T08:57:15","modified_gmt":"2026-03-11T08:57:15","slug":"impressao","status":"publish","type":"page","link":"https:\/\/roosa.biz\/pt-pt\/impressao\/","title":{"rendered":"Impress\u00e3o"},"content":{"rendered":"\t\t<div data-elementor-type=\"wp-page\" data-elementor-id=\"1052\" class=\"elementor elementor-1052 elementor-56\" data-elementor-post-type=\"page\">\n\t\t\t\t<div class=\"elementor-element elementor-element-2ad2148 e-flex e-con-boxed e-con e-parent\" data-id=\"2ad2148\" data-element_type=\"container\" data-e-type=\"container\">\n\t\t\t\t\t<div class=\"e-con-inner\">\n\t\t\t\t<div class=\"elementor-element elementor-element-888c99b elementor-widget elementor-widget-text-editor\" data-id=\"888c99b\" data-element_type=\"widget\" data-e-type=\"widget\" data-widget_type=\"text-editor.default\">\n\t\t\t\t<div class=\"elementor-widget-container\">\n\t\t\t\t\t\t\t\t\t<p><b>ROOSA\u00ae \u00e9 uma marca registada da ROOSA AG<\/b><\/p><p>Entidade respons\u00e1vel:<br>ROOSA AG<br>Kirschgartenstrasse 12<br>4051 Basel<br>Switzerland<br><strong>E-mail<\/strong>: info@roosa.biz<\/p><p><strong>Representante autorizado<\/strong><br>Beat M\u00f6rker<\/p><p><strong>Nome da empresa<\/strong>: ROOSA AG<br><strong>N\u00famero de registo<\/strong>: CHE-168.391.777<br><strong>N\u00famero de identifica\u00e7\u00e3o IVA<\/strong>: CH-270-3016294-3<\/p><p><br><br>I<strong>sen\u00e7\u00e3o de<\/strong> responsabilidade O autor n\u00e3o assume qualquer responsabilidade pela corre\u00e7\u00e3o, exatid\u00e3o, atualidade, fiabilidade e integridade das informa\u00e7\u00f5es. Est\u00e3o exclu\u00eddos os pedidos de indemniza\u00e7\u00e3o contra o autor por danos de natureza material ou imaterial decorrentes do acesso ou da utiliza\u00e7\u00e3o ou n\u00e3o utiliza\u00e7\u00e3o das informa\u00e7\u00f5es publicadas, devido \u00e0 m\u00e1 utiliza\u00e7\u00e3o da liga\u00e7\u00e3o ou a falhas t\u00e9cnicas.<\/p><p>Todas as ofertas est\u00e3o sujeitas a altera\u00e7\u00f5es. O autor reserva-se expressamente o direito de alterar, completar ou suprimir partes das p\u00e1ginas ou a totalidade da oferta sem aviso pr\u00e9vio ou de cessar a publica\u00e7\u00e3o tempor\u00e1ria ou definitivamente. <\/p><p><strong>Isen\u00e7\u00e3o de responsabilidade pelos conte\u00fados e liga\u00e7\u00f5es<\/strong><br>As refer\u00eancias e liga\u00e7\u00f5es a s\u00edtios Web de terceiros est\u00e3o fora da nossa \u00e1rea de responsabilidade. Rejeita qualquer responsabilidade por esses s\u00edtios Web. O acesso e a utiliza\u00e7\u00e3o desses s\u00edtios Web s\u00e3o da responsabilidade do utilizador.  <\/p><p><strong>Declara\u00e7\u00e3o de direitos de autor<\/strong><br>Os direitos de autor e todos os outros direitos sobre os conte\u00fados, imagens, fotografias ou outros ficheiros deste site pertencem exclusivamente a WC-Papier f\u00fcr ALLE.ch ou aos titulares de direitos especificamente designados. Para a reprodu\u00e7\u00e3o de quaisquer elementos, \u00e9 necess\u00e1rio obter previamente o consentimento escrito do detentor dos direitos de autor. <\/p>\t\t\t\t\t\t\t\t<\/div>\n\t\t\t\t<\/div>\n\t\t\t\t\t<\/div>\n\t\t\t\t<\/div>\n\t\t\t\t<\/div>\n\t\t","protected":false},"excerpt":{"rendered":"<p>ROOSA\u00ae \u00e9 uma marca registada da ROOSA AG Entidade respons\u00e1vel:ROOSA AGKirschgartenstrasse 124051 BaselSwitzerlandE-mail: info@roosa.biz Representante autorizadoBeat M\u00f6rker Nome da empresa: ROOSA AGN\u00famero de registo: CHE-168.391.777N\u00famero de identifica\u00e7\u00e3o IVA: CH-270-3016294-3 Isen\u00e7\u00e3o de responsabilidade O autor n\u00e3o assume qualquer responsabilidade pela corre\u00e7\u00e3o, exatid\u00e3o, atualidade, fiabilidade e integridade das informa\u00e7\u00f5es. Est\u00e3o exclu\u00eddos os pedidos de indemniza\u00e7\u00e3o contra o [&hellip;]<\/p>\n","protected":false},"author":1,"featured_media":0,"parent":0,"menu_order":0,"comment_status":"closed","ping_status":"closed","template":"elementor_header_footer","meta":{"footnotes":""},"class_list":["post-1052","page","type-page","status-publish","hentry"],"_links":{"self":[{"href":"https:\/\/roosa.biz\/pt-pt\/wp-json\/wp\/v2\/pages\/1052","targetHints":{"allow":["GET"]}}],"collection":[{"href":"https:\/\/roosa.biz\/pt-pt\/wp-json\/wp\/v2\/pages"}],"about":[{"href":"https:\/\/roosa.biz\/pt-pt\/wp-json\/wp\/v2\/types\/page"}],"author":[{"embeddable":true,"href":"https:\/\/roosa.biz\/pt-pt\/wp-json\/wp\/v2\/users\/1"}],"replies":[{"embeddable":true,"href":"https:\/\/roosa.biz\/pt-pt\/wp-json\/wp\/v2\/comments?post=1052"}],"version-history":[{"count":5,"href":"https:\/\/roosa.biz\/pt-pt\/wp-json\/wp\/v2\/pages\/1052\/revisions"}],"predecessor-version":[{"id":2563,"href":"https:\/\/roosa.biz\/pt-pt\/wp-json\/wp\/v2\/pages\/1052\/revisions\/2563"}],"wp:attachment":[{"href":"https:\/\/roosa.biz\/pt-pt\/wp-json\/wp\/v2\/media?parent=1052"}],"curies":[{"name":"wp","href":"https:\/\/api.w.org\/{rel}","templated":true}]}}