{"id":2214,"date":"2026-02-07T09:26:26","date_gmt":"2026-02-07T09:26:26","guid":{"rendered":"https:\/\/roosa.biz\/doer-til-doer-selger\/"},"modified":"2026-02-07T09:54:06","modified_gmt":"2026-02-07T09:54:06","slug":"doer-til-doer-selger","status":"publish","type":"page","link":"https:\/\/roosa.biz\/no\/doer-til-doer-selger\/","title":{"rendered":"D\u00f8r-til-d\u00f8r-selger"},"content":{"rendered":"\t\t<div data-elementor-type=\"wp-page\" data-elementor-id=\"2214\" class=\"elementor elementor-2214 elementor-2195\" data-elementor-post-type=\"page\">\n\t\t\t\t<div class=\"elementor-element elementor-element-8d19e7e e-flex e-con-boxed e-con e-parent\" data-id=\"8d19e7e\" data-element_type=\"container\" data-e-type=\"container\" data-settings=\"{&quot;background_background&quot;:&quot;classic&quot;}\">\n\t\t\t\t\t<div class=\"e-con-inner\">\n\t\t\t\t<div class=\"elementor-element elementor-element-e67434b elementor-widget__width-initial elementor-widget elementor-widget-heading\" data-id=\"e67434b\" data-element_type=\"widget\" data-e-type=\"widget\" data-widget_type=\"heading.default\">\n\t\t\t\t<div class=\"elementor-widget-container\">\n\t\t\t\t\t<h2 class=\"elementor-heading-title elementor-size-default\">\u00c5pne stillinger<\/h2>\t\t\t\t<\/div>\n\t\t\t\t<\/div>\n\t\t\t\t\t<\/div>\n\t\t\t\t<\/div>\n\t\t<div class=\"elementor-element elementor-element-e271a82 elementor-hidden-desktop elementor-hidden-tablet elementor-hidden-mobile e-flex e-con-boxed e-con e-parent\" data-id=\"e271a82\" data-element_type=\"container\" data-e-type=\"container\">\n\t\t\t\t\t<div class=\"e-con-inner\">\n\t\t<div class=\"elementor-element elementor-element-a77544c e-con-full e-flex e-con e-child\" data-id=\"a77544c\" data-element_type=\"container\" data-e-type=\"container\">\n\t\t\t\t<div class=\"elementor-element elementor-element-75820fb elementor-widget__width-initial elementor-widget elementor-widget-text-editor\" data-id=\"75820fb\" data-element_type=\"widget\" data-e-type=\"widget\" data-widget_type=\"text-editor.default\">\n\t\t\t\t<div class=\"elementor-widget-container\">\n\t\t\t\t\t\t\t\t\t<p><strong>for tiden \u00e5pne stillinger:<\/strong><\/p>\t\t\t\t\t\t\t\t<\/div>\n\t\t\t\t<\/div>\n\t\t\t\t<\/div>\n\t\t<div class=\"elementor-element elementor-element-334e5ec e-con-full e-flex e-con e-child\" data-id=\"334e5ec\" data-element_type=\"container\" data-e-type=\"container\">\n\t\t\t\t<div class=\"elementor-element elementor-element-216878e elementor-mobile-align-center elementor-tablet-align-center elementor-widget elementor-widget-button\" data-id=\"216878e\" data-element_type=\"widget\" data-e-type=\"widget\" data-widget_type=\"button.default\">\n\t\t\t\t<div class=\"elementor-widget-container\">\n\t\t\t\t\t\t\t\t\t<div class=\"elementor-button-wrapper\">\n\t\t\t\t\t<a class=\"elementor-button elementor-size-sm\" role=\"button\">\n\t\t\t\t\t\t<span class=\"elementor-button-content-wrapper\">\n\t\t\t\t\t\t\t\t\t<span class=\"elementor-button-text\">Talenter innen d\u00f8rsalg<\/span>\n\t\t\t\t\t<\/span>\n\t\t\t\t\t<\/a>\n\t\t\t\t<\/div>\n\t\t\t\t\t\t\t\t<\/div>\n\t\t\t\t<\/div>\n\t\t\t\t<\/div>\n\t\t<div class=\"elementor-element elementor-element-7993ecc e-con-full e-flex e-con e-child\" data-id=\"7993ecc\" data-element_type=\"container\" data-e-type=\"container\">\n\t\t\t\t<div class=\"elementor-element elementor-element-3e6bbdf elementor-mobile-align-center elementor-tablet-align-center elementor-widget elementor-widget-button\" data-id=\"3e6bbdf\" data-element_type=\"widget\" data-e-type=\"widget\" data-widget_type=\"button.default\">\n\t\t\t\t<div class=\"elementor-widget-container\">\n\t\t\t\t\t\t\t\t\t<div class=\"elementor-button-wrapper\">\n\t\t\t\t\t<a class=\"elementor-button elementor-size-sm\" role=\"button\">\n\t\t\t\t\t\t<span class=\"elementor-button-content-wrapper\">\n\t\t\t\t\t\t\t\t\t<span class=\"elementor-button-text\">Telefonsalg<\/span>\n\t\t\t\t\t<\/span>\n\t\t\t\t\t<\/a>\n\t\t\t\t<\/div>\n\t\t\t\t\t\t\t\t<\/div>\n\t\t\t\t<\/div>\n\t\t\t\t<\/div>\n\t\t\t\t\t<\/div>\n\t\t\t\t<\/div>\n\t\t<div class=\"elementor-element elementor-element-07f3f8d e-flex e-con-boxed e-con e-parent\" data-id=\"07f3f8d\" data-element_type=\"container\" data-e-type=\"container\">\n\t\t\t\t\t<div class=\"e-con-inner\">\n\t\t<div class=\"elementor-element elementor-element-7b2ce31 e-con-full e-flex e-con e-child\" data-id=\"7b2ce31\" data-element_type=\"container\" data-e-type=\"container\">\n\t\t\t\t<div class=\"elementor-element elementor-element-4de4246 elementor-widget elementor-widget-heading\" data-id=\"4de4246\" data-element_type=\"widget\" data-e-type=\"widget\" data-widget_type=\"heading.default\">\n\t\t\t\t<div class=\"elementor-widget-container\">\n\t\t\t\t\t<h2 class=\"elementor-heading-title elementor-size-default\">Salgstalenter s\u00f8kes til d\u00f8rsalg<\/h2>\t\t\t\t<\/div>\n\t\t\t\t<\/div>\n\t\t\t\t<div class=\"elementor-element elementor-element-7106948 elementor-widget__width-initial elementor-widget elementor-widget-text-editor\" data-id=\"7106948\" data-element_type=\"widget\" data-e-type=\"widget\" data-widget_type=\"text-editor.default\">\n\t\t\t\t<div class=\"elementor-widget-container\">\n\t\t\t\t\t\t\t\t\t<h5>100 % eller fleksibelt | Kun provisjonsjobb | Tysktalende og fransktalende Sveits<\/h5>\t\t\t\t\t\t\t\t<\/div>\n\t\t\t\t<\/div>\n\t\t\t\t<div class=\"elementor-element elementor-element-b474cef elementor-widget__width-initial elementor-widget elementor-widget-text-editor\" data-id=\"b474cef\" data-element_type=\"widget\" data-e-type=\"widget\" data-widget_type=\"text-editor.default\">\n\t\t\t\t<div class=\"elementor-widget-container\">\n\t\t\t\t\t\t\t\t\t<p>Vi s\u00f8ker motiverte, selvstendige personligheter til d\u00f8rsalg av toalettpapir. Enten p\u00e5 heltid eller fleksibelt &#8211; vi har to klare modeller, avhengig av din livssituasjon og entrepren\u00f8r\u00e5nd. <\/p>\t\t\t\t\t\t\t\t<\/div>\n\t\t\t\t<\/div>\n\t\t\t\t<div class=\"elementor-element elementor-element-857a557 elementor-widget__width-initial elementor-widget elementor-widget-text-editor\" data-id=\"857a557\" data-element_type=\"widget\" data-e-type=\"widget\" data-widget_type=\"text-editor.default\">\n\t\t\t\t<div class=\"elementor-widget-container\">\n\t\t\t\t\t\t\t\t\t<p><strong>Det er viktig:<\/strong><\/p><ul><li>Perfekt sveitsertysk (tyskspr\u00e5klige Sveits)<\/li><li>Eller perfekt fransk (fransktalende Sveits)<\/li><\/ul><p> <\/p><p>Andre spr\u00e5kkunnskaper er ikke tilstrekkelig.<\/p>\t\t\t\t\t\t\t\t<\/div>\n\t\t\t\t<\/div>\n\t\t\t\t<div class=\"elementor-element elementor-element-fb5a9b3 elementor-widget__width-initial elementor-widget elementor-widget-text-editor\" data-id=\"fb5a9b3\" data-element_type=\"widget\" data-e-type=\"widget\" data-widget_type=\"text-editor.default\">\n\t\t\t\t<div class=\"elementor-widget-container\">\n\t\t\t\t\t\t\t\t\t<h5>To forretningsmodeller &#8211; du velger selv hva som passer deg best<\/h5>\t\t\t\t\t\t\t\t<\/div>\n\t\t\t\t<\/div>\n\t\t\t\t<div class=\"elementor-element elementor-element-9c7dbad elementor-widget__width-initial elementor-widget elementor-widget-text-editor\" data-id=\"9c7dbad\" data-element_type=\"widget\" data-e-type=\"widget\" data-widget_type=\"text-editor.default\">\n\t\t\t\t<div class=\"elementor-widget-container\">\n\t\t\t\t\t\t\t\t\t<p><strong>Modell 1: D\u00f8rsalg med firmabil (100 %)<\/strong><\/p>\t\t\t\t\t\t\t\t<\/div>\n\t\t\t\t<\/div>\n\t\t\t\t<div class=\"elementor-element elementor-element-2a56c1c elementor-widget__width-initial elementor-widget elementor-widget-text-editor\" data-id=\"2a56c1c\" data-element_type=\"widget\" data-e-type=\"widget\" data-widget_type=\"text-editor.default\">\n\t\t\t\t<div class=\"elementor-widget-container\">\n\t\t\t\t\t\t\t\t\t<p>Denne modellen er rettet mot personer som \u00f8nsker \u00e5 jobbe heltid (100 %).<\/p><p><strong>Generelle betingelser:<\/strong><\/p><ul><li>Vi stiller firmabil til disposisjon<\/li><li>Ikke behov for eget lager<\/li><li>Ren provisjonsjobb uten fast l\u00f8nn<\/li><li>100 % arbeidsmengde obligatorisk<\/li><\/ul><p> <\/p><p><strong>Kommisjonen;<\/strong><\/p><ul><li>CHF 20 per solgte pose<\/li><li>Provisjon fra den tredje posen som selges per dag<\/li><\/ul>\t\t\t\t\t\t\t\t<\/div>\n\t\t\t\t<\/div>\n\t\t\t\t<div class=\"elementor-element elementor-element-0fa8ae7 elementor-widget__width-initial elementor-widget elementor-widget-text-editor\" data-id=\"0fa8ae7\" data-element_type=\"widget\" data-e-type=\"widget\" data-widget_type=\"text-editor.default\">\n\t\t\t\t<div class=\"elementor-widget-container\">\n\t\t\t\t\t\t\t\t\t<p><strong>Modell 2: D\u00f8rsalg hjemmefra (fleksibel)<\/strong><\/p>\t\t\t\t\t\t\t\t<\/div>\n\t\t\t\t<\/div>\n\t\t\t\t<div class=\"elementor-element elementor-element-8ecb753 elementor-widget__width-initial elementor-widget elementor-widget-text-editor\" data-id=\"8ecb753\" data-element_type=\"widget\" data-e-type=\"widget\" data-widget_type=\"text-editor.default\">\n\t\t\t\t<div class=\"elementor-widget-container\">\n\t\t\t\t\t\t\t\t\t<p>Denne modellen er ideell for selvstendige, fleksible selgere.<\/p><p><strong>Generelle betingelser:<\/strong><\/p><ul><li>Eget kj\u00f8ret\u00f8y<\/li><li>Lite lager hjemme (plass til ca. 4 paller)<\/li><li>Fleksibel arbeidstid (deltid er ogs\u00e5 mulig)<\/li><li>Ren provisjonsjobb uten fast l\u00f8nn<\/li><\/ul><p>   <\/p><p><strong>Kommisjonen:<\/strong><\/p><ul><li>CHF 20 per solgte pose<\/li><li>Provisjon fra den f\u00f8rste posen<\/li><\/ul><p>  <\/p>\t\t\t\t\t\t\t\t<\/div>\n\t\t\t\t<\/div>\n\t\t\t\t<div class=\"elementor-element elementor-element-0e99ca2 elementor-widget__width-initial elementor-widget elementor-widget-text-editor\" data-id=\"0e99ca2\" data-element_type=\"widget\" data-e-type=\"widget\" data-widget_type=\"text-editor.default\">\n\t\t\t\t<div class=\"elementor-widget-container\">\n\t\t\t\t\t\t\t\t\t<p><strong>Dine oppgaver:<\/strong><\/p><ul><li>D\u00f8rsalg av toalettpapir i det tildelte omr\u00e5det<\/li><li>Direkte kundekontakt og r\u00e5dgivning<\/li><li>Selvstendig organisering av den daglige arbeidsrutinen<\/li><li>Seri\u00f8s og vennlig opptreden overfor kundene<\/li><\/ul><p>   <\/p><p><strong>Hva du tar med deg:<\/strong><\/p><ul><li>Perfekt sveitsertysk eller perfekt fransk<\/li><li>Nyt direkte kundekontakt<\/li><li>P\u00e5litelighet, initiativ og utholdenhet<\/li><li>F\u00f8rerkort for kategori B<\/li><li>Motivasjon for resultatavhengig inntjening<\/li><\/ul><p>    <\/p><p><strong>Dette er hva vi tilbyr:<\/strong><\/p><ul><li>Tydelige og transparente kommisjonsbestemmelser<\/li><li>Sv\u00e6rt h\u00f8yt inntjeningspotensial med gode resultater<\/li><li>Grundig familiarisering<\/li><li>Langsiktig samarbeid mulig<\/li><li>Selvstendig arbeid med mye frihet<\/li><\/ul><p>    <\/p>\t\t\t\t\t\t\t\t<\/div>\n\t\t\t\t<\/div>\n\t\t\t\t<div class=\"elementor-element elementor-element-6e75c1d elementor-widget__width-initial elementor-widget elementor-widget-text-editor\" data-id=\"6e75c1d\" data-element_type=\"widget\" data-e-type=\"widget\" data-widget_type=\"text-editor.default\">\n\t\t\t\t<div class=\"elementor-widget-container\">\n\t\t\t\t\t\t\t\t\t<p><strong>Er du interessert?<\/strong><\/p><p>Da ser vi frem til \u00e5 h\u00f8re fra deg utelukkende p\u00e5 telefon.<\/p><p>Thommen<br>+41 58 502 23 43<br>Mandag til fredag<br>08:00-12:00<br>13:30-17:00<\/p><p><strong>Ingen e-post &#8211; innledende kontakt kun per telefon.<\/strong><\/p>\t\t\t\t\t\t\t\t<\/div>\n\t\t\t\t<\/div>\n\t\t\t\t<\/div>\n\t\t<div class=\"elementor-element elementor-element-75318fc e-con-full e-flex e-con e-child\" data-id=\"75318fc\" data-element_type=\"container\" data-e-type=\"container\" data-settings=\"{&quot;background_background&quot;:&quot;classic&quot;}\">\n\t\t\t\t<div class=\"elementor-element elementor-element-3fdde5a elementor-widget elementor-widget-image\" data-id=\"3fdde5a\" data-element_type=\"widget\" data-e-type=\"widget\" data-widget_type=\"image.default\">\n\t\t\t\t<div class=\"elementor-widget-container\">\n\t\t\t\t\t\t\t\t\t\t\t\t\t\t\t<img fetchpriority=\"high\" decoding=\"async\" width=\"800\" height=\"800\" src=\"https:\/\/roosa.biz\/wp-content\/uploads\/2023\/10\/ROOSA-FINAL.svg\" class=\"attachment-large size-large wp-image-1305\" alt=\"\" \/>\t\t\t\t\t\t\t\t\t\t\t\t\t\t\t<\/div>\n\t\t\t\t<\/div>\n\t\t\t\t<div class=\"elementor-element elementor-element-c63d271 elementor-widget elementor-widget-image\" data-id=\"c63d271\" data-element_type=\"widget\" data-e-type=\"widget\" data-widget_type=\"image.default\">\n\t\t\t\t<div class=\"elementor-widget-container\">\n\t\t\t\t\t\t\t\t\t\t\t\t\t\t\t<img decoding=\"async\" width=\"800\" height=\"371\" src=\"https:\/\/roosa.biz\/wp-content\/uploads\/2025\/04\/new-mockup-2024-4-1024x475.png\" class=\"attachment-large size-large wp-image-1535\" alt=\"\" srcset=\"https:\/\/roosa.biz\/wp-content\/uploads\/2025\/04\/new-mockup-2024-4-1024x475.png 1024w, https:\/\/roosa.biz\/wp-content\/uploads\/2025\/04\/new-mockup-2024-4-300x139.png 300w, https:\/\/roosa.biz\/wp-content\/uploads\/2025\/04\/new-mockup-2024-4-768x356.png 768w, https:\/\/roosa.biz\/wp-content\/uploads\/2025\/04\/new-mockup-2024-4-1536x712.png 1536w, https:\/\/roosa.biz\/wp-content\/uploads\/2025\/04\/new-mockup-2024-4-2048x950.png 2048w\" sizes=\"(max-width: 800px) 100vw, 800px\" \/>\t\t\t\t\t\t\t\t\t\t\t\t\t\t\t<\/div>\n\t\t\t\t<\/div>\n\t\t\t\t<\/div>\n\t\t\t\t\t<\/div>\n\t\t\t\t<\/div>\n\t\t\t\t<\/div>\n\t\t","protected":false},"excerpt":{"rendered":"<p>\u00c5pne stillinger for tiden \u00e5pne stillinger: Talenter innen d\u00f8rsalg Telefonsalg Salgstalenter s\u00f8kes til d\u00f8rsalg 100 % eller fleksibelt | Kun provisjonsjobb | Tysktalende og fransktalende Sveits Vi s\u00f8ker motiverte, selvstendige personligheter til d\u00f8rsalg av toalettpapir. Enten p\u00e5 heltid eller fleksibelt &#8211; vi har to klare modeller, avhengig av din livssituasjon og entrepren\u00f8r\u00e5nd. Det er viktig: [&hellip;]<\/p>\n","protected":false},"author":2,"featured_media":0,"parent":0,"menu_order":0,"comment_status":"closed","ping_status":"closed","template":"elementor_header_footer","meta":{"footnotes":""},"class_list":["post-2214","page","type-page","status-publish","hentry"],"_links":{"self":[{"href":"https:\/\/roosa.biz\/no\/wp-json\/wp\/v2\/pages\/2214","targetHints":{"allow":["GET"]}}],"collection":[{"href":"https:\/\/roosa.biz\/no\/wp-json\/wp\/v2\/pages"}],"about":[{"href":"https:\/\/roosa.biz\/no\/wp-json\/wp\/v2\/types\/page"}],"author":[{"embeddable":true,"href":"https:\/\/roosa.biz\/no\/wp-json\/wp\/v2\/users\/2"}],"replies":[{"embeddable":true,"href":"https:\/\/roosa.biz\/no\/wp-json\/wp\/v2\/comments?post=2214"}],"version-history":[{"count":4,"href":"https:\/\/roosa.biz\/no\/wp-json\/wp\/v2\/pages\/2214\/revisions"}],"predecessor-version":[{"id":2276,"href":"https:\/\/roosa.biz\/no\/wp-json\/wp\/v2\/pages\/2214\/revisions\/2276"}],"wp:attachment":[{"href":"https:\/\/roosa.biz\/no\/wp-json\/wp\/v2\/media?parent=2214"}],"curies":[{"name":"wp","href":"https:\/\/api.w.org\/{rel}","templated":true}]}}