{"id":1573,"date":"2025-07-03T13:23:57","date_gmt":"2025-07-03T13:23:57","guid":{"rendered":"https:\/\/roosa.biz\/ledige-stillinger\/"},"modified":"2026-02-07T08:44:22","modified_gmt":"2026-02-07T08:44:22","slug":"ledige-stillinger","status":"publish","type":"page","link":"https:\/\/roosa.biz\/no\/ledige-stillinger\/","title":{"rendered":"Ledige stillinger"},"content":{"rendered":"\t\t<div data-elementor-type=\"wp-page\" data-elementor-id=\"1573\" class=\"elementor elementor-1573 elementor-1571\" data-elementor-post-type=\"page\">\n\t\t\t\t<div class=\"elementor-element elementor-element-8d19e7e e-flex e-con-boxed e-con e-parent\" data-id=\"8d19e7e\" data-element_type=\"container\" data-e-type=\"container\" data-settings=\"{&quot;background_background&quot;:&quot;classic&quot;}\">\n\t\t\t\t\t<div class=\"e-con-inner\">\n\t\t\t\t<div class=\"elementor-element elementor-element-e67434b elementor-widget__width-initial elementor-widget elementor-widget-heading\" data-id=\"e67434b\" data-element_type=\"widget\" data-e-type=\"widget\" data-widget_type=\"heading.default\">\n\t\t\t\t<div class=\"elementor-widget-container\">\n\t\t\t\t\t<h2 class=\"elementor-heading-title elementor-size-default\">\u00c5pne stillinger<\/h2>\t\t\t\t<\/div>\n\t\t\t\t<\/div>\n\t\t\t\t\t<\/div>\n\t\t\t\t<\/div>\n\t\t<div class=\"elementor-element elementor-element-e271a82 elementor-hidden-desktop elementor-hidden-tablet elementor-hidden-mobile e-flex e-con-boxed e-con e-parent\" data-id=\"e271a82\" data-element_type=\"container\" data-e-type=\"container\">\n\t\t\t\t\t<div class=\"e-con-inner\">\n\t\t<div class=\"elementor-element elementor-element-a77544c e-con-full e-flex e-con e-child\" data-id=\"a77544c\" data-element_type=\"container\" data-e-type=\"container\">\n\t\t\t\t<div class=\"elementor-element elementor-element-75820fb elementor-widget__width-initial elementor-widget elementor-widget-text-editor\" data-id=\"75820fb\" data-element_type=\"widget\" data-e-type=\"widget\" data-widget_type=\"text-editor.default\">\n\t\t\t\t<div class=\"elementor-widget-container\">\n\t\t\t\t\t\t\t\t\t<p><strong>for tiden \u00e5pne stillinger:<\/strong><\/p>\t\t\t\t\t\t\t\t<\/div>\n\t\t\t\t<\/div>\n\t\t\t\t<\/div>\n\t\t<div class=\"elementor-element elementor-element-334e5ec e-con-full e-flex e-con e-child\" data-id=\"334e5ec\" data-element_type=\"container\" data-e-type=\"container\">\n\t\t\t\t<div class=\"elementor-element elementor-element-216878e elementor-mobile-align-center elementor-tablet-align-center elementor-widget elementor-widget-button\" data-id=\"216878e\" data-element_type=\"widget\" data-e-type=\"widget\" data-widget_type=\"button.default\">\n\t\t\t\t<div class=\"elementor-widget-container\">\n\t\t\t\t\t\t\t\t\t<div class=\"elementor-button-wrapper\">\n\t\t\t\t\t<a class=\"elementor-button elementor-size-sm\" role=\"button\">\n\t\t\t\t\t\t<span class=\"elementor-button-content-wrapper\">\n\t\t\t\t\t\t\t\t\t<span class=\"elementor-button-text\">Talenter innen d\u00f8rsalg<\/span>\n\t\t\t\t\t<\/span>\n\t\t\t\t\t<\/a>\n\t\t\t\t<\/div>\n\t\t\t\t\t\t\t\t<\/div>\n\t\t\t\t<\/div>\n\t\t\t\t<\/div>\n\t\t<div class=\"elementor-element elementor-element-7993ecc e-con-full e-flex e-con e-child\" data-id=\"7993ecc\" data-element_type=\"container\" data-e-type=\"container\">\n\t\t\t\t<div class=\"elementor-element elementor-element-3e6bbdf elementor-mobile-align-center elementor-tablet-align-center elementor-widget elementor-widget-button\" data-id=\"3e6bbdf\" data-element_type=\"widget\" data-e-type=\"widget\" data-widget_type=\"button.default\">\n\t\t\t\t<div class=\"elementor-widget-container\">\n\t\t\t\t\t\t\t\t\t<div class=\"elementor-button-wrapper\">\n\t\t\t\t\t<a class=\"elementor-button elementor-size-sm\" role=\"button\">\n\t\t\t\t\t\t<span class=\"elementor-button-content-wrapper\">\n\t\t\t\t\t\t\t\t\t<span class=\"elementor-button-text\">Telefonsalg<\/span>\n\t\t\t\t\t<\/span>\n\t\t\t\t\t<\/a>\n\t\t\t\t<\/div>\n\t\t\t\t\t\t\t\t<\/div>\n\t\t\t\t<\/div>\n\t\t\t\t<\/div>\n\t\t\t\t\t<\/div>\n\t\t\t\t<\/div>\n\t\t<div class=\"elementor-element elementor-element-07f3f8d e-flex e-con-boxed e-con e-parent\" data-id=\"07f3f8d\" data-element_type=\"container\" data-e-type=\"container\">\n\t\t\t\t\t<div class=\"e-con-inner\">\n\t\t<div class=\"elementor-element elementor-element-7b2ce31 e-con-full e-flex e-con e-child\" data-id=\"7b2ce31\" data-element_type=\"container\" data-e-type=\"container\">\n\t\t\t\t<div class=\"elementor-element elementor-element-4de4246 elementor-widget elementor-widget-heading\" data-id=\"4de4246\" data-element_type=\"widget\" data-e-type=\"widget\" data-widget_type=\"heading.default\">\n\t\t\t\t<div class=\"elementor-widget-container\">\n\t\t\t\t\t<h2 class=\"elementor-heading-title elementor-size-default\">Salgstalenter s\u00f8kes til d\u00f8rsalg<\/h2>\t\t\t\t<\/div>\n\t\t\t\t<\/div>\n\t\t\t\t<div class=\"elementor-element elementor-element-7106948 elementor-widget__width-initial elementor-widget elementor-widget-text-editor\" data-id=\"7106948\" data-element_type=\"widget\" data-e-type=\"widget\" data-widget_type=\"text-editor.default\">\n\t\t\t\t<div class=\"elementor-widget-container\">\n\t\t\t\t\t\t\t\t\t<h5>100 % eller fleksibelt | Kun provisjonsjobb | Tysktalende og fransktalende Sveits<\/h5>\t\t\t\t\t\t\t\t<\/div>\n\t\t\t\t<\/div>\n\t\t\t\t<div class=\"elementor-element elementor-element-b474cef elementor-widget__width-initial elementor-widget elementor-widget-text-editor\" data-id=\"b474cef\" data-element_type=\"widget\" data-e-type=\"widget\" data-widget_type=\"text-editor.default\">\n\t\t\t\t<div class=\"elementor-widget-container\">\n\t\t\t\t\t\t\t\t\t<p>Vi s\u00f8ker motiverte, selvstendige personligheter til d\u00f8rsalg av toalettpapir. Enten p\u00e5 heltid eller fleksibelt &#8211; vi har to klare modeller, avhengig av din livssituasjon og entrepren\u00f8r\u00e5nd. <\/p>\t\t\t\t\t\t\t\t<\/div>\n\t\t\t\t<\/div>\n\t\t\t\t<div class=\"elementor-element elementor-element-857a557 elementor-widget__width-initial elementor-widget elementor-widget-text-editor\" data-id=\"857a557\" data-element_type=\"widget\" data-e-type=\"widget\" data-widget_type=\"text-editor.default\">\n\t\t\t\t<div class=\"elementor-widget-container\">\n\t\t\t\t\t\t\t\t\t<p><strong>Det er viktig:<\/strong><\/p><ul><li>Perfekt sveitsertysk (tyskspr\u00e5klige Sveits)<\/li><li>Eller perfekt fransk (fransktalende Sveits)<\/li><\/ul><p> <\/p><p>Andre spr\u00e5kkunnskaper er ikke tilstrekkelig.<\/p>\t\t\t\t\t\t\t\t<\/div>\n\t\t\t\t<\/div>\n\t\t\t\t<div class=\"elementor-element elementor-element-fb5a9b3 elementor-widget__width-initial elementor-widget elementor-widget-text-editor\" data-id=\"fb5a9b3\" data-element_type=\"widget\" data-e-type=\"widget\" data-widget_type=\"text-editor.default\">\n\t\t\t\t<div class=\"elementor-widget-container\">\n\t\t\t\t\t\t\t\t\t<h5>To forretningsmodeller &#8211; du velger selv hva som passer deg best<\/h5>\t\t\t\t\t\t\t\t<\/div>\n\t\t\t\t<\/div>\n\t\t\t\t<div class=\"elementor-element elementor-element-9c7dbad elementor-widget__width-initial elementor-widget elementor-widget-text-editor\" data-id=\"9c7dbad\" data-element_type=\"widget\" data-e-type=\"widget\" data-widget_type=\"text-editor.default\">\n\t\t\t\t<div class=\"elementor-widget-container\">\n\t\t\t\t\t\t\t\t\t<p><strong>Modell 1: D\u00f8rsalg med firmabil (100 %)<\/strong><\/p>\t\t\t\t\t\t\t\t<\/div>\n\t\t\t\t<\/div>\n\t\t\t\t<div class=\"elementor-element elementor-element-2a56c1c elementor-widget__width-initial elementor-widget elementor-widget-text-editor\" data-id=\"2a56c1c\" data-element_type=\"widget\" data-e-type=\"widget\" data-widget_type=\"text-editor.default\">\n\t\t\t\t<div class=\"elementor-widget-container\">\n\t\t\t\t\t\t\t\t\t<p>Denne modellen er rettet mot personer som \u00f8nsker \u00e5 jobbe heltid (100 %).<\/p><p><strong>Generelle betingelser:<\/strong><\/p><ul><li>Vi stiller firmabil til disposisjon<\/li><li>Ikke behov for eget lager<\/li><li>Ren provisjonsjobb uten fast l\u00f8nn<\/li><li>100 % arbeidsmengde obligatorisk<\/li><\/ul><p> <\/p><p><strong>Kommisjonen;<\/strong><\/p><ul><li>CHF 20 per solgte pose<\/li><li>Provisjon fra den tredje posen som selges per dag<\/li><\/ul>\t\t\t\t\t\t\t\t<\/div>\n\t\t\t\t<\/div>\n\t\t\t\t<div class=\"elementor-element elementor-element-0fa8ae7 elementor-widget__width-initial elementor-widget elementor-widget-text-editor\" data-id=\"0fa8ae7\" data-element_type=\"widget\" data-e-type=\"widget\" data-widget_type=\"text-editor.default\">\n\t\t\t\t<div class=\"elementor-widget-container\">\n\t\t\t\t\t\t\t\t\t<p><strong>Modell 2: D\u00f8rsalg hjemmefra (fleksibel)<\/strong><\/p>\t\t\t\t\t\t\t\t<\/div>\n\t\t\t\t<\/div>\n\t\t\t\t<div class=\"elementor-element elementor-element-8ecb753 elementor-widget__width-initial elementor-widget elementor-widget-text-editor\" data-id=\"8ecb753\" data-element_type=\"widget\" data-e-type=\"widget\" data-widget_type=\"text-editor.default\">\n\t\t\t\t<div class=\"elementor-widget-container\">\n\t\t\t\t\t\t\t\t\t<p>Denne modellen er ideell for selvstendige, fleksible selgere.<\/p><p><strong>Generelle betingelser:<\/strong><\/p><ul><li>Eget kj\u00f8ret\u00f8y<\/li><li>Lite lager hjemme (plass til ca. 4 paller)<\/li><li>Fleksibel arbeidstid (deltid er ogs\u00e5 mulig)<\/li><li>Ren provisjonsjobb uten fast l\u00f8nn<\/li><\/ul><p>   <\/p><p><strong>Kommisjonen:<\/strong><\/p><ul><li>CHF 20 per solgte pose<\/li><li>Provisjon fra den f\u00f8rste posen<\/li><\/ul><p>  <\/p>\t\t\t\t\t\t\t\t<\/div>\n\t\t\t\t<\/div>\n\t\t\t\t<div class=\"elementor-element elementor-element-0e99ca2 elementor-widget__width-initial elementor-widget elementor-widget-text-editor\" data-id=\"0e99ca2\" data-element_type=\"widget\" data-e-type=\"widget\" data-widget_type=\"text-editor.default\">\n\t\t\t\t<div class=\"elementor-widget-container\">\n\t\t\t\t\t\t\t\t\t<p><strong>Dine oppgaver:<\/strong><\/p><ul><li>D\u00f8rsalg av toalettpapir i det tildelte omr\u00e5det<\/li><li>Direkte kundekontakt og r\u00e5dgivning<\/li><li>Selvstendig organisering av den daglige arbeidsrutinen<\/li><li>Seri\u00f8s og vennlig opptreden overfor kundene<\/li><\/ul><p>   <\/p><p><strong>Hva du tar med deg:<\/strong><\/p><ul><li>Perfekt sveitsertysk eller perfekt fransk<\/li><li>Nyt direkte kundekontakt<\/li><li>P\u00e5litelighet, initiativ og utholdenhet<\/li><li>F\u00f8rerkort for kategori B<\/li><li>Motivasjon for resultatavhengig inntjening<\/li><\/ul><p>    <\/p><p><strong>Dette er hva vi tilbyr:<\/strong><\/p><ul><li>Tydelige og transparente kommisjonsbestemmelser<\/li><li>Sv\u00e6rt h\u00f8yt inntjeningspotensial med gode resultater<\/li><li>Grundig familiarisering<\/li><li>Langsiktig samarbeid mulig<\/li><li>Selvstendig arbeid med mye frihet<\/li><\/ul><p>    <\/p>\t\t\t\t\t\t\t\t<\/div>\n\t\t\t\t<\/div>\n\t\t\t\t<div class=\"elementor-element elementor-element-6e75c1d elementor-widget__width-initial elementor-widget elementor-widget-text-editor\" data-id=\"6e75c1d\" data-element_type=\"widget\" data-e-type=\"widget\" data-widget_type=\"text-editor.default\">\n\t\t\t\t<div class=\"elementor-widget-container\">\n\t\t\t\t\t\t\t\t\t<p><strong>Er du interessert?<\/strong><\/p><p>Da ser vi frem til \u00e5 h\u00f8re fra deg utelukkende p\u00e5 telefon.<\/p><p>Thommen<br>+41 58 502 23 43<br>Mandag til fredag<br>08:00-12:00<br>13:30-17:00<\/p><p><strong>Ingen e-post &#8211; innledende kontakt kun per telefon.<\/strong><\/p>\t\t\t\t\t\t\t\t<\/div>\n\t\t\t\t<\/div>\n\t\t\t\t<div class=\"elementor-element elementor-element-dac5638 elementor-widget elementor-widget-menu-anchor\" data-id=\"dac5638\" data-element_type=\"widget\" data-e-type=\"widget\" data-widget_type=\"menu-anchor.default\">\n\t\t\t\t<div class=\"elementor-widget-container\">\n\t\t\t\t\t\t\t<div class=\"elementor-menu-anchor\" id=\"Telefon\"><\/div>\n\t\t\t\t\t\t<\/div>\n\t\t\t\t<\/div>\n\t\t\t\t<\/div>\n\t\t<div class=\"elementor-element elementor-element-75318fc e-con-full e-flex e-con e-child\" data-id=\"75318fc\" data-element_type=\"container\" data-e-type=\"container\" data-settings=\"{&quot;background_background&quot;:&quot;classic&quot;}\">\n\t\t\t\t<div class=\"elementor-element elementor-element-3fdde5a elementor-widget elementor-widget-image\" data-id=\"3fdde5a\" data-element_type=\"widget\" data-e-type=\"widget\" data-widget_type=\"image.default\">\n\t\t\t\t<div class=\"elementor-widget-container\">\n\t\t\t\t\t\t\t\t\t\t\t\t\t\t\t<img fetchpriority=\"high\" decoding=\"async\" width=\"800\" height=\"800\" src=\"https:\/\/roosa.biz\/wp-content\/uploads\/2023\/10\/ROOSA-FINAL.svg\" class=\"attachment-large size-large wp-image-1305\" alt=\"\" \/>\t\t\t\t\t\t\t\t\t\t\t\t\t\t\t<\/div>\n\t\t\t\t<\/div>\n\t\t\t\t<div class=\"elementor-element elementor-element-c63d271 elementor-widget elementor-widget-image\" data-id=\"c63d271\" data-element_type=\"widget\" data-e-type=\"widget\" data-widget_type=\"image.default\">\n\t\t\t\t<div class=\"elementor-widget-container\">\n\t\t\t\t\t\t\t\t\t\t\t\t\t\t\t<img decoding=\"async\" width=\"800\" height=\"371\" src=\"https:\/\/roosa.biz\/wp-content\/uploads\/2025\/04\/new-mockup-2024-4-1024x475.png\" class=\"attachment-large size-large wp-image-1535\" alt=\"\" srcset=\"https:\/\/roosa.biz\/wp-content\/uploads\/2025\/04\/new-mockup-2024-4-1024x475.png 1024w, https:\/\/roosa.biz\/wp-content\/uploads\/2025\/04\/new-mockup-2024-4-300x139.png 300w, https:\/\/roosa.biz\/wp-content\/uploads\/2025\/04\/new-mockup-2024-4-768x356.png 768w, https:\/\/roosa.biz\/wp-content\/uploads\/2025\/04\/new-mockup-2024-4-1536x712.png 1536w, https:\/\/roosa.biz\/wp-content\/uploads\/2025\/04\/new-mockup-2024-4-2048x950.png 2048w\" sizes=\"(max-width: 800px) 100vw, 800px\" \/>\t\t\t\t\t\t\t\t\t\t\t\t\t\t\t<\/div>\n\t\t\t\t<\/div>\n\t\t\t\t<\/div>\n\t\t\t\t\t<\/div>\n\t\t\t\t<\/div>\n\t\t<div class=\"elementor-element elementor-element-940eec5 e-flex e-con-boxed e-con e-parent\" data-id=\"940eec5\" data-element_type=\"container\" data-e-type=\"container\">\n\t\t\t\t\t<div class=\"e-con-inner\">\n\t\t<div class=\"elementor-element elementor-element-0ab0389 e-con-full e-flex e-con e-child\" data-id=\"0ab0389\" data-element_type=\"container\" data-e-type=\"container\">\n\t\t\t\t<div class=\"elementor-element elementor-element-c66e08b elementor-widget elementor-widget-heading\" data-id=\"c66e08b\" data-element_type=\"widget\" data-e-type=\"widget\" data-widget_type=\"heading.default\">\n\t\t\t\t<div class=\"elementor-widget-container\">\n\t\t\t\t\t<h2 class=\"elementor-heading-title elementor-size-default\">P\u00e5 jakt etter unge salgstalenter p\u00e5 telefon 100% med luksusprovisjoner\n<\/h2>\t\t\t\t<\/div>\n\t\t\t\t<\/div>\n\t\t\t\t<div class=\"elementor-element elementor-element-20876f8 elementor-widget__width-initial elementor-widget elementor-widget-text-editor\" data-id=\"20876f8\" data-element_type=\"widget\" data-e-type=\"widget\" data-widget_type=\"text-editor.default\">\n\t\t\t\t<div class=\"elementor-widget-container\">\n\t\t\t\t\t\t\t\t\t<h5>Det sveitsiske og tyske markedet | P\u00e5 stedet | Kommisjonsmodell<\/h5>\t\t\t\t\t\t\t\t<\/div>\n\t\t\t\t<\/div>\n\t\t\t\t<div class=\"elementor-element elementor-element-3c35bde elementor-widget__width-initial elementor-widget elementor-widget-text-editor\" data-id=\"3c35bde\" data-element_type=\"widget\" data-e-type=\"widget\" data-widget_type=\"text-editor.default\">\n\t\t\t\t<div class=\"elementor-widget-container\">\n\t\t\t\t\t\t\t\t\t<p><b>Om oss:<\/b><\/p><p>Vi er et av de ledende selskapene innen hygieneprodukter i Sveits. Som en av de st\u00f8rste distribut\u00f8rene av toalettpapir forsyner vi bedrifts- og privatkunder med produkter av h\u00f8y kvalitet. Vi fokuserer p\u00e5 vekst, tydelige salgsstrukturer og prestasjonsorientert avl\u00f8nning.  <\/p>\t\t\t\t\t\t\t\t<\/div>\n\t\t\t\t<\/div>\n\t\t\t\t<div class=\"elementor-element elementor-element-616fac5 elementor-widget__width-initial elementor-widget elementor-widget-text-editor\" data-id=\"616fac5\" data-element_type=\"widget\" data-e-type=\"widget\" data-widget_type=\"text-editor.default\">\n\t\t\t\t<div class=\"elementor-widget-container\">\n\t\t\t\t\t\t\t\t\t<h5>Viktig p\u00e5 forh\u00e5nd &#8211; spr\u00e5k og bruksomr\u00e5de<\/h5>\t\t\t\t\t\t\t\t<\/div>\n\t\t\t\t<\/div>\n\t\t\t\t<div class=\"elementor-element elementor-element-adfcf49 elementor-widget__width-initial elementor-widget elementor-widget-text-editor\" data-id=\"adfcf49\" data-element_type=\"widget\" data-e-type=\"widget\" data-widget_type=\"text-editor.default\">\n\t\t\t\t<div class=\"elementor-widget-container\">\n\t\t\t\t\t\t\t\t\t<p><strong>Det sveitsiske markedet<\/strong><\/p><ul><li>Bare folk med perfekt sveitsertysk<\/li><li>Telefonsalg til sveitsiske kunder<\/li><li>Fast l\u00f8nn + provisjon<\/li><li>Arbeidssted: Olten-kontoret<br>Ikke hjemmekontor<\/li><\/ul><p>   <\/p>\t\t\t\t\t\t\t\t<\/div>\n\t\t\t\t<\/div>\n\t\t\t\t<div class=\"elementor-element elementor-element-82d617f elementor-widget__width-initial elementor-widget elementor-widget-text-editor\" data-id=\"82d617f\" data-element_type=\"widget\" data-e-type=\"widget\" data-widget_type=\"text-editor.default\">\n\t\t\t\t<div class=\"elementor-widget-container\">\n\t\t\t\t\t\t\t\t\t<p><strong>Det tyske markedet<\/strong><\/p><ul><li>Bare folk med <strong>perfekt h\u00f8ytysk<\/strong><\/li><li>Telefonsalg til tyske kunder<\/li><li>Ren provisjonsjobb<\/li><li>Ingen fast l\u00f8nn<\/li><\/ul><p>    <\/p>\t\t\t\t\t\t\t\t<\/div>\n\t\t\t\t<\/div>\n\t\t\t\t<div class=\"elementor-element elementor-element-548571c elementor-widget__width-initial elementor-widget elementor-widget-text-editor\" data-id=\"548571c\" data-element_type=\"widget\" data-e-type=\"widget\" data-widget_type=\"text-editor.default\">\n\t\t\t\t<div class=\"elementor-widget-container\">\n\t\t\t\t\t\t\t\t\t<h5>Arbeids- og sysselsettingsmodeller  <\/h5>\t\t\t\t\t\t\t\t<\/div>\n\t\t\t\t<\/div>\n\t\t\t\t<div class=\"elementor-element elementor-element-26628c6 elementor-widget__width-initial elementor-widget elementor-widget-text-editor\" data-id=\"26628c6\" data-element_type=\"widget\" data-e-type=\"widget\" data-widget_type=\"text-editor.default\">\n\t\t\t\t<div class=\"elementor-widget-container\">\n\t\t\t\t\t\t\t\t\t<p><strong>Det tyske markedet<\/strong><\/p><p><em>Alternativ 1: Arbeidskraft fra Sveits<\/em><\/p><ul><li>Telefonsalg til tyske kunder<\/li><li>Mulighet for ansettelse i Sveits<\/li><li>Arbeid p\u00e5 stedet (ikke hjemmekontor)<\/li><\/ul><p>      <\/p><p><em>Variant 2: Arbeidskraft fra Tyskland<\/em><\/p><ul><li>Arbeid utelukkende p\u00e5 stedet i Herten<\/li><li>Ingen ansettelse mulig i Tyskland<\/li><li>Samarbeid kun med selvstendig n\u00e6ringsdrivende<\/li><li>Eget selskap eller<\/li><li>Offisiell registrering som selvstendig n\u00e6ringsdrivende\/forretningsdrivende obligatorisk<\/li><\/ul><p>     <\/p>\t\t\t\t\t\t\t\t<\/div>\n\t\t\t\t<\/div>\n\t\t\t\t<div class=\"elementor-element elementor-element-8f6bb31 elementor-widget__width-initial elementor-widget elementor-widget-text-editor\" data-id=\"8f6bb31\" data-element_type=\"widget\" data-e-type=\"widget\" data-widget_type=\"text-editor.default\">\n\t\t\t\t<div class=\"elementor-widget-container\">\n\t\t\t\t\t\t\t\t\t<p><strong>Dine oppgaver:<\/strong><\/p><ul><li>Telefonsalg av hygieneproduktene v\u00e5re<\/li><li>Aktiv kundetiln\u00e6rming og salgsorientering<\/li><li>Profesjonell r\u00e5dgivning for bedrifts- og privatkunder<\/li><li>Aktivt bidrag til selskapets vekst<\/li><\/ul><p>   <\/p>\t\t\t\t\t\t\t\t<\/div>\n\t\t\t\t<\/div>\n\t\t\t\t<div class=\"elementor-element elementor-element-5abe4f7 elementor-widget__width-initial elementor-widget elementor-widget-text-editor\" data-id=\"5abe4f7\" data-element_type=\"widget\" data-e-type=\"widget\" data-widget_type=\"text-editor.default\">\n\t\t\t\t<div class=\"elementor-widget-container\">\n\t\t\t\t\t\t\t\t\t<p><strong>Dette er hva vi tilbyr:<\/strong><\/p><ul><li>Sv\u00e6rt h\u00f8yt inntjeningspotensial takket v\u00e6re attraktive provisjoner<\/li><li>Fastl\u00f8nn kun for det sveitsiske markedet<\/li><li>Ren provisjonsjobb i det tyske markedet<\/li><li>Strukturert introduksjon og oppl\u00e6ring<\/li><li>Moderne arbeidsplass i Olten eller Herten<\/li><li>Langsiktig perspektiv i et selskap i vekst<\/li><li>Tydelige salgsprosesser<\/li><\/ul><p>   <\/p>\t\t\t\t\t\t\t\t<\/div>\n\t\t\t\t<\/div>\n\t\t\t\t<div class=\"elementor-element elementor-element-3ec3735 elementor-widget__width-initial elementor-widget elementor-widget-text-editor\" data-id=\"3ec3735\" data-element_type=\"widget\" data-e-type=\"widget\" data-widget_type=\"text-editor.default\">\n\t\t\t\t<div class=\"elementor-widget-container\">\n\t\t\t\t\t\t\t\t\t<p><strong>Hva du tar med deg:<\/strong><\/p><ul><li>Perfekt sveitsertysk eller perfekt h\u00f8ytysk (avhengig av markedet)<\/li><li>Trives med telefonsalg<\/li><li>Avslutningskraft og vilje til \u00e5 prestere<\/li><li>P\u00e5litelighet og initiativ<\/li><li>Motivasjon for resultatavhengig inntjening<\/li><\/ul><p>    <\/p>\t\t\t\t\t\t\t\t<\/div>\n\t\t\t\t<\/div>\n\t\t\t\t<div class=\"elementor-element elementor-element-e656f9e elementor-widget__width-initial elementor-widget elementor-widget-text-editor\" data-id=\"e656f9e\" data-element_type=\"widget\" data-e-type=\"widget\" data-widget_type=\"text-editor.default\">\n\t\t\t\t<div class=\"elementor-widget-container\">\n\t\t\t\t\t\t\t\t\t<p><strong>Er du interessert?<\/strong><\/p><p>Da ser vi frem til \u00e5 h\u00f8re fra deg utelukkende p\u00e5 telefon.<\/p><p>Thommen<br>+41 58 502 23 43<br>Mandag til fredag<br>08:00-12:00<br>13:30-17:00<\/p><p><strong>Ingen e-post &#8211; innledende kontakt kun per telefon.<\/strong><\/p>\t\t\t\t\t\t\t\t<\/div>\n\t\t\t\t<\/div>\n\t\t\t\t<\/div>\n\t\t<div class=\"elementor-element elementor-element-4c49167 e-con-full e-flex e-con e-child\" data-id=\"4c49167\" data-element_type=\"container\" data-e-type=\"container\" data-settings=\"{&quot;background_background&quot;:&quot;classic&quot;}\">\n\t\t\t\t<div class=\"elementor-element elementor-element-dc8215d elementor-widget elementor-widget-image\" data-id=\"dc8215d\" data-element_type=\"widget\" data-e-type=\"widget\" data-widget_type=\"image.default\">\n\t\t\t\t<div class=\"elementor-widget-container\">\n\t\t\t\t\t\t\t\t\t\t\t\t\t\t\t<img fetchpriority=\"high\" decoding=\"async\" width=\"800\" height=\"800\" src=\"https:\/\/roosa.biz\/wp-content\/uploads\/2023\/10\/ROOSA-FINAL.svg\" class=\"attachment-large size-large wp-image-1305\" alt=\"\" \/>\t\t\t\t\t\t\t\t\t\t\t\t\t\t\t<\/div>\n\t\t\t\t<\/div>\n\t\t\t\t<div class=\"elementor-element elementor-element-ba9c391 elementor-widget elementor-widget-image\" data-id=\"ba9c391\" data-element_type=\"widget\" data-e-type=\"widget\" data-widget_type=\"image.default\">\n\t\t\t\t<div class=\"elementor-widget-container\">\n\t\t\t\t\t\t\t\t\t\t\t\t\t\t\t<img decoding=\"async\" width=\"800\" height=\"371\" src=\"https:\/\/roosa.biz\/wp-content\/uploads\/2025\/04\/new-mockup-2024-4-1024x475.png\" class=\"attachment-large size-large wp-image-1535\" alt=\"\" srcset=\"https:\/\/roosa.biz\/wp-content\/uploads\/2025\/04\/new-mockup-2024-4-1024x475.png 1024w, https:\/\/roosa.biz\/wp-content\/uploads\/2025\/04\/new-mockup-2024-4-300x139.png 300w, https:\/\/roosa.biz\/wp-content\/uploads\/2025\/04\/new-mockup-2024-4-768x356.png 768w, https:\/\/roosa.biz\/wp-content\/uploads\/2025\/04\/new-mockup-2024-4-1536x712.png 1536w, https:\/\/roosa.biz\/wp-content\/uploads\/2025\/04\/new-mockup-2024-4-2048x950.png 2048w\" sizes=\"(max-width: 800px) 100vw, 800px\" \/>\t\t\t\t\t\t\t\t\t\t\t\t\t\t\t<\/div>\n\t\t\t\t<\/div>\n\t\t\t\t<\/div>\n\t\t\t\t\t<\/div>\n\t\t\t\t<\/div>\n\t\t\t\t<\/div>\n\t\t","protected":false},"excerpt":{"rendered":"<p>\u00c5pne stillinger for tiden \u00e5pne stillinger: Talenter innen d\u00f8rsalg Telefonsalg Salgstalenter s\u00f8kes til d\u00f8rsalg 100 % eller fleksibelt | Kun provisjonsjobb | Tysktalende og fransktalende Sveits Vi s\u00f8ker motiverte, selvstendige personligheter til d\u00f8rsalg av toalettpapir. Enten p\u00e5 heltid eller fleksibelt &#8211; vi har to klare modeller, avhengig av din livssituasjon og entrepren\u00f8r\u00e5nd. Det er viktig: [&hellip;]<\/p>\n","protected":false},"author":2,"featured_media":0,"parent":0,"menu_order":0,"comment_status":"closed","ping_status":"closed","template":"elementor_header_footer","meta":{"footnotes":""},"class_list":["post-1573","page","type-page","status-publish","hentry"],"_links":{"self":[{"href":"https:\/\/roosa.biz\/no\/wp-json\/wp\/v2\/pages\/1573","targetHints":{"allow":["GET"]}}],"collection":[{"href":"https:\/\/roosa.biz\/no\/wp-json\/wp\/v2\/pages"}],"about":[{"href":"https:\/\/roosa.biz\/no\/wp-json\/wp\/v2\/types\/page"}],"author":[{"embeddable":true,"href":"https:\/\/roosa.biz\/no\/wp-json\/wp\/v2\/users\/2"}],"replies":[{"embeddable":true,"href":"https:\/\/roosa.biz\/no\/wp-json\/wp\/v2\/comments?post=1573"}],"version-history":[{"count":5,"href":"https:\/\/roosa.biz\/no\/wp-json\/wp\/v2\/pages\/1573\/revisions"}],"predecessor-version":[{"id":2167,"href":"https:\/\/roosa.biz\/no\/wp-json\/wp\/v2\/pages\/1573\/revisions\/2167"}],"wp:attachment":[{"href":"https:\/\/roosa.biz\/no\/wp-json\/wp\/v2\/media?parent=1573"}],"curies":[{"name":"wp","href":"https:\/\/api.w.org\/{rel}","templated":true}]}}