{"id":1351,"date":"2023-10-23T19:08:20","date_gmt":"2023-10-23T19:08:20","guid":{"rendered":"https:\/\/roosa.biz\/vaart-engasjement\/"},"modified":"2026-03-11T08:33:04","modified_gmt":"2026-03-11T08:33:04","slug":"vaart-engasjement","status":"publish","type":"page","link":"https:\/\/roosa.biz\/no\/vaart-engasjement\/","title":{"rendered":"V\u00e5rt engasjement"},"content":{"rendered":"\t\t<div data-elementor-type=\"wp-page\" data-elementor-id=\"1351\" class=\"elementor elementor-1351 elementor-402\" data-elementor-post-type=\"page\">\n\t\t\t\t<div class=\"elementor-element elementor-element-5843755 e-flex e-con-boxed e-con e-parent\" data-id=\"5843755\" data-element_type=\"container\" data-e-type=\"container\" data-settings=\"{&quot;background_background&quot;:&quot;classic&quot;}\">\n\t\t\t\t\t<div class=\"e-con-inner\">\n\t\t\t\t<div class=\"elementor-element elementor-element-707a2dd elementor-widget__width-inherit elementor-widget elementor-widget-heading\" data-id=\"707a2dd\" data-element_type=\"widget\" data-e-type=\"widget\" data-widget_type=\"heading.default\">\n\t\t\t\t<div class=\"elementor-widget-container\">\n\t\t\t\t\t<h2 class=\"elementor-heading-title elementor-size-default\">V\u00e5rt engasjement<\/h2>\t\t\t\t<\/div>\n\t\t\t\t<\/div>\n\t\t\t\t\t<\/div>\n\t\t\t\t<\/div>\n\t\t<div class=\"elementor-element elementor-element-a595580 e-flex e-con-boxed e-con e-parent\" data-id=\"a595580\" data-element_type=\"container\" data-e-type=\"container\">\n\t\t\t\t\t<div class=\"e-con-inner\">\n\t\t<div class=\"elementor-element elementor-element-444defd e-con-full e-flex e-con e-child\" data-id=\"444defd\" data-element_type=\"container\" data-e-type=\"container\">\n\t\t\t\t<div class=\"elementor-element elementor-element-dc776a7 elementor-widget elementor-widget-heading\" data-id=\"dc776a7\" data-element_type=\"widget\" data-e-type=\"widget\" data-widget_type=\"heading.default\">\n\t\t\t\t<div class=\"elementor-widget-container\">\n\t\t\t\t\t<h2 class=\"elementor-heading-title elementor-size-default\">Sammen for en bedre fremtid<\/h2>\t\t\t\t<\/div>\n\t\t\t\t<\/div>\n\t\t\t\t<div class=\"elementor-element elementor-element-52f61d9 elementor-widget__width-initial elementor-widget elementor-widget-text-editor\" data-id=\"52f61d9\" data-element_type=\"widget\" data-e-type=\"widget\" data-widget_type=\"text-editor.default\">\n\t\t\t\t<div class=\"elementor-widget-container\">\n\t\t\t\t\t\t\t\t\t<p>I ROOSA er vi overbevist om at selskaper har makt og ansvar for \u00e5 gj\u00f8re verden til et bedre sted. V\u00e5rt form\u00e5l g\u00e5r langt utover det \u00e5 selge toalettpapir, fordi vi mener at barn er fremtiden. Og den fremtiden fortjener beskyttelse, st\u00f8tte og et kj\u00e6rlig milj\u00f8.  <\/p>\t\t\t\t\t\t\t\t<\/div>\n\t\t\t\t<\/div>\n\t\t\t\t<div class=\"elementor-element elementor-element-ae9e7c9 elementor-widget elementor-widget-heading\" data-id=\"ae9e7c9\" data-element_type=\"widget\" data-e-type=\"widget\" data-widget_type=\"heading.default\">\n\t\t\t\t<div class=\"elementor-widget-container\">\n\t\t\t\t\t<h2 class=\"elementor-heading-title elementor-size-default\">V\u00e5rt oppdrag  <\/h2>\t\t\t\t<\/div>\n\t\t\t\t<\/div>\n\t\t\t\t<div class=\"elementor-element elementor-element-b519090 elementor-widget__width-auto elementor-widget-mobile__width-inherit elementor-widget elementor-widget-heading\" data-id=\"b519090\" data-element_type=\"widget\" data-e-type=\"widget\" data-widget_type=\"heading.default\">\n\t\t\t\t<div class=\"elementor-widget-container\">\n\t\t\t\t\t<h2 class=\"elementor-heading-title elementor-size-default\">Barnevern i Tyskland, \u00d8sterrike og Sveits.<\/h2>\t\t\t\t<\/div>\n\t\t\t\t<\/div>\n\t\t\t\t<div class=\"elementor-element elementor-element-446201c elementor-widget elementor-widget-heading\" data-id=\"446201c\" data-element_type=\"widget\" data-e-type=\"widget\" data-widget_type=\"heading.default\">\n\t\t\t\t<div class=\"elementor-widget-container\">\n\t\t\t\t\t<h2 class=\"elementor-heading-title elementor-size-default\">ROOSA er stolt av \u00e5 v\u00e6re partner i Child Protection Alliance i Tyskland, \u00d8sterrike og Sveits.&nbsp;<\/h2>\t\t\t\t<\/div>\n\t\t\t\t<\/div>\n\t\t\t\t<\/div>\n\t\t<div class=\"elementor-element elementor-element-2ffcd2b e-con-full e-flex e-con e-child\" data-id=\"2ffcd2b\" data-element_type=\"container\" data-e-type=\"container\" data-settings=\"{&quot;background_background&quot;:&quot;classic&quot;}\">\n\t\t\t\t<div class=\"elementor-element elementor-element-4cc534b elementor-widget elementor-widget-image\" data-id=\"4cc534b\" data-element_type=\"widget\" data-e-type=\"widget\" data-widget_type=\"image.default\">\n\t\t\t\t<div class=\"elementor-widget-container\">\n\t\t\t\t\t\t\t\t\t\t\t\t\t\t\t<img fetchpriority=\"high\" decoding=\"async\" width=\"498\" height=\"416\" src=\"https:\/\/roosa.biz\/wp-content\/uploads\/2024\/09\/dedadae.svg\" class=\"attachment-large size-large wp-image-1354\" alt=\"\" \/>\t\t\t\t\t\t\t\t\t\t\t\t\t\t\t<\/div>\n\t\t\t\t<\/div>\n\t\t\t\t<\/div>\n\t\t\t\t\t<\/div>\n\t\t\t\t<\/div>\n\t\t<div class=\"elementor-element elementor-element-8d46978 e-flex e-con-boxed e-con e-parent\" data-id=\"8d46978\" data-element_type=\"container\" data-e-type=\"container\">\n\t\t\t\t\t<div class=\"e-con-inner\">\n\t\t<div class=\"elementor-element elementor-element-91f478a e-con-full e-flex e-con e-child\" data-id=\"91f478a\" data-element_type=\"container\" data-e-type=\"container\">\n\t\t\t\t<div class=\"elementor-element elementor-element-06661a3 elementor-widget-mobile__width-inherit elementor-widget elementor-widget-heading\" data-id=\"06661a3\" data-element_type=\"widget\" data-e-type=\"widget\" data-widget_type=\"heading.default\">\n\t\t\t\t<div class=\"elementor-widget-container\">\n\t\t\t\t\t<h2 class=\"elementor-heading-title elementor-size-default\">Donasjoner til forebyggende prosjekter<\/h2>\t\t\t\t<\/div>\n\t\t\t\t<\/div>\n\t\t\t\t<div class=\"elementor-element elementor-element-609c9be elementor-widget__width-inherit elementor-widget-mobile__width-inherit elementor-widget elementor-widget-text-editor\" data-id=\"609c9be\" data-element_type=\"widget\" data-e-type=\"widget\" data-widget_type=\"text-editor.default\">\n\t\t\t\t<div class=\"elementor-widget-container\">\n\t\t\t\t\t\t\t\t\t<p>Donasjonene som kommer inn gjennom salg og distribusjon av ROOSA-toalettpapir, vil i fremtiden bli brukt til forebyggende prosjekter og r\u00e5dgivningsb\u00f8ker for \u00e5 \u00f8ke bevisstheten om mobbing, vold, hat og fordommer blant barn og unge og i samfunnet v\u00e5rt.<\/p><p>Vi \u00f8nsker ogs\u00e5 \u00e5 bevisstgj\u00f8re samfunnet v\u00e5rt gjennom landsomfattende opplysningskampanjer og opplysningsfilmer, og gjennom gratiskonserter p\u00e5 store arenaer eller stadioner med kjente sangere og artister, og p\u00e5 den m\u00e5ten rette oppmerksomheten mot de daglige farene ved mobbing, hat, utestenging og vold i samfunnet v\u00e5rt, og mot den daglige volden og overgrepene mot og av barn i landet v\u00e5rt.<\/p><p> <\/p>\t\t\t\t\t\t\t\t<\/div>\n\t\t\t\t<\/div>\n\t\t\t\t<\/div>\n\t\t\t\t\t<\/div>\n\t\t\t\t<\/div>\n\t\t<div class=\"elementor-element elementor-element-10022fc e-flex e-con-boxed e-con e-parent\" data-id=\"10022fc\" data-element_type=\"container\" data-e-type=\"container\">\n\t\t\t\t\t<div class=\"e-con-inner\">\n\t\t<div class=\"elementor-element elementor-element-5e11f9c e-con-full e-flex e-con e-child\" data-id=\"5e11f9c\" data-element_type=\"container\" data-e-type=\"container\">\n\t\t\t\t<div class=\"elementor-element elementor-element-2f6f8b7 elementor-widget-mobile__width-inherit elementor-widget elementor-widget-heading\" data-id=\"2f6f8b7\" data-element_type=\"widget\" data-e-type=\"widget\" data-widget_type=\"heading.default\">\n\t\t\t\t<div class=\"elementor-widget-container\">\n\t\t\t\t\t<h2 class=\"elementor-heading-title elementor-size-default\">I 2025 donerte vi over 50 000 CHF og mer enn 40 000 EUR<\/h2>\t\t\t\t<\/div>\n\t\t\t\t<\/div>\n\t\t\t\t<div class=\"elementor-element elementor-element-b1fab19 elementor-widget__width-inherit elementor-widget-mobile__width-inherit elementor-widget elementor-widget-text-editor\" data-id=\"b1fab19\" data-element_type=\"widget\" data-e-type=\"widget\" data-widget_type=\"text-editor.default\">\n\t\t\t\t<div class=\"elementor-widget-container\">\n\t\t\t\t\t\t\t\t\t<p>Takket v\u00e6re det vellykkede salget av produktene v\u00e5re i 2025 kunne vi gi betydelige donasjoner til den <strong>sveitsiske<\/strong> <strong>Child<\/strong> <strong>Protection Alliance<\/strong> og den <strong>tyske Child Protection<\/strong> <strong>Alliance<\/strong>. Med over <strong>50 000 CHF og<\/strong> mer enn <strong>40 000 EUR<\/strong> har vi gitt et verdifullt bidrag til beskyttelse av barn. <\/p><p>For hver pakke med 8 pakker g\u00e5r 10 centimes eller 10 cent til disse organisasjonene. For hver pose (7 x 8 pakker) doneres 70 centimes eller 70 cent. <\/p><p>Vi er motiverte til \u00e5 fortsette \u00e5 st\u00f8tte dette og gj\u00f8re v\u00e5rt for \u00e5 forbedre levek\u00e5rene til barn og unge.<\/p>\t\t\t\t\t\t\t\t<\/div>\n\t\t\t\t<\/div>\n\t\t\t\t<\/div>\n\t\t\t\t\t<\/div>\n\t\t\t\t<\/div>\n\t\t<div class=\"elementor-element elementor-element-6465821 e-flex e-con-boxed e-con e-parent\" data-id=\"6465821\" data-element_type=\"container\" data-e-type=\"container\">\n\t\t\t\t\t<div class=\"e-con-inner\">\n\t\t<div class=\"elementor-element elementor-element-126d08b e-con-full e-flex e-con e-child\" data-id=\"126d08b\" data-element_type=\"container\" data-e-type=\"container\">\n\t\t\t\t<div class=\"elementor-element elementor-element-900e702 elementor-widget-mobile__width-inherit elementor-widget elementor-widget-heading\" data-id=\"900e702\" data-element_type=\"widget\" data-e-type=\"widget\" data-widget_type=\"heading.default\">\n\t\t\t\t<div class=\"elementor-widget-container\">\n\t\t\t\t\t<h2 class=\"elementor-heading-title elementor-size-default\">Landsomfattende oppl\u00e6ring og bevisstgj\u00f8ring<\/h2>\t\t\t\t<\/div>\n\t\t\t\t<\/div>\n\t\t\t\t<div class=\"elementor-element elementor-element-61ba5a0 elementor-widget__width-initial elementor-widget-mobile__width-inherit elementor-widget elementor-widget-text-editor\" data-id=\"61ba5a0\" data-element_type=\"widget\" data-e-type=\"widget\" data-widget_type=\"text-editor.default\">\n\t\t\t\t<div class=\"elementor-widget-container\">\n\t\t\t\t\t\t\t\t\t<p>M\u00e5let v\u00e5rt er \u00e5 bruke denne landsomfattende utdanningen og bevisstgj\u00f8ringen, st\u00f8ttet av ROOSA toalettpapir og alle dets brukere og st\u00f8ttespillere, til \u00e5 f\u00e5 til langsiktige og b\u00e6rekraftige endringer i samfunnet v\u00e5rt n\u00e5r det gjelder \u00e5 h\u00e5ndtere disse farene og tabubelagte temaene i landet v\u00e5rt.<\/p><p><strong>Carsten Stahl &amp; Beat M\u00f6rker<\/strong><\/p><p>B\u00fcndnis Kinderschutz, Stoppt Mobbing og ROOSA, i Tyskland, \u00d8sterrike og Sveits<\/p>\t\t\t\t\t\t\t\t<\/div>\n\t\t\t\t<\/div>\n\t\t\t\t<\/div>\n\t\t\t\t<div class=\"elementor-element elementor-element-d4ad6af elementor-widget elementor-widget-image\" data-id=\"d4ad6af\" data-element_type=\"widget\" data-e-type=\"widget\" data-widget_type=\"image.default\">\n\t\t\t\t<div class=\"elementor-widget-container\">\n\t\t\t\t\t\t\t\t\t\t\t\t\t\t\t<img decoding=\"async\" width=\"800\" height=\"600\" src=\"https:\/\/roosa.biz\/wp-content\/uploads\/2024\/10\/WhatsApp-Image-2024-10-18-at-10.39.39-1024x768.jpeg\" class=\"attachment-large size-large wp-image-1355\" alt=\"\" srcset=\"https:\/\/roosa.biz\/wp-content\/uploads\/2024\/10\/WhatsApp-Image-2024-10-18-at-10.39.39-1024x768.jpeg 1024w, https:\/\/roosa.biz\/wp-content\/uploads\/2024\/10\/WhatsApp-Image-2024-10-18-at-10.39.39-300x225.jpeg 300w, https:\/\/roosa.biz\/wp-content\/uploads\/2024\/10\/WhatsApp-Image-2024-10-18-at-10.39.39-768x576.jpeg 768w, https:\/\/roosa.biz\/wp-content\/uploads\/2024\/10\/WhatsApp-Image-2024-10-18-at-10.39.39-1536x1152.jpeg 1536w, https:\/\/roosa.biz\/wp-content\/uploads\/2024\/10\/WhatsApp-Image-2024-10-18-at-10.39.39-2048x1536.jpeg 2048w\" sizes=\"(max-width: 800px) 100vw, 800px\" \/>\t\t\t\t\t\t\t\t\t\t\t\t\t\t\t<\/div>\n\t\t\t\t<\/div>\n\t\t\t\t\t<\/div>\n\t\t\t\t<\/div>\n\t\t<div class=\"elementor-element elementor-element-0252ca5 e-flex e-con-boxed e-con e-parent\" data-id=\"0252ca5\" data-element_type=\"container\" data-e-type=\"container\">\n\t\t\t\t\t<div class=\"e-con-inner\">\n\t\t\t\t<div class=\"elementor-element elementor-element-c612618 elementor-widget elementor-widget-heading\" data-id=\"c612618\" data-element_type=\"widget\" data-e-type=\"widget\" data-widget_type=\"heading.default\">\n\t\t\t\t<div class=\"elementor-widget-container\">\n\t\t\t\t\t<h2 class=\"elementor-heading-title elementor-size-default\">Engasjementet v\u00e5rt strekker seg over flere viktige omr\u00e5der:<\/h2>\t\t\t\t<\/div>\n\t\t\t\t<\/div>\n\t\t\t\t\t<\/div>\n\t\t\t\t<\/div>\n\t\t<div class=\"elementor-element elementor-element-05f6e3b e-flex e-con-boxed e-con e-parent\" data-id=\"05f6e3b\" data-element_type=\"container\" data-e-type=\"container\">\n\t\t\t\t\t<div class=\"e-con-inner\">\n\t\t<div class=\"elementor-element elementor-element-5adcf07 e-con-full e-flex e-con e-child\" data-id=\"5adcf07\" data-element_type=\"container\" data-e-type=\"container\">\n\t\t\t\t<div class=\"elementor-element elementor-element-ae21d91 elementor-icon-list--layout-traditional elementor-list-item-link-full_width elementor-widget elementor-widget-icon-list\" data-id=\"ae21d91\" data-element_type=\"widget\" data-e-type=\"widget\" data-widget_type=\"icon-list.default\">\n\t\t\t\t<div class=\"elementor-widget-container\">\n\t\t\t\t\t\t\t<ul class=\"elementor-icon-list-items\">\n\t\t\t\t\t\t\t<li class=\"elementor-icon-list-item\">\n\t\t\t\t\t\t\t\t\t\t\t<span class=\"elementor-icon-list-icon\">\n\t\t\t\t\t\t\t<i aria-hidden=\"true\" class=\"far fa-heart\"><\/i>\t\t\t\t\t\t<\/span>\n\t\t\t\t\t\t\t\t\t\t<span class=\"elementor-icon-list-text\">Beskyttelse mot misbruk<\/span>\n\t\t\t\t\t\t\t\t\t<\/li>\n\t\t\t\t\t\t<\/ul>\n\t\t\t\t\t\t<\/div>\n\t\t\t\t<\/div>\n\t\t\t\t<div class=\"elementor-element elementor-element-8d7e9a1 elementor-widget__width-initial elementor-widget elementor-widget-text-editor\" data-id=\"8d7e9a1\" data-element_type=\"widget\" data-e-type=\"widget\" data-widget_type=\"text-editor.default\">\n\t\t\t\t<div class=\"elementor-widget-container\">\n\t\t\t\t\t\t\t\t\t<p>Vi arbeider aktivt for \u00e5 beskytte barn slik at de kan vokse opp i et trygt og kj\u00e6rlig milj\u00f8.<\/p>\t\t\t\t\t\t\t\t<\/div>\n\t\t\t\t<\/div>\n\t\t\t\t<div class=\"elementor-element elementor-element-d1ee3be elementor-icon-list--layout-traditional elementor-list-item-link-full_width elementor-widget elementor-widget-icon-list\" data-id=\"d1ee3be\" data-element_type=\"widget\" data-e-type=\"widget\" data-widget_type=\"icon-list.default\">\n\t\t\t\t<div class=\"elementor-widget-container\">\n\t\t\t\t\t\t\t<ul class=\"elementor-icon-list-items\">\n\t\t\t\t\t\t\t<li class=\"elementor-icon-list-item\">\n\t\t\t\t\t\t\t\t\t\t\t<span class=\"elementor-icon-list-icon\">\n\t\t\t\t\t\t\t<i aria-hidden=\"true\" class=\"far fa-heart\"><\/i>\t\t\t\t\t\t<\/span>\n\t\t\t\t\t\t\t\t\t\t<span class=\"elementor-icon-list-text\">Fremme av utdanning<\/span>\n\t\t\t\t\t\t\t\t\t<\/li>\n\t\t\t\t\t\t<\/ul>\n\t\t\t\t\t\t<\/div>\n\t\t\t\t<\/div>\n\t\t\t\t<div class=\"elementor-element elementor-element-7b1b864 elementor-widget__width-initial elementor-widget elementor-widget-text-editor\" data-id=\"7b1b864\" data-element_type=\"widget\" data-e-type=\"widget\" data-widget_type=\"text-editor.default\">\n\t\t\t\t<div class=\"elementor-widget-container\">\n\t\t\t\t\t\t\t\t\t<p><span style=\"font-weight: 400;\">Alle barn fortjener utdanning og muligheten til \u00e5 realisere sitt fulle potensial. Vi st\u00f8tter utdanningsinitiativer som baner vei for dette. <\/span><\/p>\t\t\t\t\t\t\t\t<\/div>\n\t\t\t\t<\/div>\n\t\t\t\t<div class=\"elementor-element elementor-element-86b8558 elementor-mobile-align-center elementor-widget elementor-widget-button\" data-id=\"86b8558\" data-element_type=\"widget\" data-e-type=\"widget\" data-widget_type=\"button.default\">\n\t\t\t\t<div class=\"elementor-widget-container\">\n\t\t\t\t\t\t\t\t\t<div class=\"elementor-button-wrapper\">\n\t\t\t\t\t<a class=\"elementor-button elementor-button-link elementor-size-sm\" href=\"http:\/\/klopapierfueralle.de\">\n\t\t\t\t\t\t<span class=\"elementor-button-content-wrapper\">\n\t\t\t\t\t\t\t\t\t<span class=\"elementor-button-text\">Kj\u00f8p n\u00e5 p\u00e5 KLOPAPIERF\u00dcRALLE.DE<\/span>\n\t\t\t\t\t<\/span>\n\t\t\t\t\t<\/a>\n\t\t\t\t<\/div>\n\t\t\t\t\t\t\t\t<\/div>\n\t\t\t\t<\/div>\n\t\t\t\t<div class=\"elementor-element elementor-element-f6b5f69 elementor-mobile-align-center elementor-widget elementor-widget-button\" data-id=\"f6b5f69\" data-element_type=\"widget\" data-e-type=\"widget\" data-widget_type=\"button.default\">\n\t\t\t\t<div class=\"elementor-widget-container\">\n\t\t\t\t\t\t\t\t\t<div class=\"elementor-button-wrapper\">\n\t\t\t\t\t<a class=\"elementor-button elementor-button-link elementor-size-sm\" href=\"http:\/\/wcpapierfueralle.ch\">\n\t\t\t\t\t\t<span class=\"elementor-button-content-wrapper\">\n\t\t\t\t\t\t\t\t\t<span class=\"elementor-button-text\">Kj\u00f8p n\u00e5 p\u00e5 WCPAPIERF\u00dcRALLE.CH<\/span>\n\t\t\t\t\t<\/span>\n\t\t\t\t\t<\/a>\n\t\t\t\t<\/div>\n\t\t\t\t\t\t\t\t<\/div>\n\t\t\t\t<\/div>\n\t\t\t\t<div class=\"elementor-element elementor-element-0e259bd elementor-mobile-align-center elementor-widget elementor-widget-button\" data-id=\"0e259bd\" data-element_type=\"widget\" data-e-type=\"widget\" data-widget_type=\"button.default\">\n\t\t\t\t<div class=\"elementor-widget-container\">\n\t\t\t\t\t\t\t\t\t<div class=\"elementor-button-wrapper\">\n\t\t\t\t\t<a class=\"elementor-button elementor-button-link elementor-size-sm\" href=\"https:\/\/amzn.eu\/d\/80QCk00\">\n\t\t\t\t\t\t<span class=\"elementor-button-content-wrapper\">\n\t\t\t\t\t\t<span class=\"elementor-button-icon\">\n\t\t\t\t<i aria-hidden=\"true\" class=\"fab fa-amazon\"><\/i>\t\t\t<\/span>\n\t\t\t\t\t\t\t\t\t<span class=\"elementor-button-text\">Kj\u00f8p n\u00e5 p\u00e5 Amazon<\/span>\n\t\t\t\t\t<\/span>\n\t\t\t\t\t<\/a>\n\t\t\t\t<\/div>\n\t\t\t\t\t\t\t\t<\/div>\n\t\t\t\t<\/div>\n\t\t\t\t<\/div>\n\t\t<div class=\"elementor-element elementor-element-a8958de e-con-full e-flex e-con e-child\" data-id=\"a8958de\" data-element_type=\"container\" data-e-type=\"container\" data-settings=\"{&quot;background_background&quot;:&quot;classic&quot;}\">\n\t\t\t\t<div class=\"elementor-element elementor-element-3422cb3 elementor-icon-list--layout-traditional elementor-list-item-link-full_width elementor-widget elementor-widget-icon-list\" data-id=\"3422cb3\" data-element_type=\"widget\" data-e-type=\"widget\" data-widget_type=\"icon-list.default\">\n\t\t\t\t<div class=\"elementor-widget-container\">\n\t\t\t\t\t\t\t<ul class=\"elementor-icon-list-items\">\n\t\t\t\t\t\t\t<li class=\"elementor-icon-list-item\">\n\t\t\t\t\t\t\t\t\t\t\t<span class=\"elementor-icon-list-icon\">\n\t\t\t\t\t\t\t<i aria-hidden=\"true\" class=\"far fa-heart\"><\/i>\t\t\t\t\t\t<\/span>\n\t\t\t\t\t\t\t\t\t\t<span class=\"elementor-icon-list-text\">Psykologisk st\u00f8tte<\/span>\n\t\t\t\t\t\t\t\t\t<\/li>\n\t\t\t\t\t\t<\/ul>\n\t\t\t\t\t\t<\/div>\n\t\t\t\t<\/div>\n\t\t\t\t<div class=\"elementor-element elementor-element-f318217 elementor-widget__width-initial elementor-widget elementor-widget-text-editor\" data-id=\"f318217\" data-element_type=\"widget\" data-e-type=\"widget\" data-widget_type=\"text-editor.default\">\n\t\t\t\t<div class=\"elementor-widget-container\">\n\t\t\t\t\t\t\t\t\t<p><span style=\"font-weight: 400;\">Barn som har hatt traumatiske opplevelser trenger st\u00f8tte. Vi bidrar med psykologisk st\u00f8tte og hjelp. <\/span><\/p>\t\t\t\t\t\t\t\t<\/div>\n\t\t\t\t<\/div>\n\t\t\t\t<div class=\"elementor-element elementor-element-9b1b5cb elementor-icon-list--layout-traditional elementor-list-item-link-full_width elementor-widget elementor-widget-icon-list\" data-id=\"9b1b5cb\" data-element_type=\"widget\" data-e-type=\"widget\" data-widget_type=\"icon-list.default\">\n\t\t\t\t<div class=\"elementor-widget-container\">\n\t\t\t\t\t\t\t<ul class=\"elementor-icon-list-items\">\n\t\t\t\t\t\t\t<li class=\"elementor-icon-list-item\">\n\t\t\t\t\t\t\t\t\t\t\t<span class=\"elementor-icon-list-icon\">\n\t\t\t\t\t\t\t<i aria-hidden=\"true\" class=\"far fa-heart\"><\/i>\t\t\t\t\t\t<\/span>\n\t\t\t\t\t\t\t\t\t\t<span class=\"elementor-icon-list-text\">\u00d8ke bevisstheten<\/span>\n\t\t\t\t\t\t\t\t\t<\/li>\n\t\t\t\t\t\t<\/ul>\n\t\t\t\t\t\t<\/div>\n\t\t\t\t<\/div>\n\t\t\t\t<div class=\"elementor-element elementor-element-dfe0856 elementor-widget__width-initial elementor-widget elementor-widget-text-editor\" data-id=\"dfe0856\" data-element_type=\"widget\" data-e-type=\"widget\" data-widget_type=\"text-editor.default\">\n\t\t\t\t<div class=\"elementor-widget-container\">\n\t\t\t\t\t\t\t\t\t<p><span style=\"font-weight: 400;\">Vi er opptatt av \u00e5 \u00f8ke bevisstheten om behovene til barn i n\u00f8d, og vi \u00f8nsker \u00e5 \u00f8ke den offentlige oppmerksomheten om dette viktige temaet.<\/span><\/p>\t\t\t\t\t\t\t\t<\/div>\n\t\t\t\t<\/div>\n\t\t\t\t<\/div>\n\t\t\t\t\t<\/div>\n\t\t\t\t<\/div>\n\t\t<div class=\"elementor-element elementor-element-ee76bde e-flex e-con-boxed e-con e-parent\" data-id=\"ee76bde\" data-element_type=\"container\" data-e-type=\"container\">\n\t\t\t\t\t<div class=\"e-con-inner\">\n\t\t<div class=\"elementor-element elementor-element-a07135b e-con-full e-flex e-con e-child\" data-id=\"a07135b\" data-element_type=\"container\" data-e-type=\"container\">\n\t\t\t\t<div class=\"elementor-element elementor-element-5d70c82 elementor-widget-mobile__width-inherit elementor-widget elementor-widget-heading\" data-id=\"5d70c82\" data-element_type=\"widget\" data-e-type=\"widget\" data-widget_type=\"heading.default\">\n\t\t\t\t<div class=\"elementor-widget-container\">\n\t\t\t\t\t<h2 class=\"elementor-heading-title elementor-size-default\">Sammen mot mobbing<\/h2>\t\t\t\t<\/div>\n\t\t\t\t<\/div>\n\t\t\t\t<div class=\"elementor-element elementor-element-17f365d elementor-widget__width-initial elementor-widget-mobile__width-inherit elementor-widget elementor-widget-text-editor\" data-id=\"17f365d\" data-element_type=\"widget\" data-e-type=\"widget\" data-widget_type=\"text-editor.default\">\n\t\t\t\t<div class=\"elementor-widget-container\">\n\t\t\t\t\t\t\t\t\t<p>Samarbeidet mellom ROOSA og Stopp Mobbing er ikke bare oppsiktsvekkende, men ogs\u00e5 ekstremt kreativt, ettersom ROOSA har bestemt seg for \u00e5 bidra til kampen mot mobbing p\u00e5 en uvanlig m\u00e5te. Ved \u00e5 selge toalettpapir har ROOSA funnet en innovativ m\u00e5te \u00e5 generere \u00f8konomisk st\u00f8tte til &laquo;Stopp Mobbing&raquo; p\u00e5. <\/p>\t\t\t\t\t\t\t\t<\/div>\n\t\t\t\t<\/div>\n\t\t\t\t<div class=\"elementor-element elementor-element-0c68a64 elementor-widget elementor-widget-heading\" data-id=\"0c68a64\" data-element_type=\"widget\" data-e-type=\"widget\" data-widget_type=\"heading.default\">\n\t\t\t\t<div class=\"elementor-widget-container\">\n\t\t\t\t\t<h2 class=\"elementor-heading-title elementor-size-default\">Prinsippet er enkelt!<\/h2>\t\t\t\t<\/div>\n\t\t\t\t<\/div>\n\t\t\t\t<div class=\"elementor-element elementor-element-3b1772b elementor-widget__width-initial elementor-widget-mobile__width-inherit elementor-widget elementor-widget-text-editor\" data-id=\"3b1772b\" data-element_type=\"widget\" data-e-type=\"widget\" data-widget_type=\"text-editor.default\">\n\t\t\t\t<div class=\"elementor-widget-container\">\n\t\t\t\t\t\t\t\t\t<p>Ved hvert kj\u00f8p av ROOSA toalettpapir g\u00e5r en del av inntektene direkte til arbeidet til &laquo;Stopp mobbing&raquo;. Denne unike m\u00e5ten \u00e5 donere p\u00e5 bidrar til \u00e5 finansiere det viktige arbeidet til &laquo;Stopp mobbing&raquo;, samtidig som et hverdagsprodukt kommer til nytte. <\/p><p>\u00c5 st\u00f8tte &laquo;Stopp mobbing&raquo; gjennom salg av toalettpapir fra &laquo;ROOSA&raquo; viser at du kan bidra til \u00e5 l\u00f8se sosiale problemer p\u00e5 ulike m\u00e5ter. Det oppmuntrer forbrukerne til \u00e5 delta aktivt i arbeidet mot mobbing ved \u00e5 velge produkter som ikke bare dekker deres daglige behov, men som ogs\u00e5 st\u00f8tter en god sak. <\/p>\t\t\t\t\t\t\t\t<\/div>\n\t\t\t\t<\/div>\n\t\t\t\t<div class=\"elementor-element elementor-element-6847484 elementor-mobile-align-center elementor-widget elementor-widget-button\" data-id=\"6847484\" data-element_type=\"widget\" data-e-type=\"widget\" data-widget_type=\"button.default\">\n\t\t\t\t<div class=\"elementor-widget-container\">\n\t\t\t\t\t\t\t\t\t<div class=\"elementor-button-wrapper\">\n\t\t\t\t\t<a class=\"elementor-button elementor-button-link elementor-size-sm\" href=\"https:\/\/www.stoppt-mobbing.de\/\" target=\"_blank\">\n\t\t\t\t\t\t<span class=\"elementor-button-content-wrapper\">\n\t\t\t\t\t\t\t\t\t<span class=\"elementor-button-text\">Mer om Stopp mobbing<\/span>\n\t\t\t\t\t<\/span>\n\t\t\t\t\t<\/a>\n\t\t\t\t<\/div>\n\t\t\t\t\t\t\t\t<\/div>\n\t\t\t\t<\/div>\n\t\t\t\t<\/div>\n\t\t<div class=\"elementor-element elementor-element-cdec896 e-con-full e-flex e-con e-child\" data-id=\"cdec896\" data-element_type=\"container\" data-e-type=\"container\" data-settings=\"{&quot;background_background&quot;:&quot;classic&quot;}\">\n\t\t\t\t<div class=\"elementor-element elementor-element-c254a8c elementor-widget elementor-widget-image\" data-id=\"c254a8c\" data-element_type=\"widget\" data-e-type=\"widget\" data-widget_type=\"image.default\">\n\t\t\t\t<div class=\"elementor-widget-container\">\n\t\t\t\t\t\t\t\t\t\t\t\t\t\t\t<img decoding=\"async\" width=\"306\" height=\"323\" src=\"https:\/\/roosa.biz\/wp-content\/uploads\/2023\/10\/Stoppt-Mobbing-Logo-ROSA.svg\" class=\"attachment-large size-large wp-image-83\" alt=\"\" \/>\t\t\t\t\t\t\t\t\t\t\t\t\t\t\t<\/div>\n\t\t\t\t<\/div>\n\t\t\t\t<\/div>\n\t\t\t\t\t<\/div>\n\t\t\t\t<\/div>\n\t\t\t\t<\/div>\n\t\t","protected":false},"excerpt":{"rendered":"<p>V\u00e5rt engasjement Sammen for en bedre fremtid I ROOSA er vi overbevist om at selskaper har makt og ansvar for \u00e5 gj\u00f8re verden til et bedre sted. V\u00e5rt form\u00e5l g\u00e5r langt utover det \u00e5 selge toalettpapir, fordi vi mener at barn er fremtiden. Og den fremtiden fortjener beskyttelse, st\u00f8tte og et kj\u00e6rlig milj\u00f8. V\u00e5rt oppdrag [&hellip;]<\/p>\n","protected":false},"author":1,"featured_media":0,"parent":0,"menu_order":0,"comment_status":"closed","ping_status":"closed","template":"elementor_header_footer","meta":{"footnotes":""},"class_list":["post-1351","page","type-page","status-publish","hentry"],"_links":{"self":[{"href":"https:\/\/roosa.biz\/no\/wp-json\/wp\/v2\/pages\/1351","targetHints":{"allow":["GET"]}}],"collection":[{"href":"https:\/\/roosa.biz\/no\/wp-json\/wp\/v2\/pages"}],"about":[{"href":"https:\/\/roosa.biz\/no\/wp-json\/wp\/v2\/types\/page"}],"author":[{"embeddable":true,"href":"https:\/\/roosa.biz\/no\/wp-json\/wp\/v2\/users\/1"}],"replies":[{"embeddable":true,"href":"https:\/\/roosa.biz\/no\/wp-json\/wp\/v2\/comments?post=1351"}],"version-history":[{"count":5,"href":"https:\/\/roosa.biz\/no\/wp-json\/wp\/v2\/pages\/1351\/revisions"}],"predecessor-version":[{"id":2472,"href":"https:\/\/roosa.biz\/no\/wp-json\/wp\/v2\/pages\/1351\/revisions\/2472"}],"wp:attachment":[{"href":"https:\/\/roosa.biz\/no\/wp-json\/wp\/v2\/media?parent=1351"}],"curies":[{"name":"wp","href":"https:\/\/api.w.org\/{rel}","templated":true}]}}