{"id":1194,"date":"2023-10-06T08:31:01","date_gmt":"2023-10-06T08:31:01","guid":{"rendered":"https:\/\/roosa.biz\/avtrykk\/"},"modified":"2026-03-11T08:57:18","modified_gmt":"2026-03-11T08:57:18","slug":"avtrykk","status":"publish","type":"page","link":"https:\/\/roosa.biz\/no\/avtrykk\/","title":{"rendered":"Avtrykk"},"content":{"rendered":"\t\t<div data-elementor-type=\"wp-page\" data-elementor-id=\"1194\" class=\"elementor elementor-1194 elementor-56\" data-elementor-post-type=\"page\">\n\t\t\t\t<div class=\"elementor-element elementor-element-2ad2148 e-flex e-con-boxed e-con e-parent\" data-id=\"2ad2148\" data-element_type=\"container\" data-e-type=\"container\">\n\t\t\t\t\t<div class=\"e-con-inner\">\n\t\t\t\t<div class=\"elementor-element elementor-element-888c99b elementor-widget elementor-widget-text-editor\" data-id=\"888c99b\" data-element_type=\"widget\" data-e-type=\"widget\" data-widget_type=\"text-editor.default\">\n\t\t\t\t<div class=\"elementor-widget-container\">\n\t\t\t\t\t\t\t\t\t<p><b>ROOSA\u00ae er et registrert varemerke som tilh\u00f8rer ROOSA AG<\/b><\/p><p>Ansvarlig enhet:<br>ROOSA AG<br>Kirschgartenstrasse 12<br>4051 Basel<br>Sveits<br><strong>E-post<\/strong>: info@roosa.biz<\/p><p><strong>Autorisert representant<\/strong><br>Beat M\u00f6rker<\/p><p><strong>Firmanavn<\/strong>: ROOSA AG<br><strong>Registreringsnummer<\/strong>: CHE-168.391.777<br><strong>MVA-nummer<\/strong>: CH-270-3016294-3<\/p><p><br><br>A<strong>nsvarsfraskrivelse<\/strong> Forfatteren p\u00e5tar seg intet ansvar for riktigheten, n\u00f8yaktigheten, aktualiteten, p\u00e5liteligheten og fullstendigheten av informasjonen. Ansvarskrav mot forfatteren for materielle eller immaterielle skader som f\u00f8lge av tilgang til eller bruk eller ikke-bruk av den publiserte informasjonen, misbruk av tilkoblingen eller tekniske feil er utelukket.<\/p><p>Alle tilbud er med forbehold om endringer.\nForfatteren forbeholder seg uttrykkelig retten til \u00e5 endre, supplere eller slette deler av sidene eller hele tilbudet uten forvarsel eller til \u00e5 opph\u00f8re publiseringen midlertidig eller permanent. <\/p><p>Ansvarsfraskrivelse <strong>for innhold og len<\/strong>ker<br>Henvisninger og lenker til tredjeparts nettsteder ligger utenfor v\u00e5rt ansvarsomr\u00e5de. Ethvert ansvar for slike nettsteder fraskrives. Tilgang til og bruk av slike nettsteder skjer p\u00e5 brukerens eget ansvar.  <\/p><p><br>O<strong>pphavsrettserkl\u00e6ring<\/strong> Opphavsretten og alle andre rettigheter til innhold, bilder, fotografier eller andre filer p\u00e5 dette nettstedet tilh\u00f8rer utelukkende WC-Papier f\u00fcr ALLE.ch eller de spesifikt navngitte rettighetshaverne. Skriftlig samtykke fra rettighetshaveren m\u00e5 innhentes p\u00e5 forh\u00e5nd for gjengivelse av alle elementer. <\/p>\t\t\t\t\t\t\t\t<\/div>\n\t\t\t\t<\/div>\n\t\t\t\t\t<\/div>\n\t\t\t\t<\/div>\n\t\t\t\t<\/div>\n\t\t","protected":false},"excerpt":{"rendered":"<p>ROOSA\u00ae er et registrert varemerke som tilh\u00f8rer ROOSA AG Ansvarlig enhet:ROOSA AGKirschgartenstrasse 124051 BaselSveitsE-post: info@roosa.biz Autorisert representantBeat M\u00f6rker Firmanavn: ROOSA AGRegistreringsnummer: CHE-168.391.777MVA-nummer: CH-270-3016294-3 Ansvarsfraskrivelse Forfatteren p\u00e5tar seg intet ansvar for riktigheten, n\u00f8yaktigheten, aktualiteten, p\u00e5liteligheten og fullstendigheten av informasjonen. Ansvarskrav mot forfatteren for materielle eller immaterielle skader som f\u00f8lge av tilgang til eller bruk eller ikke-bruk [&hellip;]<\/p>\n","protected":false},"author":1,"featured_media":0,"parent":0,"menu_order":0,"comment_status":"closed","ping_status":"closed","template":"elementor_header_footer","meta":{"footnotes":""},"class_list":["post-1194","page","type-page","status-publish","hentry"],"_links":{"self":[{"href":"https:\/\/roosa.biz\/no\/wp-json\/wp\/v2\/pages\/1194","targetHints":{"allow":["GET"]}}],"collection":[{"href":"https:\/\/roosa.biz\/no\/wp-json\/wp\/v2\/pages"}],"about":[{"href":"https:\/\/roosa.biz\/no\/wp-json\/wp\/v2\/types\/page"}],"author":[{"embeddable":true,"href":"https:\/\/roosa.biz\/no\/wp-json\/wp\/v2\/users\/1"}],"replies":[{"embeddable":true,"href":"https:\/\/roosa.biz\/no\/wp-json\/wp\/v2\/comments?post=1194"}],"version-history":[{"count":7,"href":"https:\/\/roosa.biz\/no\/wp-json\/wp\/v2\/pages\/1194\/revisions"}],"predecessor-version":[{"id":2565,"href":"https:\/\/roosa.biz\/no\/wp-json\/wp\/v2\/pages\/1194\/revisions\/2565"}],"wp:attachment":[{"href":"https:\/\/roosa.biz\/no\/wp-json\/wp\/v2\/media?parent=1194"}],"curies":[{"name":"wp","href":"https:\/\/api.w.org\/{rel}","templated":true}]}}