{"id":1581,"date":"2025-07-03T13:23:57","date_gmt":"2025-07-03T13:23:57","guid":{"rendered":"https:\/\/roosa.biz\/postes-a-pourvoir\/"},"modified":"2026-02-07T08:44:23","modified_gmt":"2026-02-07T08:44:23","slug":"postes-a-pourvoir","status":"publish","type":"page","link":"https:\/\/roosa.biz\/fr\/postes-a-pourvoir\/","title":{"rendered":"Postes \u00e0 pourvoir"},"content":{"rendered":"\t\t<div data-elementor-type=\"wp-page\" data-elementor-id=\"1581\" class=\"elementor elementor-1581 elementor-1571\" data-elementor-post-type=\"page\">\n\t\t\t\t<div class=\"elementor-element elementor-element-8d19e7e e-flex e-con-boxed e-con e-parent\" data-id=\"8d19e7e\" data-element_type=\"container\" data-e-type=\"container\" data-settings=\"{&quot;background_background&quot;:&quot;classic&quot;}\">\n\t\t\t\t\t<div class=\"e-con-inner\">\n\t\t\t\t<div class=\"elementor-element elementor-element-e67434b elementor-widget__width-initial elementor-widget elementor-widget-heading\" data-id=\"e67434b\" data-element_type=\"widget\" data-e-type=\"widget\" data-widget_type=\"heading.default\">\n\t\t\t\t<div class=\"elementor-widget-container\">\n\t\t\t\t\t<h2 class=\"elementor-heading-title elementor-size-default\">Emplois ouverts<\/h2>\t\t\t\t<\/div>\n\t\t\t\t<\/div>\n\t\t\t\t\t<\/div>\n\t\t\t\t<\/div>\n\t\t<div class=\"elementor-element elementor-element-e271a82 elementor-hidden-desktop elementor-hidden-tablet elementor-hidden-mobile e-flex e-con-boxed e-con e-parent\" data-id=\"e271a82\" data-element_type=\"container\" data-e-type=\"container\">\n\t\t\t\t\t<div class=\"e-con-inner\">\n\t\t<div class=\"elementor-element elementor-element-a77544c e-con-full e-flex e-con e-child\" data-id=\"a77544c\" data-element_type=\"container\" data-e-type=\"container\">\n\t\t\t\t<div class=\"elementor-element elementor-element-75820fb elementor-widget__width-initial elementor-widget elementor-widget-text-editor\" data-id=\"75820fb\" data-element_type=\"widget\" data-e-type=\"widget\" data-widget_type=\"text-editor.default\">\n\t\t\t\t<div class=\"elementor-widget-container\">\n\t\t\t\t\t\t\t\t\t<p><strong>actuel Positions ouvertes :<\/strong><\/p>\t\t\t\t\t\t\t\t<\/div>\n\t\t\t\t<\/div>\n\t\t\t\t<\/div>\n\t\t<div class=\"elementor-element elementor-element-334e5ec e-con-full e-flex e-con e-child\" data-id=\"334e5ec\" data-element_type=\"container\" data-e-type=\"container\">\n\t\t\t\t<div class=\"elementor-element elementor-element-216878e elementor-mobile-align-center elementor-tablet-align-center elementor-widget elementor-widget-button\" data-id=\"216878e\" data-element_type=\"widget\" data-e-type=\"widget\" data-widget_type=\"button.default\">\n\t\t\t\t<div class=\"elementor-widget-container\">\n\t\t\t\t\t\t\t\t\t<div class=\"elementor-button-wrapper\">\n\t\t\t\t\t<a class=\"elementor-button elementor-size-sm\" role=\"button\">\n\t\t\t\t\t\t<span class=\"elementor-button-content-wrapper\">\n\t\t\t\t\t\t\t\t\t<span class=\"elementor-button-text\">Talent de vente porte-\u00e0-porte<\/span>\n\t\t\t\t\t<\/span>\n\t\t\t\t\t<\/a>\n\t\t\t\t<\/div>\n\t\t\t\t\t\t\t\t<\/div>\n\t\t\t\t<\/div>\n\t\t\t\t<\/div>\n\t\t<div class=\"elementor-element elementor-element-7993ecc e-con-full e-flex e-con e-child\" data-id=\"7993ecc\" data-element_type=\"container\" data-e-type=\"container\">\n\t\t\t\t<div class=\"elementor-element elementor-element-3e6bbdf elementor-mobile-align-center elementor-tablet-align-center elementor-widget elementor-widget-button\" data-id=\"3e6bbdf\" data-element_type=\"widget\" data-e-type=\"widget\" data-widget_type=\"button.default\">\n\t\t\t\t<div class=\"elementor-widget-container\">\n\t\t\t\t\t\t\t\t\t<div class=\"elementor-button-wrapper\">\n\t\t\t\t\t<a class=\"elementor-button elementor-size-sm\" role=\"button\">\n\t\t\t\t\t\t<span class=\"elementor-button-content-wrapper\">\n\t\t\t\t\t\t\t\t\t<span class=\"elementor-button-text\">Vente par t\u00e9l\u00e9phone<\/span>\n\t\t\t\t\t<\/span>\n\t\t\t\t\t<\/a>\n\t\t\t\t<\/div>\n\t\t\t\t\t\t\t\t<\/div>\n\t\t\t\t<\/div>\n\t\t\t\t<\/div>\n\t\t\t\t\t<\/div>\n\t\t\t\t<\/div>\n\t\t<div class=\"elementor-element elementor-element-07f3f8d e-flex e-con-boxed e-con e-parent\" data-id=\"07f3f8d\" data-element_type=\"container\" data-e-type=\"container\">\n\t\t\t\t\t<div class=\"e-con-inner\">\n\t\t<div class=\"elementor-element elementor-element-7b2ce31 e-con-full e-flex e-con e-child\" data-id=\"7b2ce31\" data-element_type=\"container\" data-e-type=\"container\">\n\t\t\t\t<div class=\"elementor-element elementor-element-4de4246 elementor-widget elementor-widget-heading\" data-id=\"4de4246\" data-element_type=\"widget\" data-e-type=\"widget\" data-widget_type=\"heading.default\">\n\t\t\t\t<div class=\"elementor-widget-container\">\n\t\t\t\t\t<h2 class=\"elementor-heading-title elementor-size-default\">Recherche de talents pour la vente \u00e0 domicile<\/h2>\t\t\t\t<\/div>\n\t\t\t\t<\/div>\n\t\t\t\t<div class=\"elementor-element elementor-element-7106948 elementor-widget__width-initial elementor-widget elementor-widget-text-editor\" data-id=\"7106948\" data-element_type=\"widget\" data-e-type=\"widget\" data-widget_type=\"text-editor.default\">\n\t\t\t\t<div class=\"elementor-widget-container\">\n\t\t\t\t\t\t\t\t\t<h5>100% ou flexible | Emploi purement \u00e0 la commission | Suisse al\u00e9manique &amp; Suisse romande<\/h5>\t\t\t\t\t\t\t\t<\/div>\n\t\t\t\t<\/div>\n\t\t\t\t<div class=\"elementor-element elementor-element-b474cef elementor-widget__width-initial elementor-widget elementor-widget-text-editor\" data-id=\"b474cef\" data-element_type=\"widget\" data-e-type=\"widget\" data-widget_type=\"text-editor.default\">\n\t\t\t\t<div class=\"elementor-widget-container\">\n\t\t\t\t\t\t\t\t\t<p>Nous recherchons des personnalit\u00e9s motiv\u00e9es et ind\u00e9pendantes pour la vente de papier toilette en porte-\u00e0-porte. A plein temps ou de mani\u00e8re flexible &#8211; chez nous, il y a deux mod\u00e8les clairs, selon la situation de vie et l&rsquo;esprit d&rsquo;entreprise. <\/p>\t\t\t\t\t\t\t\t<\/div>\n\t\t\t\t<\/div>\n\t\t\t\t<div class=\"elementor-element elementor-element-857a557 elementor-widget__width-initial elementor-widget elementor-widget-text-editor\" data-id=\"857a557\" data-element_type=\"widget\" data-e-type=\"widget\" data-widget_type=\"text-editor.default\">\n\t\t\t\t<div class=\"elementor-widget-container\">\n\t\t\t\t\t\t\t\t\t<p><strong>Important :<\/strong><\/p><ul><li>Le suisse allemand parfait (Suisse al\u00e9manique)<\/li><li>Ou fran\u00e7ais parfait (Suisse romande)<\/li><\/ul><p> <\/p><p>D&rsquo;autres connaissances linguistiques ne sont pas suffisantes.<\/p>\t\t\t\t\t\t\t\t<\/div>\n\t\t\t\t<\/div>\n\t\t\t\t<div class=\"elementor-element elementor-element-fb5a9b3 elementor-widget__width-initial elementor-widget elementor-widget-text-editor\" data-id=\"fb5a9b3\" data-element_type=\"widget\" data-e-type=\"widget\" data-widget_type=\"text-editor.default\">\n\t\t\t\t<div class=\"elementor-widget-container\">\n\t\t\t\t\t\t\t\t\t<h5>Deux mod\u00e8les d&rsquo;entreprise &#8211; vous choisissez ce qui vous convient le mieux<\/h5>\t\t\t\t\t\t\t\t<\/div>\n\t\t\t\t<\/div>\n\t\t\t\t<div class=\"elementor-element elementor-element-9c7dbad elementor-widget__width-initial elementor-widget elementor-widget-text-editor\" data-id=\"9c7dbad\" data-element_type=\"widget\" data-e-type=\"widget\" data-widget_type=\"text-editor.default\">\n\t\t\t\t<div class=\"elementor-widget-container\">\n\t\t\t\t\t\t\t\t\t<p><strong>Mod\u00e8le 1 : vente \u00e0 domicile avec v\u00e9hicule de soci\u00e9t\u00e9 (100%)<\/strong><\/p>\t\t\t\t\t\t\t\t<\/div>\n\t\t\t\t<\/div>\n\t\t\t\t<div class=\"elementor-element elementor-element-2a56c1c elementor-widget__width-initial elementor-widget elementor-widget-text-editor\" data-id=\"2a56c1c\" data-element_type=\"widget\" data-e-type=\"widget\" data-widget_type=\"text-editor.default\">\n\t\t\t\t<div class=\"elementor-widget-container\">\n\t\t\t\t\t\t\t\t\t<p>Ce mod\u00e8le s&rsquo;adresse aux personnes qui souhaitent travailler \u00e0 temps plein (100%).<\/p><p><strong>Conditions g\u00e9n\u00e9rales :<\/strong><\/p><ul><li>V\u00e9hicule de soci\u00e9t\u00e9 fourni par nos soins<\/li><li>Pas besoin de stock propre<\/li><li>Emploi purement \u00e0 la commission sans salaire fixe<\/li><li>100% de temps de travail obligatoire<\/li><\/ul><p> <\/p><p><strong>Commission ;<\/strong><\/p><ul><li>20 CHF par sac vendu<\/li><li>Commission \u00e0 partir du 3\u00e8me sac vendu par jour<\/li><\/ul>\t\t\t\t\t\t\t\t<\/div>\n\t\t\t\t<\/div>\n\t\t\t\t<div class=\"elementor-element elementor-element-0fa8ae7 elementor-widget__width-initial elementor-widget elementor-widget-text-editor\" data-id=\"0fa8ae7\" data-element_type=\"widget\" data-e-type=\"widget\" data-widget_type=\"text-editor.default\">\n\t\t\t\t<div class=\"elementor-widget-container\">\n\t\t\t\t\t\t\t\t\t<p><strong>Mod\u00e8le 2 : vente au porte-\u00e0-porte \u00e0 domicile (flexible)<\/strong><\/p>\t\t\t\t\t\t\t\t<\/div>\n\t\t\t\t<\/div>\n\t\t\t\t<div class=\"elementor-element elementor-element-8ecb753 elementor-widget__width-initial elementor-widget elementor-widget-text-editor\" data-id=\"8ecb753\" data-element_type=\"widget\" data-e-type=\"widget\" data-widget_type=\"text-editor.default\">\n\t\t\t\t<div class=\"elementor-widget-container\">\n\t\t\t\t\t\t\t\t\t<p>Ce mod\u00e8le est id\u00e9al pour les vendeurs ind\u00e9pendants et flexibles.<\/p><p><strong>Conditions g\u00e9n\u00e9rales :<\/strong><\/p><ul><li>V\u00e9hicule personnel<\/li><li>Petit entrep\u00f4t \u00e0 domicile (espace pour environ 4 palettes)<\/li><li>Horaires de travail flexibles (possibilit\u00e9 de travailler \u00e0 temps partiel)<\/li><li>Emploi purement \u00e0 la commission sans salaire fixe<\/li><\/ul><p>   <\/p><p><strong>Commission :<\/strong><\/p><ul><li>20 CHF par sac vendu<\/li><li>Commission d\u00e8s le premier sac<\/li><\/ul><p>  <\/p>\t\t\t\t\t\t\t\t<\/div>\n\t\t\t\t<\/div>\n\t\t\t\t<div class=\"elementor-element elementor-element-0e99ca2 elementor-widget__width-initial elementor-widget elementor-widget-text-editor\" data-id=\"0e99ca2\" data-element_type=\"widget\" data-e-type=\"widget\" data-widget_type=\"text-editor.default\">\n\t\t\t\t<div class=\"elementor-widget-container\">\n\t\t\t\t\t\t\t\t\t<p><strong>Vos t\u00e2ches :<\/strong><\/p><ul><li>Vente de papier toilette en porte-\u00e0-porte dans la zone attribu\u00e9e<\/li><li>Contact direct avec les clients et conseils<\/li><li>Organisation autonome de votre travail quotidien<\/li><li>Une attitude s\u00e9rieuse et amicale envers les clients<\/li><\/ul><p>   <\/p><p><strong>Ce que vous apportez<\/strong><\/p><ul><li>Un suisse allemand parfait ou un fran\u00e7ais parfait<\/li><li>Aimer le contact direct avec les clients<\/li><li>Fiabilit\u00e9, esprit d&rsquo;initiative et pers\u00e9v\u00e9rance<\/li><li>Permis de conduire de cat\u00e9gorie B<\/li><li>Motivation pour un salaire bas\u00e9 sur la performance<\/li><\/ul><p>    <\/p><p><strong>Voici ce que nous offrons :<\/strong><\/p><ul><li>Un syst\u00e8me de commissions clair et transparent<\/li><li>Potentiel de r\u00e9mun\u00e9ration tr\u00e8s \u00e9lev\u00e9 en cas de bonnes performances<\/li><li>Une formation approfondie<\/li><li>Possibilit\u00e9 de collaboration \u00e0 long terme<\/li><li>Travail ind\u00e9pendant avec beaucoup de libert\u00e9<\/li><\/ul><p>    <\/p>\t\t\t\t\t\t\t\t<\/div>\n\t\t\t\t<\/div>\n\t\t\t\t<div class=\"elementor-element elementor-element-6e75c1d elementor-widget__width-initial elementor-widget elementor-widget-text-editor\" data-id=\"6e75c1d\" data-element_type=\"widget\" data-e-type=\"widget\" data-widget_type=\"text-editor.default\">\n\t\t\t\t<div class=\"elementor-widget-container\">\n\t\t\t\t\t\t\t\t\t<p><strong>Int\u00e9ress\u00e9(e) ?<\/strong><\/p><p>N&rsquo;h\u00e9sitez pas \u00e0 nous contacter par t\u00e9l\u00e9phone.<\/p><p>M. Thommen<br>+41 58 502 23 43<br>Du lundi au vendredi<br>08:00-12:00<br>13:30-17:00<\/p><p><strong>Merci de ne pas envoyer d&rsquo;e-mails &#8211; premier contact uniquement par t\u00e9l\u00e9phone.<\/strong><\/p>\t\t\t\t\t\t\t\t<\/div>\n\t\t\t\t<\/div>\n\t\t\t\t<div class=\"elementor-element elementor-element-dac5638 elementor-widget elementor-widget-menu-anchor\" data-id=\"dac5638\" data-element_type=\"widget\" data-e-type=\"widget\" data-widget_type=\"menu-anchor.default\">\n\t\t\t\t<div class=\"elementor-widget-container\">\n\t\t\t\t\t\t\t<div class=\"elementor-menu-anchor\" id=\"tlphone\"><\/div>\n\t\t\t\t\t\t<\/div>\n\t\t\t\t<\/div>\n\t\t\t\t<\/div>\n\t\t<div class=\"elementor-element elementor-element-75318fc e-con-full e-flex e-con e-child\" data-id=\"75318fc\" data-element_type=\"container\" data-e-type=\"container\" data-settings=\"{&quot;background_background&quot;:&quot;classic&quot;}\">\n\t\t\t\t<div class=\"elementor-element elementor-element-3fdde5a elementor-widget elementor-widget-image\" data-id=\"3fdde5a\" data-element_type=\"widget\" data-e-type=\"widget\" data-widget_type=\"image.default\">\n\t\t\t\t<div class=\"elementor-widget-container\">\n\t\t\t\t\t\t\t\t\t\t\t\t\t\t\t<img fetchpriority=\"high\" decoding=\"async\" width=\"800\" height=\"800\" src=\"https:\/\/roosa.biz\/wp-content\/uploads\/2023\/10\/ROOSA-FINAL.svg\" class=\"attachment-large size-large wp-image-793\" alt=\"\" \/>\t\t\t\t\t\t\t\t\t\t\t\t\t\t\t<\/div>\n\t\t\t\t<\/div>\n\t\t\t\t<div class=\"elementor-element elementor-element-c63d271 elementor-widget elementor-widget-image\" data-id=\"c63d271\" data-element_type=\"widget\" data-e-type=\"widget\" data-widget_type=\"image.default\">\n\t\t\t\t<div class=\"elementor-widget-container\">\n\t\t\t\t\t\t\t\t\t\t\t\t\t\t\t<img decoding=\"async\" width=\"800\" height=\"371\" src=\"https:\/\/roosa.biz\/wp-content\/uploads\/2025\/04\/new-mockup-2024-4-1024x475.png\" class=\"attachment-large size-large wp-image-1534\" alt=\"\" srcset=\"https:\/\/roosa.biz\/wp-content\/uploads\/2025\/04\/new-mockup-2024-4-1024x475.png 1024w, https:\/\/roosa.biz\/wp-content\/uploads\/2025\/04\/new-mockup-2024-4-300x139.png 300w, https:\/\/roosa.biz\/wp-content\/uploads\/2025\/04\/new-mockup-2024-4-768x356.png 768w, https:\/\/roosa.biz\/wp-content\/uploads\/2025\/04\/new-mockup-2024-4-1536x712.png 1536w, https:\/\/roosa.biz\/wp-content\/uploads\/2025\/04\/new-mockup-2024-4-2048x950.png 2048w\" sizes=\"(max-width: 800px) 100vw, 800px\" \/>\t\t\t\t\t\t\t\t\t\t\t\t\t\t\t<\/div>\n\t\t\t\t<\/div>\n\t\t\t\t<\/div>\n\t\t\t\t\t<\/div>\n\t\t\t\t<\/div>\n\t\t<div class=\"elementor-element elementor-element-940eec5 e-flex e-con-boxed e-con e-parent\" data-id=\"940eec5\" data-element_type=\"container\" data-e-type=\"container\">\n\t\t\t\t\t<div class=\"e-con-inner\">\n\t\t<div class=\"elementor-element elementor-element-0ab0389 e-con-full e-flex e-con e-child\" data-id=\"0ab0389\" data-element_type=\"container\" data-e-type=\"container\">\n\t\t\t\t<div class=\"elementor-element elementor-element-c66e08b elementor-widget elementor-widget-heading\" data-id=\"c66e08b\" data-element_type=\"widget\" data-e-type=\"widget\" data-widget_type=\"heading.default\">\n\t\t\t\t<div class=\"elementor-widget-container\">\n\t\t\t\t\t<h2 class=\"elementor-heading-title elementor-size-default\">Recherche de jeunes talents de la vente par t\u00e9l\u00e9phone 100% avec des commissions de luxe\n<\/h2>\t\t\t\t<\/div>\n\t\t\t\t<\/div>\n\t\t\t\t<div class=\"elementor-element elementor-element-20876f8 elementor-widget__width-initial elementor-widget elementor-widget-text-editor\" data-id=\"20876f8\" data-element_type=\"widget\" data-e-type=\"widget\" data-widget_type=\"text-editor.default\">\n\t\t\t\t<div class=\"elementor-widget-container\">\n\t\t\t\t\t\t\t\t\t<h5>March\u00e9 suisse &amp; march\u00e9 allemand | Sur place | Mod\u00e8le de commissionnement<\/h5>\t\t\t\t\t\t\t\t<\/div>\n\t\t\t\t<\/div>\n\t\t\t\t<div class=\"elementor-element elementor-element-3c35bde elementor-widget__width-initial elementor-widget elementor-widget-text-editor\" data-id=\"3c35bde\" data-element_type=\"widget\" data-e-type=\"widget\" data-widget_type=\"text-editor.default\">\n\t\t\t\t<div class=\"elementor-widget-container\">\n\t\t\t\t\t\t\t\t\t<p><b>\u00c0 propos de nous :<\/b><\/p><p>Nous sommes l&rsquo;une des entreprises leaders dans le domaine des articles d&rsquo;hygi\u00e8ne en Suisse. En tant que l&rsquo;un des plus grands distributeurs de papier toilette, nous fournissons des produits de qualit\u00e9 \u00e0 des clients professionnels et priv\u00e9s. Nous mettons l&rsquo;accent sur la croissance, des structures de vente claires et une r\u00e9mun\u00e9ration bas\u00e9e sur la performance.  <\/p>\t\t\t\t\t\t\t\t<\/div>\n\t\t\t\t<\/div>\n\t\t\t\t<div class=\"elementor-element elementor-element-616fac5 elementor-widget__width-initial elementor-widget elementor-widget-text-editor\" data-id=\"616fac5\" data-element_type=\"widget\" data-e-type=\"widget\" data-widget_type=\"text-editor.default\">\n\t\t\t\t<div class=\"elementor-widget-container\">\n\t\t\t\t\t\t\t\t\t<h5>Important avant de commencer &#8211; Langue &amp; domaine d&rsquo;application<\/h5>\t\t\t\t\t\t\t\t<\/div>\n\t\t\t\t<\/div>\n\t\t\t\t<div class=\"elementor-element elementor-element-adfcf49 elementor-widget__width-initial elementor-widget elementor-widget-text-editor\" data-id=\"adfcf49\" data-element_type=\"widget\" data-e-type=\"widget\" data-widget_type=\"text-editor.default\">\n\t\t\t\t<div class=\"elementor-widget-container\">\n\t\t\t\t\t\t\t\t\t<p><strong>March\u00e9 suisse<\/strong><\/p><ul><li>Uniquement les personnes parlant parfaitement le suisse allemand<\/li><li>Vente par t\u00e9l\u00e9phone aux clients suisses<\/li><li>Salaire fixe + commission<\/li><li>Lieu de travail : bureau d&rsquo;Olten<br>Pas de t\u00e9l\u00e9travail<\/li><\/ul><p>   <\/p>\t\t\t\t\t\t\t\t<\/div>\n\t\t\t\t<\/div>\n\t\t\t\t<div class=\"elementor-element elementor-element-82d617f elementor-widget__width-initial elementor-widget elementor-widget-text-editor\" data-id=\"82d617f\" data-element_type=\"widget\" data-e-type=\"widget\" data-widget_type=\"text-editor.default\">\n\t\t\t\t<div class=\"elementor-widget-container\">\n\t\t\t\t\t\t\t\t\t<p><strong>March\u00e9 allemand<\/strong><\/p><ul><li>Exclusivement des personnes <strong>parlant parfaitement l&rsquo;allemand standard<\/strong><\/li><li>Vente par t\u00e9l\u00e9phone \u00e0 des clients allemands<\/li><li>Emploi purement \u00e0 la commission<\/li><li>Pas de salaire fixe<\/li><\/ul><p>    <\/p>\t\t\t\t\t\t\t\t<\/div>\n\t\t\t\t<\/div>\n\t\t\t\t<div class=\"elementor-element elementor-element-548571c elementor-widget__width-initial elementor-widget elementor-widget-text-editor\" data-id=\"548571c\" data-element_type=\"widget\" data-e-type=\"widget\" data-widget_type=\"text-editor.default\">\n\t\t\t\t<div class=\"elementor-widget-container\">\n\t\t\t\t\t\t\t\t\t<h5>Mod\u00e8les de travail et d&#8217;emploi  <\/h5>\t\t\t\t\t\t\t\t<\/div>\n\t\t\t\t<\/div>\n\t\t\t\t<div class=\"elementor-element elementor-element-26628c6 elementor-widget__width-initial elementor-widget elementor-widget-text-editor\" data-id=\"26628c6\" data-element_type=\"widget\" data-e-type=\"widget\" data-widget_type=\"text-editor.default\">\n\t\t\t\t<div class=\"elementor-widget-container\">\n\t\t\t\t\t\t\t\t\t<p><strong>March\u00e9 allemand<\/strong><\/p><p><em>Variante 1 : travail depuis la Suisse<\/em><\/p><ul><li>Vente par t\u00e9l\u00e9phone \u00e0 des clients allemands<\/li><li>Possibilit\u00e9 d&#8217;emploi en Suisse<\/li><li>Travail sur place (pas de bureau \u00e0 domicile)<\/li><\/ul><p>      <\/p><p><em>Variante 2 : travail depuis l&rsquo;Allemagne<\/em><\/p><ul><li>Travail exclusivement sur place \u00e0 Herten<\/li><li>Pas d&#8217;emploi possible en Allemagne<\/li><li>Collaboration uniquement avec les ind\u00e9pendants<\/li><li>Propre entreprise ou<\/li><li>Ind\u00e9pendance officielle \/ inscription au registre du commerce obligatoire<\/li><\/ul><p>     <\/p>\t\t\t\t\t\t\t\t<\/div>\n\t\t\t\t<\/div>\n\t\t\t\t<div class=\"elementor-element elementor-element-8f6bb31 elementor-widget__width-initial elementor-widget elementor-widget-text-editor\" data-id=\"8f6bb31\" data-element_type=\"widget\" data-e-type=\"widget\" data-widget_type=\"text-editor.default\">\n\t\t\t\t<div class=\"elementor-widget-container\">\n\t\t\t\t\t\t\t\t\t<p><strong>Vos t\u00e2ches :<\/strong><\/p><ul><li>Vente par t\u00e9l\u00e9phone de nos produits d&rsquo;hygi\u00e8ne<\/li><li>Approche active des clients et orientation vers la conclusion de contrats<\/li><li>Conseil professionnel aux entreprises et aux particuliers<\/li><li>Contribuer activement \u00e0 la croissance de l&rsquo;entreprise<\/li><\/ul><p>   <\/p>\t\t\t\t\t\t\t\t<\/div>\n\t\t\t\t<\/div>\n\t\t\t\t<div class=\"elementor-element elementor-element-5abe4f7 elementor-widget__width-initial elementor-widget elementor-widget-text-editor\" data-id=\"5abe4f7\" data-element_type=\"widget\" data-e-type=\"widget\" data-widget_type=\"text-editor.default\">\n\t\t\t\t<div class=\"elementor-widget-container\">\n\t\t\t\t\t\t\t\t\t<p><strong>Voici ce que nous offrons :<\/strong><\/p><ul><li>Possibilit\u00e9s de revenus tr\u00e8s \u00e9lev\u00e9s gr\u00e2ce \u00e0 des commissions attractives<\/li><li>Salaire fixe uniquement sur le march\u00e9 suisse<\/li><li>Travail purement \u00e0 la commission sur le march\u00e9 allemand<\/li><li>Introduction et formation structur\u00e9es<\/li><li>Un lieu de travail moderne \u00e0 Olten ou Herten<\/li><li>Perspectives \u00e0 long terme dans une entreprise en pleine croissance<\/li><li>Des processus de vente clairs<\/li><\/ul><p>   <\/p>\t\t\t\t\t\t\t\t<\/div>\n\t\t\t\t<\/div>\n\t\t\t\t<div class=\"elementor-element elementor-element-3ec3735 elementor-widget__width-initial elementor-widget elementor-widget-text-editor\" data-id=\"3ec3735\" data-element_type=\"widget\" data-e-type=\"widget\" data-widget_type=\"text-editor.default\">\n\t\t\t\t<div class=\"elementor-widget-container\">\n\t\t\t\t\t\t\t\t\t<p><strong>Ce que vous apportez<\/strong><\/p><ul><li>Parfait suisse-allemand ou parfait allemand standard (selon le march\u00e9)<\/li><li>Aimer la vente par t\u00e9l\u00e9phone<\/li><li>Capacit\u00e9 \u00e0 conclure des affaires et volont\u00e9 de performance<\/li><li>Fiabilit\u00e9 et esprit d&rsquo;initiative<\/li><li>Motivation pour le m\u00e9rite bas\u00e9 sur la performance<\/li><\/ul><p>    <\/p>\t\t\t\t\t\t\t\t<\/div>\n\t\t\t\t<\/div>\n\t\t\t\t<div class=\"elementor-element elementor-element-e656f9e elementor-widget__width-initial elementor-widget elementor-widget-text-editor\" data-id=\"e656f9e\" data-element_type=\"widget\" data-e-type=\"widget\" data-widget_type=\"text-editor.default\">\n\t\t\t\t<div class=\"elementor-widget-container\">\n\t\t\t\t\t\t\t\t\t<p><strong>Int\u00e9ress\u00e9(e) ?<\/strong><\/p><p>N&rsquo;h\u00e9sitez pas \u00e0 nous contacter par t\u00e9l\u00e9phone.<\/p><p>M. Thommen<br>+41 58 502 23 43<br>Du lundi au vendredi<br>08:00-12:00<br>13:30-17:00<\/p><p><strong>Merci de ne pas envoyer d&rsquo;e-mails &#8211; premier contact uniquement par t\u00e9l\u00e9phone.<\/strong><\/p>\t\t\t\t\t\t\t\t<\/div>\n\t\t\t\t<\/div>\n\t\t\t\t<\/div>\n\t\t<div class=\"elementor-element elementor-element-4c49167 e-con-full e-flex e-con e-child\" data-id=\"4c49167\" data-element_type=\"container\" data-e-type=\"container\" data-settings=\"{&quot;background_background&quot;:&quot;classic&quot;}\">\n\t\t\t\t<div class=\"elementor-element elementor-element-dc8215d elementor-widget elementor-widget-image\" data-id=\"dc8215d\" data-element_type=\"widget\" data-e-type=\"widget\" data-widget_type=\"image.default\">\n\t\t\t\t<div class=\"elementor-widget-container\">\n\t\t\t\t\t\t\t\t\t\t\t\t\t\t\t<img fetchpriority=\"high\" decoding=\"async\" width=\"800\" height=\"800\" src=\"https:\/\/roosa.biz\/wp-content\/uploads\/2023\/10\/ROOSA-FINAL.svg\" class=\"attachment-large size-large wp-image-793\" alt=\"\" \/>\t\t\t\t\t\t\t\t\t\t\t\t\t\t\t<\/div>\n\t\t\t\t<\/div>\n\t\t\t\t<div class=\"elementor-element elementor-element-ba9c391 elementor-widget elementor-widget-image\" data-id=\"ba9c391\" data-element_type=\"widget\" data-e-type=\"widget\" data-widget_type=\"image.default\">\n\t\t\t\t<div class=\"elementor-widget-container\">\n\t\t\t\t\t\t\t\t\t\t\t\t\t\t\t<img decoding=\"async\" width=\"800\" height=\"371\" src=\"https:\/\/roosa.biz\/wp-content\/uploads\/2025\/04\/new-mockup-2024-4-1024x475.png\" class=\"attachment-large size-large wp-image-1534\" alt=\"\" srcset=\"https:\/\/roosa.biz\/wp-content\/uploads\/2025\/04\/new-mockup-2024-4-1024x475.png 1024w, https:\/\/roosa.biz\/wp-content\/uploads\/2025\/04\/new-mockup-2024-4-300x139.png 300w, https:\/\/roosa.biz\/wp-content\/uploads\/2025\/04\/new-mockup-2024-4-768x356.png 768w, https:\/\/roosa.biz\/wp-content\/uploads\/2025\/04\/new-mockup-2024-4-1536x712.png 1536w, https:\/\/roosa.biz\/wp-content\/uploads\/2025\/04\/new-mockup-2024-4-2048x950.png 2048w\" sizes=\"(max-width: 800px) 100vw, 800px\" \/>\t\t\t\t\t\t\t\t\t\t\t\t\t\t\t<\/div>\n\t\t\t\t<\/div>\n\t\t\t\t<\/div>\n\t\t\t\t\t<\/div>\n\t\t\t\t<\/div>\n\t\t\t\t<\/div>\n\t\t","protected":false},"excerpt":{"rendered":"<p>Emplois ouverts actuel Positions ouvertes : Talent de vente porte-\u00e0-porte Vente par t\u00e9l\u00e9phone Recherche de talents pour la vente \u00e0 domicile 100% ou flexible | Emploi purement \u00e0 la commission | Suisse al\u00e9manique &amp; Suisse romande Nous recherchons des personnalit\u00e9s motiv\u00e9es et ind\u00e9pendantes pour la vente de papier toilette en porte-\u00e0-porte. A plein temps ou [&hellip;]<\/p>\n","protected":false},"author":2,"featured_media":0,"parent":0,"menu_order":0,"comment_status":"closed","ping_status":"closed","template":"elementor_header_footer","meta":{"footnotes":""},"class_list":["post-1581","page","type-page","status-publish","hentry"],"_links":{"self":[{"href":"https:\/\/roosa.biz\/fr\/wp-json\/wp\/v2\/pages\/1581","targetHints":{"allow":["GET"]}}],"collection":[{"href":"https:\/\/roosa.biz\/fr\/wp-json\/wp\/v2\/pages"}],"about":[{"href":"https:\/\/roosa.biz\/fr\/wp-json\/wp\/v2\/types\/page"}],"author":[{"embeddable":true,"href":"https:\/\/roosa.biz\/fr\/wp-json\/wp\/v2\/users\/2"}],"replies":[{"embeddable":true,"href":"https:\/\/roosa.biz\/fr\/wp-json\/wp\/v2\/comments?post=1581"}],"version-history":[{"count":8,"href":"https:\/\/roosa.biz\/fr\/wp-json\/wp\/v2\/pages\/1581\/revisions"}],"predecessor-version":[{"id":2168,"href":"https:\/\/roosa.biz\/fr\/wp-json\/wp\/v2\/pages\/1581\/revisions\/2168"}],"wp:attachment":[{"href":"https:\/\/roosa.biz\/fr\/wp-json\/wp\/v2\/media?parent=1581"}],"curies":[{"name":"wp","href":"https:\/\/api.w.org\/{rel}","templated":true}]}}