{"id":1044,"date":"2023-10-06T08:31:01","date_gmt":"2023-10-06T08:31:01","guid":{"rendered":"https:\/\/roosa.biz\/mentions-legales\/"},"modified":"2026-03-11T08:57:11","modified_gmt":"2026-03-11T08:57:11","slug":"mentions-legales","status":"publish","type":"page","link":"https:\/\/roosa.biz\/fr\/mentions-legales\/","title":{"rendered":"Mentions l\u00e9gales"},"content":{"rendered":"\t\t<div data-elementor-type=\"wp-page\" data-elementor-id=\"1044\" class=\"elementor elementor-1044 elementor-56\" data-elementor-post-type=\"page\">\n\t\t\t\t<div class=\"elementor-element elementor-element-2ad2148 e-flex e-con-boxed e-con e-parent\" data-id=\"2ad2148\" data-element_type=\"container\" data-e-type=\"container\">\n\t\t\t\t\t<div class=\"e-con-inner\">\n\t\t\t\t<div class=\"elementor-element elementor-element-888c99b elementor-widget elementor-widget-text-editor\" data-id=\"888c99b\" data-element_type=\"widget\" data-e-type=\"widget\" data-widget_type=\"text-editor.default\">\n\t\t\t\t<div class=\"elementor-widget-container\">\n\t\t\t\t\t\t\t\t\t<p><b>ROOSA\u00ae est une marque d\u00e9pos\u00e9e de ROOSA AG<\/b><\/p><p>Instance responsable :<br>ROOSA AG<br>Kirschgartenstrasse 12<br>4051 Basel<br>Suisse<br><strong>E-mail<\/strong>: info@roosa.biz<\/p><p><strong>Personne habilit\u00e9e \u00e0 repr\u00e9senter l&rsquo;<\/strong>entreprise<br>Beat M\u00f6rker<\/p><p><strong>Nom de l&rsquo;entreprise<\/strong>: ROOSA AG<br><strong>Num\u00e9ro d&rsquo;enregistrement<\/strong>: CHE-168.391.777<br><strong>Num\u00e9ro d&rsquo;identification de la taxe sur la valeur ajout\u00e9e<\/strong>: CH-270-3016294-3<\/p><p><strong>Clause de non-responsabilit\u00e9<\/strong><br>L&rsquo;auteur ne garantit pas la v\u00e9racit\u00e9, l&rsquo;exactitude, l&rsquo;actualit\u00e9, la fiabilit\u00e9 et l&rsquo;exhaustivit\u00e9 des informations.<br>L&rsquo;auteur ne saurait \u00eatre tenu responsable des dommages mat\u00e9riels ou immat\u00e9riels qui pourraient \u00eatre caus\u00e9s par l&rsquo;acc\u00e8s aux informations diffus\u00e9es ou par leur utilisation ou non-utilisation, par le mauvais usage de la connexion ou par des probl\u00e8mes techniques.<\/p><p>Toutes les offres sont sans engagement. L&rsquo;auteur se r\u00e9serve express\u00e9ment le droit de modifier, de compl\u00e9ter ou de supprimer des parties de pages ou l&rsquo;ensemble de l&rsquo;offre sans avis pr\u00e9alable, ou d&rsquo;en suspendre temporairement ou d\u00e9finitivement la publication. <\/p><p><strong>Clause de non-responsabilit\u00e9 pour les contenus et les liens<\/strong><br>Les r\u00e9f\u00e9rences et les liens vers des sites Web de tiers ne rel\u00e8vent pas de notre responsabilit\u00e9. Nous d\u00e9clinons toute responsabilit\u00e9 pour de tels sites web. L&rsquo;acc\u00e8s \u00e0 ces sites et leur utilisation se font aux risques et p\u00e9rils de l&rsquo;utilisateur.  <\/p><p><strong>D\u00e9claration de droits d&rsquo;auteur<\/strong><br>Les droits d&rsquo;auteur et tous les autres droits li\u00e9s aux contenus, images, photos ou autres fichiers pr\u00e9sents sur ce site Internet sont la propri\u00e9t\u00e9 exclusive de Papier WC pour TOUS.ch ou des d\u00e9tenteurs de droits sp\u00e9cialement cit\u00e9s. L&rsquo;autorisation \u00e9crite du d\u00e9tenteur des droits d&rsquo;auteur doit \u00eatre obtenue au pr\u00e9alable pour la reproduction de tout \u00e9l\u00e9ment. <\/p>\t\t\t\t\t\t\t\t<\/div>\n\t\t\t\t<\/div>\n\t\t\t\t\t<\/div>\n\t\t\t\t<\/div>\n\t\t\t\t<\/div>\n\t\t","protected":false},"excerpt":{"rendered":"<p>ROOSA\u00ae est une marque d\u00e9pos\u00e9e de ROOSA AG Instance responsable :ROOSA AGKirschgartenstrasse 124051 BaselSuisseE-mail: info@roosa.biz Personne habilit\u00e9e \u00e0 repr\u00e9senter l&rsquo;entrepriseBeat M\u00f6rker Nom de l&rsquo;entreprise: ROOSA AGNum\u00e9ro d&rsquo;enregistrement: CHE-168.391.777Num\u00e9ro d&rsquo;identification de la taxe sur la valeur ajout\u00e9e: CH-270-3016294-3 Clause de non-responsabilit\u00e9L&rsquo;auteur ne garantit pas la v\u00e9racit\u00e9, l&rsquo;exactitude, l&rsquo;actualit\u00e9, la fiabilit\u00e9 et l&rsquo;exhaustivit\u00e9 des informations.L&rsquo;auteur ne saurait [&hellip;]<\/p>\n","protected":false},"author":1,"featured_media":0,"parent":0,"menu_order":0,"comment_status":"closed","ping_status":"closed","template":"elementor_header_footer","meta":{"footnotes":""},"class_list":["post-1044","page","type-page","status-publish","hentry"],"_links":{"self":[{"href":"https:\/\/roosa.biz\/fr\/wp-json\/wp\/v2\/pages\/1044","targetHints":{"allow":["GET"]}}],"collection":[{"href":"https:\/\/roosa.biz\/fr\/wp-json\/wp\/v2\/pages"}],"about":[{"href":"https:\/\/roosa.biz\/fr\/wp-json\/wp\/v2\/types\/page"}],"author":[{"embeddable":true,"href":"https:\/\/roosa.biz\/fr\/wp-json\/wp\/v2\/users\/1"}],"replies":[{"embeddable":true,"href":"https:\/\/roosa.biz\/fr\/wp-json\/wp\/v2\/comments?post=1044"}],"version-history":[{"count":5,"href":"https:\/\/roosa.biz\/fr\/wp-json\/wp\/v2\/pages\/1044\/revisions"}],"predecessor-version":[{"id":2557,"href":"https:\/\/roosa.biz\/fr\/wp-json\/wp\/v2\/pages\/1044\/revisions\/2557"}],"wp:attachment":[{"href":"https:\/\/roosa.biz\/fr\/wp-json\/wp\/v2\/media?parent=1044"}],"curies":[{"name":"wp","href":"https:\/\/api.w.org\/{rel}","templated":true}]}}