{"id":2229,"date":"2026-02-07T09:34:00","date_gmt":"2026-02-07T09:34:00","guid":{"rendered":"https:\/\/roosa.biz\/puhelinmyyjae\/"},"modified":"2026-02-16T11:32:51","modified_gmt":"2026-02-16T11:32:51","slug":"puhelinmyyjae","status":"publish","type":"page","link":"https:\/\/roosa.biz\/fi\/puhelinmyyjae\/","title":{"rendered":"Puhelinmyyj\u00e4"},"content":{"rendered":"\t\t<div data-elementor-type=\"wp-page\" data-elementor-id=\"2229\" class=\"elementor elementor-2229 elementor-2197\" data-elementor-post-type=\"page\">\n\t\t\t\t<div class=\"elementor-element elementor-element-8d19e7e e-flex e-con-boxed e-con e-parent\" data-id=\"8d19e7e\" data-element_type=\"container\" data-e-type=\"container\" data-settings=\"{&quot;background_background&quot;:&quot;classic&quot;}\">\n\t\t\t\t\t<div class=\"e-con-inner\">\n\t\t\t\t<div class=\"elementor-element elementor-element-e67434b elementor-widget__width-initial elementor-widget elementor-widget-heading\" data-id=\"e67434b\" data-element_type=\"widget\" data-e-type=\"widget\" data-widget_type=\"heading.default\">\n\t\t\t\t<div class=\"elementor-widget-container\">\n\t\t\t\t\t<h2 class=\"elementor-heading-title elementor-size-default\">Avoimet paikat<\/h2>\t\t\t\t<\/div>\n\t\t\t\t<\/div>\n\t\t\t\t\t<\/div>\n\t\t\t\t<\/div>\n\t\t<div class=\"elementor-element elementor-element-e271a82 elementor-hidden-desktop elementor-hidden-tablet elementor-hidden-mobile e-flex e-con-boxed e-con e-parent\" data-id=\"e271a82\" data-element_type=\"container\" data-e-type=\"container\">\n\t\t\t\t\t<div class=\"e-con-inner\">\n\t\t<div class=\"elementor-element elementor-element-a77544c e-con-full e-flex e-con e-child\" data-id=\"a77544c\" data-element_type=\"container\" data-e-type=\"container\">\n\t\t\t\t<div class=\"elementor-element elementor-element-75820fb elementor-widget__width-initial elementor-widget elementor-widget-text-editor\" data-id=\"75820fb\" data-element_type=\"widget\" data-e-type=\"widget\" data-widget_type=\"text-editor.default\">\n\t\t\t\t<div class=\"elementor-widget-container\">\n\t\t\t\t\t\t\t\t\t<p><strong>t\u00e4ll\u00e4 hetkell\u00e4 Avoimet ty\u00f6paikat:<\/strong><\/p>\t\t\t\t\t\t\t\t<\/div>\n\t\t\t\t<\/div>\n\t\t\t\t<\/div>\n\t\t<div class=\"elementor-element elementor-element-334e5ec e-con-full e-flex e-con e-child\" data-id=\"334e5ec\" data-element_type=\"container\" data-e-type=\"container\">\n\t\t\t\t<div class=\"elementor-element elementor-element-216878e elementor-mobile-align-center elementor-tablet-align-center elementor-widget elementor-widget-button\" data-id=\"216878e\" data-element_type=\"widget\" data-e-type=\"widget\" data-widget_type=\"button.default\">\n\t\t\t\t<div class=\"elementor-widget-container\">\n\t\t\t\t\t\t\t\t\t<div class=\"elementor-button-wrapper\">\n\t\t\t\t\t<a class=\"elementor-button elementor-size-sm\" role=\"button\">\n\t\t\t\t\t\t<span class=\"elementor-button-content-wrapper\">\n\t\t\t\t\t\t\t\t\t<span class=\"elementor-button-text\">Ovelta ovelle -myyntitaidot<\/span>\n\t\t\t\t\t<\/span>\n\t\t\t\t\t<\/a>\n\t\t\t\t<\/div>\n\t\t\t\t\t\t\t\t<\/div>\n\t\t\t\t<\/div>\n\t\t\t\t<\/div>\n\t\t<div class=\"elementor-element elementor-element-7993ecc e-con-full e-flex e-con e-child\" data-id=\"7993ecc\" data-element_type=\"container\" data-e-type=\"container\">\n\t\t\t\t<div class=\"elementor-element elementor-element-3e6bbdf elementor-mobile-align-center elementor-tablet-align-center elementor-widget elementor-widget-button\" data-id=\"3e6bbdf\" data-element_type=\"widget\" data-e-type=\"widget\" data-widget_type=\"button.default\">\n\t\t\t\t<div class=\"elementor-widget-container\">\n\t\t\t\t\t\t\t\t\t<div class=\"elementor-button-wrapper\">\n\t\t\t\t\t<a class=\"elementor-button elementor-size-sm\" role=\"button\">\n\t\t\t\t\t\t<span class=\"elementor-button-content-wrapper\">\n\t\t\t\t\t\t\t\t\t<span class=\"elementor-button-text\">Puhelinmyynti<\/span>\n\t\t\t\t\t<\/span>\n\t\t\t\t\t<\/a>\n\t\t\t\t<\/div>\n\t\t\t\t\t\t\t\t<\/div>\n\t\t\t\t<\/div>\n\t\t\t\t<\/div>\n\t\t\t\t\t<\/div>\n\t\t\t\t<\/div>\n\t\t<div class=\"elementor-element elementor-element-07f3f8d e-flex e-con-boxed e-con e-parent\" data-id=\"07f3f8d\" data-element_type=\"container\" data-e-type=\"container\">\n\t\t\t\t\t<div class=\"e-con-inner\">\n\t\t<div class=\"elementor-element elementor-element-7b2ce31 e-con-full e-flex e-con e-child\" data-id=\"7b2ce31\" data-element_type=\"container\" data-e-type=\"container\">\n\t\t\t\t<div class=\"elementor-element elementor-element-c66e08b elementor-widget elementor-widget-heading\" data-id=\"c66e08b\" data-element_type=\"widget\" data-e-type=\"widget\" data-widget_type=\"heading.default\">\n\t\t\t\t<div class=\"elementor-widget-container\">\n\t\t\t\t\t<h2 class=\"elementor-heading-title elementor-size-default\">Etsit\u00e4\u00e4n nuoria myyntitaitoja puhelimessa 100% ylellisill\u00e4 provisioilla varustettuna\n<\/h2>\t\t\t\t<\/div>\n\t\t\t\t<\/div>\n\t\t\t\t<div class=\"elementor-element elementor-element-20876f8 elementor-widget__width-initial elementor-widget elementor-widget-text-editor\" data-id=\"20876f8\" data-element_type=\"widget\" data-e-type=\"widget\" data-widget_type=\"text-editor.default\">\n\t\t\t\t<div class=\"elementor-widget-container\">\n\t\t\t\t\t\t\t\t\t<h5>Sveitsin ja Saksan markkinat | Paikan p\u00e4\u00e4ll\u00e4 | Provisiomalli<\/h5>\t\t\t\t\t\t\t\t<\/div>\n\t\t\t\t<\/div>\n\t\t\t\t<div class=\"elementor-element elementor-element-3c35bde elementor-widget__width-initial elementor-widget elementor-widget-text-editor\" data-id=\"3c35bde\" data-element_type=\"widget\" data-e-type=\"widget\" data-widget_type=\"text-editor.default\">\n\t\t\t\t<div class=\"elementor-widget-container\">\n\t\t\t\t\t\t\t\t\t<p><b>Tietoa meist\u00e4:<\/b><\/p><p>Olemme yksi Sveitsin johtavista yrityksist\u00e4 hygieniatuotteiden alalla. Yhten\u00e4 suurimmista wc-paperin jakelijoista toimitamme yritys- ja yksityisasiakkaille korkealaatuisia tuotteita. Keskitymme kasvuun, selkeisiin myyntirakenteisiin ja tulospalkkaukseen.  <\/p>\t\t\t\t\t\t\t\t<\/div>\n\t\t\t\t<\/div>\n\t\t\t\t<div class=\"elementor-element elementor-element-616fac5 elementor-widget__width-initial elementor-widget elementor-widget-text-editor\" data-id=\"616fac5\" data-element_type=\"widget\" data-e-type=\"widget\" data-widget_type=\"text-editor.default\">\n\t\t\t\t<div class=\"elementor-widget-container\">\n\t\t\t\t\t\t\t\t\t<h5>T\u00e4rke\u00e4\u00e4 etuk\u00e4teen &#8211; kieli ja soveltamisala<\/h5>\t\t\t\t\t\t\t\t<\/div>\n\t\t\t\t<\/div>\n\t\t\t\t<div class=\"elementor-element elementor-element-adfcf49 elementor-widget__width-initial elementor-widget elementor-widget-text-editor\" data-id=\"adfcf49\" data-element_type=\"widget\" data-e-type=\"widget\" data-widget_type=\"text-editor.default\">\n\t\t\t\t<div class=\"elementor-widget-container\">\n\t\t\t\t\t\t\t\t\t<p><strong>Sveitsin markkinat<\/strong><\/p><ul><li>Ainoastaan ihmiset, joilla on <strong>t\u00e4ydellinen sveitsil\u00e4inen saksa<\/strong><\/li><li>Puhelinmyynti sveitsil\u00e4isille asiakkaille<\/li><li>Kiinte\u00e4 palkka + provisio<\/li><li>Ty\u00f6paikka: Oltenin toimipaikka<br>Ei kotitoimipaikkaa<\/li><\/ul>\t\t\t\t\t\t\t\t<\/div>\n\t\t\t\t<\/div>\n\t\t\t\t<div class=\"elementor-element elementor-element-82d617f elementor-widget__width-initial elementor-widget elementor-widget-text-editor\" data-id=\"82d617f\" data-element_type=\"widget\" data-e-type=\"widget\" data-widget_type=\"text-editor.default\">\n\t\t\t\t<div class=\"elementor-widget-container\">\n\t\t\t\t\t\t\t\t\t<p><strong>Saksan markkinat<\/strong><\/p><ul><li>Ainoastaan ihmiset, joilla on <strong>t\u00e4ydellinen yl\u00e4saksa<\/strong><\/li><li>Puhelinmyynti saksalaisille asiakkaille<\/li><li>Puhdas provisioty\u00f6<\/li><li>Ei kiinte\u00e4\u00e4 palkkaa<\/li><\/ul>\t\t\t\t\t\t\t\t<\/div>\n\t\t\t\t<\/div>\n\t\t\t\t<div class=\"elementor-element elementor-element-548571c elementor-widget__width-initial elementor-widget elementor-widget-text-editor\" data-id=\"548571c\" data-element_type=\"widget\" data-e-type=\"widget\" data-widget_type=\"text-editor.default\">\n\t\t\t\t<div class=\"elementor-widget-container\">\n\t\t\t\t\t\t\t\t\t<h5>Ty\u00f6- ja ty\u00f6llisyysmallit<\/h5>\t\t\t\t\t\t\t\t<\/div>\n\t\t\t\t<\/div>\n\t\t\t\t<div class=\"elementor-element elementor-element-26628c6 elementor-widget__width-initial elementor-widget elementor-widget-text-editor\" data-id=\"26628c6\" data-element_type=\"widget\" data-e-type=\"widget\" data-widget_type=\"text-editor.default\">\n\t\t\t\t<div class=\"elementor-widget-container\">\n\t\t\t\t\t\t\t\t\t<p><strong>Saksan markkinat<\/strong><\/p><p><em>Vaihtoehto 1: Ty\u00f6voima Sveitsist\u00e4<\/em><\/p><ul><li>Puhelinmyynti saksalaisille asiakkaille<\/li><li>Ty\u00f6llistyminen Sveitsiss\u00e4 mahdollista<\/li><li>Ty\u00f6skentely paikan p\u00e4\u00e4ll\u00e4 (ei kotitoimistoa)<\/li><\/ul>\t\t\t\t\t\t\t\t<\/div>\n\t\t\t\t<\/div>\n\t\t\t\t<div class=\"elementor-element elementor-element-c8d430b elementor-widget__width-initial elementor-widget elementor-widget-text-editor\" data-id=\"c8d430b\" data-element_type=\"widget\" data-e-type=\"widget\" data-widget_type=\"text-editor.default\">\n\t\t\t\t<div class=\"elementor-widget-container\">\n\t\t\t\t\t\t\t\t\t<p><em>Vaihtoehto 2: Ty\u00f6voima Saksasta<\/em><\/p><ul><li>Ty\u00f6skentely paikan p\u00e4\u00e4ll\u00e4 Herteniss\u00e4 tai kotitoimistossa mahdollista<\/li><li>Ty\u00f6llistyminen Saksassa ei ole mahdollista<\/li><li>Yhteisty\u00f6 ainoastaan itsen\u00e4isten ammatinharjoittajien kanssa<\/li><li>Oma yritys tai<\/li><li>Virallinen itsen\u00e4isen ammatinharjoittamisen \/ yrityksen rekister\u00f6inti pakollinen<\/li><\/ul>\t\t\t\t\t\t\t\t<\/div>\n\t\t\t\t<\/div>\n\t\t\t\t<div class=\"elementor-element elementor-element-8f6bb31 elementor-widget__width-initial elementor-widget elementor-widget-text-editor\" data-id=\"8f6bb31\" data-element_type=\"widget\" data-e-type=\"widget\" data-widget_type=\"text-editor.default\">\n\t\t\t\t<div class=\"elementor-widget-container\">\n\t\t\t\t\t\t\t\t\t<p><strong>Teht\u00e4v\u00e4si:<\/strong><\/p><ul><li>Hygieniatuotteidemme puhelinmyynti<\/li><li>Aktiivinen asiakasl\u00e4ht\u00f6isyys ja myyntiorientaatio<\/li><li>Ammattimaista neuvontaa yritysasiakkaille<\/li><li>Aktiivinen osallistuminen yrityksen kasvuun<\/li><\/ul>\t\t\t\t\t\t\t\t<\/div>\n\t\t\t\t<\/div>\n\t\t\t\t<div class=\"elementor-element elementor-element-5abe4f7 elementor-widget__width-initial elementor-widget elementor-widget-text-editor\" data-id=\"5abe4f7\" data-element_type=\"widget\" data-e-type=\"widget\" data-widget_type=\"text-editor.default\">\n\t\t\t\t<div class=\"elementor-widget-container\">\n\t\t\t\t\t\t\t\t\t<p><strong>T\u00e4t\u00e4 me tarjoamme:<\/strong><\/p><ul><li>Eritt\u00e4in hyv\u00e4t ansaintamahdollisuudet houkuttelevien palkkioiden ansiosta.<\/li><li>Kiinte\u00e4 palkka ainoastaan Sveitsin markkinoilla<\/li><li>Puhdas provisioty\u00f6 Saksan markkinoilla<\/li><li>Strukturoitu perehdytys ja koulutus<\/li><li>Moderni ty\u00f6paikka Oltenissa tai Herteniss\u00e4<\/li><li>Pitk\u00e4n aikav\u00e4lin n\u00e4kym\u00e4t kasvavassa yrityksess\u00e4<\/li><li>Selke\u00e4t myyntiprosessit<\/li><\/ul>\t\t\t\t\t\t\t\t<\/div>\n\t\t\t\t<\/div>\n\t\t\t\t<div class=\"elementor-element elementor-element-3ec3735 elementor-widget__width-initial elementor-widget elementor-widget-text-editor\" data-id=\"3ec3735\" data-element_type=\"widget\" data-e-type=\"widget\" data-widget_type=\"text-editor.default\">\n\t\t\t\t<div class=\"elementor-widget-container\">\n\t\t\t\t\t\t\t\t\t<p><strong>Mit\u00e4 otat mukaasi:<\/strong><\/p><ul><li>T\u00e4ydellinen sveitsinsaksa tai t\u00e4ydellinen korkeasaksa (markkinoista riippuen).<\/li><li>Nauti puhelinmyynnist\u00e4<\/li><li>Sulkuvoima ja suoritushalukkuus<\/li><li>Luotettavuus ja aloitteellisuus<\/li><li>Suoritukseen perustuvien ansioiden motivaatio<\/li><\/ul>\t\t\t\t\t\t\t\t<\/div>\n\t\t\t\t<\/div>\n\t\t\t\t<div class=\"elementor-element elementor-element-6e75c1d elementor-widget__width-initial elementor-widget elementor-widget-text-editor\" data-id=\"6e75c1d\" data-element_type=\"widget\" data-e-type=\"widget\" data-widget_type=\"text-editor.default\">\n\t\t\t\t<div class=\"elementor-widget-container\">\n\t\t\t\t\t\t\t\t\t<p><strong>Kiinnostuitko?<\/strong><\/p><p>Odotamme innolla yhteydenottoanne yksinomaan puhelimitse.<\/p><p>Mr Thommen<br>+41 58 502 23 43<br>Maanantaista perjantaihin<br>08:00-12:00<br>13:30-17:00<\/p><p><strong>Ei s\u00e4hk\u00f6postia &#8211; ensimm\u00e4inen yhteydenotto vain puhelimitse.<\/strong><\/p>\t\t\t\t\t\t\t\t<\/div>\n\t\t\t\t<\/div>\n\t\t\t\t<\/div>\n\t\t<div class=\"elementor-element elementor-element-75318fc e-con-full e-flex e-con e-child\" data-id=\"75318fc\" data-element_type=\"container\" data-e-type=\"container\" data-settings=\"{&quot;background_background&quot;:&quot;classic&quot;}\">\n\t\t\t\t<div class=\"elementor-element elementor-element-3fdde5a elementor-widget elementor-widget-image\" data-id=\"3fdde5a\" data-element_type=\"widget\" data-e-type=\"widget\" data-widget_type=\"image.default\">\n\t\t\t\t<div class=\"elementor-widget-container\">\n\t\t\t\t\t\t\t\t\t\t\t\t\t\t\t<img fetchpriority=\"high\" decoding=\"async\" width=\"800\" height=\"800\" src=\"https:\/\/roosa.biz\/wp-content\/uploads\/2023\/10\/ROOSA-FINAL.svg\" class=\"attachment-large size-large wp-image-1299\" alt=\"\" \/>\t\t\t\t\t\t\t\t\t\t\t\t\t\t\t<\/div>\n\t\t\t\t<\/div>\n\t\t\t\t<div class=\"elementor-element elementor-element-c63d271 elementor-widget elementor-widget-image\" data-id=\"c63d271\" data-element_type=\"widget\" data-e-type=\"widget\" data-widget_type=\"image.default\">\n\t\t\t\t<div class=\"elementor-widget-container\">\n\t\t\t\t\t\t\t\t\t\t\t\t\t\t\t<img decoding=\"async\" width=\"800\" height=\"371\" src=\"https:\/\/roosa.biz\/wp-content\/uploads\/2025\/04\/new-mockup-2024-4-1024x475.png\" class=\"attachment-large size-large wp-image-1533\" alt=\"\" srcset=\"https:\/\/roosa.biz\/wp-content\/uploads\/2025\/04\/new-mockup-2024-4-1024x475.png 1024w, https:\/\/roosa.biz\/wp-content\/uploads\/2025\/04\/new-mockup-2024-4-300x139.png 300w, https:\/\/roosa.biz\/wp-content\/uploads\/2025\/04\/new-mockup-2024-4-768x356.png 768w, https:\/\/roosa.biz\/wp-content\/uploads\/2025\/04\/new-mockup-2024-4-1536x712.png 1536w, https:\/\/roosa.biz\/wp-content\/uploads\/2025\/04\/new-mockup-2024-4-2048x950.png 2048w\" sizes=\"(max-width: 800px) 100vw, 800px\" \/>\t\t\t\t\t\t\t\t\t\t\t\t\t\t\t<\/div>\n\t\t\t\t<\/div>\n\t\t\t\t<\/div>\n\t\t\t\t\t<\/div>\n\t\t\t\t<\/div>\n\t\t\t\t<\/div>\n\t\t","protected":false},"excerpt":{"rendered":"<p>Avoimet paikat t\u00e4ll\u00e4 hetkell\u00e4 Avoimet ty\u00f6paikat: Ovelta ovelle -myyntitaidot Puhelinmyynti Etsit\u00e4\u00e4n nuoria myyntitaitoja puhelimessa 100% ylellisill\u00e4 provisioilla varustettuna Sveitsin ja Saksan markkinat | Paikan p\u00e4\u00e4ll\u00e4 | Provisiomalli Tietoa meist\u00e4: Olemme yksi Sveitsin johtavista yrityksist\u00e4 hygieniatuotteiden alalla. Yhten\u00e4 suurimmista wc-paperin jakelijoista toimitamme yritys- ja yksityisasiakkaille korkealaatuisia tuotteita. Keskitymme kasvuun, selkeisiin myyntirakenteisiin ja tulospalkkaukseen. T\u00e4rke\u00e4\u00e4 etuk\u00e4teen &#8211; [&hellip;]<\/p>\n","protected":false},"author":2,"featured_media":0,"parent":0,"menu_order":0,"comment_status":"closed","ping_status":"closed","template":"elementor_header_footer","meta":{"footnotes":""},"class_list":["post-2229","page","type-page","status-publish","hentry"],"_links":{"self":[{"href":"https:\/\/roosa.biz\/fi\/wp-json\/wp\/v2\/pages\/2229","targetHints":{"allow":["GET"]}}],"collection":[{"href":"https:\/\/roosa.biz\/fi\/wp-json\/wp\/v2\/pages"}],"about":[{"href":"https:\/\/roosa.biz\/fi\/wp-json\/wp\/v2\/types\/page"}],"author":[{"embeddable":true,"href":"https:\/\/roosa.biz\/fi\/wp-json\/wp\/v2\/users\/2"}],"replies":[{"embeddable":true,"href":"https:\/\/roosa.biz\/fi\/wp-json\/wp\/v2\/comments?post=2229"}],"version-history":[{"count":13,"href":"https:\/\/roosa.biz\/fi\/wp-json\/wp\/v2\/pages\/2229\/revisions"}],"predecessor-version":[{"id":2358,"href":"https:\/\/roosa.biz\/fi\/wp-json\/wp\/v2\/pages\/2229\/revisions\/2358"}],"wp:attachment":[{"href":"https:\/\/roosa.biz\/fi\/wp-json\/wp\/v2\/media?parent=2229"}],"curies":[{"name":"wp","href":"https:\/\/api.w.org\/{rel}","templated":true}]}}