{"id":1583,"date":"2025-07-03T13:23:57","date_gmt":"2025-07-03T13:23:57","guid":{"rendered":"https:\/\/roosa.biz\/avoimet-tyoepaikat\/"},"modified":"2026-02-07T08:44:23","modified_gmt":"2026-02-07T08:44:23","slug":"avoimet-tyoepaikat","status":"publish","type":"page","link":"https:\/\/roosa.biz\/fi\/avoimet-tyoepaikat\/","title":{"rendered":"Avoimet ty\u00f6paikat"},"content":{"rendered":"\t\t<div data-elementor-type=\"wp-page\" data-elementor-id=\"1583\" class=\"elementor elementor-1583 elementor-1571\" data-elementor-post-type=\"page\">\n\t\t\t\t<div class=\"elementor-element elementor-element-8d19e7e e-flex e-con-boxed e-con e-parent\" data-id=\"8d19e7e\" data-element_type=\"container\" data-e-type=\"container\" data-settings=\"{&quot;background_background&quot;:&quot;classic&quot;}\">\n\t\t\t\t\t<div class=\"e-con-inner\">\n\t\t\t\t<div class=\"elementor-element elementor-element-e67434b elementor-widget__width-initial elementor-widget elementor-widget-heading\" data-id=\"e67434b\" data-element_type=\"widget\" data-e-type=\"widget\" data-widget_type=\"heading.default\">\n\t\t\t\t<div class=\"elementor-widget-container\">\n\t\t\t\t\t<h2 class=\"elementor-heading-title elementor-size-default\">Avoimet paikat<\/h2>\t\t\t\t<\/div>\n\t\t\t\t<\/div>\n\t\t\t\t\t<\/div>\n\t\t\t\t<\/div>\n\t\t<div class=\"elementor-element elementor-element-e271a82 elementor-hidden-desktop elementor-hidden-tablet elementor-hidden-mobile e-flex e-con-boxed e-con e-parent\" data-id=\"e271a82\" data-element_type=\"container\" data-e-type=\"container\">\n\t\t\t\t\t<div class=\"e-con-inner\">\n\t\t<div class=\"elementor-element elementor-element-a77544c e-con-full e-flex e-con e-child\" data-id=\"a77544c\" data-element_type=\"container\" data-e-type=\"container\">\n\t\t\t\t<div class=\"elementor-element elementor-element-75820fb elementor-widget__width-initial elementor-widget elementor-widget-text-editor\" data-id=\"75820fb\" data-element_type=\"widget\" data-e-type=\"widget\" data-widget_type=\"text-editor.default\">\n\t\t\t\t<div class=\"elementor-widget-container\">\n\t\t\t\t\t\t\t\t\t<p><strong>t\u00e4ll\u00e4 hetkell\u00e4 Avoimet ty\u00f6paikat:<\/strong><\/p>\t\t\t\t\t\t\t\t<\/div>\n\t\t\t\t<\/div>\n\t\t\t\t<\/div>\n\t\t<div class=\"elementor-element elementor-element-334e5ec e-con-full e-flex e-con e-child\" data-id=\"334e5ec\" data-element_type=\"container\" data-e-type=\"container\">\n\t\t\t\t<div class=\"elementor-element elementor-element-216878e elementor-mobile-align-center elementor-tablet-align-center elementor-widget elementor-widget-button\" data-id=\"216878e\" data-element_type=\"widget\" data-e-type=\"widget\" data-widget_type=\"button.default\">\n\t\t\t\t<div class=\"elementor-widget-container\">\n\t\t\t\t\t\t\t\t\t<div class=\"elementor-button-wrapper\">\n\t\t\t\t\t<a class=\"elementor-button elementor-size-sm\" role=\"button\">\n\t\t\t\t\t\t<span class=\"elementor-button-content-wrapper\">\n\t\t\t\t\t\t\t\t\t<span class=\"elementor-button-text\">Ovelta ovelle -myyntitaidot<\/span>\n\t\t\t\t\t<\/span>\n\t\t\t\t\t<\/a>\n\t\t\t\t<\/div>\n\t\t\t\t\t\t\t\t<\/div>\n\t\t\t\t<\/div>\n\t\t\t\t<\/div>\n\t\t<div class=\"elementor-element elementor-element-7993ecc e-con-full e-flex e-con e-child\" data-id=\"7993ecc\" data-element_type=\"container\" data-e-type=\"container\">\n\t\t\t\t<div class=\"elementor-element elementor-element-3e6bbdf elementor-mobile-align-center elementor-tablet-align-center elementor-widget elementor-widget-button\" data-id=\"3e6bbdf\" data-element_type=\"widget\" data-e-type=\"widget\" data-widget_type=\"button.default\">\n\t\t\t\t<div class=\"elementor-widget-container\">\n\t\t\t\t\t\t\t\t\t<div class=\"elementor-button-wrapper\">\n\t\t\t\t\t<a class=\"elementor-button elementor-size-sm\" role=\"button\">\n\t\t\t\t\t\t<span class=\"elementor-button-content-wrapper\">\n\t\t\t\t\t\t\t\t\t<span class=\"elementor-button-text\">Puhelinmyynti<\/span>\n\t\t\t\t\t<\/span>\n\t\t\t\t\t<\/a>\n\t\t\t\t<\/div>\n\t\t\t\t\t\t\t\t<\/div>\n\t\t\t\t<\/div>\n\t\t\t\t<\/div>\n\t\t\t\t\t<\/div>\n\t\t\t\t<\/div>\n\t\t<div class=\"elementor-element elementor-element-07f3f8d e-flex e-con-boxed e-con e-parent\" data-id=\"07f3f8d\" data-element_type=\"container\" data-e-type=\"container\">\n\t\t\t\t\t<div class=\"e-con-inner\">\n\t\t<div class=\"elementor-element elementor-element-7b2ce31 e-con-full e-flex e-con e-child\" data-id=\"7b2ce31\" data-element_type=\"container\" data-e-type=\"container\">\n\t\t\t\t<div class=\"elementor-element elementor-element-4de4246 elementor-widget elementor-widget-heading\" data-id=\"4de4246\" data-element_type=\"widget\" data-e-type=\"widget\" data-widget_type=\"heading.default\">\n\t\t\t\t<div class=\"elementor-widget-container\">\n\t\t\t\t\t<h2 class=\"elementor-heading-title elementor-size-default\">Ovelta ovelle -myyntiin halutaan myyntitaitoja<\/h2>\t\t\t\t<\/div>\n\t\t\t\t<\/div>\n\t\t\t\t<div class=\"elementor-element elementor-element-7106948 elementor-widget__width-initial elementor-widget elementor-widget-text-editor\" data-id=\"7106948\" data-element_type=\"widget\" data-e-type=\"widget\" data-widget_type=\"text-editor.default\">\n\t\t\t\t<div class=\"elementor-widget-container\">\n\t\t\t\t\t\t\t\t\t<h5>100 % tai joustava | Palkkioty\u00f6 | Saksankielinen ja ranskankielinen Sveitsi<\/h5>\t\t\t\t\t\t\t\t<\/div>\n\t\t\t\t<\/div>\n\t\t\t\t<div class=\"elementor-element elementor-element-b474cef elementor-widget__width-initial elementor-widget elementor-widget-text-editor\" data-id=\"b474cef\" data-element_type=\"widget\" data-e-type=\"widget\" data-widget_type=\"text-editor.default\">\n\t\t\t\t<div class=\"elementor-widget-container\">\n\t\t\t\t\t\t\t\t\t<p>Etsimme motivoituneita, itsen\u00e4isi\u00e4 persoonia WC-paperin ovelta ovelle -myyntiin. Olipa kyseess\u00e4 kokoaikainen tai joustava &#8211; meill\u00e4 on kaksi selke\u00e4\u00e4 mallia, riippuen el\u00e4m\u00e4ntilanteestasi ja yritt\u00e4j\u00e4henkisyydest\u00e4si. <\/p>\t\t\t\t\t\t\t\t<\/div>\n\t\t\t\t<\/div>\n\t\t\t\t<div class=\"elementor-element elementor-element-857a557 elementor-widget__width-initial elementor-widget elementor-widget-text-editor\" data-id=\"857a557\" data-element_type=\"widget\" data-e-type=\"widget\" data-widget_type=\"text-editor.default\">\n\t\t\t\t<div class=\"elementor-widget-container\">\n\t\t\t\t\t\t\t\t\t<p><strong>T\u00e4rke\u00e4\u00e4:<\/strong><\/p><ul><li>Perfect Swiss German (saksankielinen Sveitsi)<\/li><li>tai t\u00e4ydellinen ranska (ranskankielinen Sveitsi)<\/li><\/ul><p> <\/p><p>Muu kielitaito ei riit\u00e4.<\/p>\t\t\t\t\t\t\t\t<\/div>\n\t\t\t\t<\/div>\n\t\t\t\t<div class=\"elementor-element elementor-element-fb5a9b3 elementor-widget__width-initial elementor-widget elementor-widget-text-editor\" data-id=\"fb5a9b3\" data-element_type=\"widget\" data-e-type=\"widget\" data-widget_type=\"text-editor.default\">\n\t\t\t\t<div class=\"elementor-widget-container\">\n\t\t\t\t\t\t\t\t\t<h5>Kaksi liiketoimintamallia &#8211; sin\u00e4 valitset, mik\u00e4 sopii sinulle parhaiten.<\/h5>\t\t\t\t\t\t\t\t<\/div>\n\t\t\t\t<\/div>\n\t\t\t\t<div class=\"elementor-element elementor-element-9c7dbad elementor-widget__width-initial elementor-widget elementor-widget-text-editor\" data-id=\"9c7dbad\" data-element_type=\"widget\" data-e-type=\"widget\" data-widget_type=\"text-editor.default\">\n\t\t\t\t<div class=\"elementor-widget-container\">\n\t\t\t\t\t\t\t\t\t<p><strong>Malli 1: Ovelta ovelle -myynti yrityksen ajoneuvolla (100 %)<\/strong><\/p>\t\t\t\t\t\t\t\t<\/div>\n\t\t\t\t<\/div>\n\t\t\t\t<div class=\"elementor-element elementor-element-2a56c1c elementor-widget__width-initial elementor-widget elementor-widget-text-editor\" data-id=\"2a56c1c\" data-element_type=\"widget\" data-e-type=\"widget\" data-widget_type=\"text-editor.default\">\n\t\t\t\t<div class=\"elementor-widget-container\">\n\t\t\t\t\t\t\t\t\t<p>T\u00e4m\u00e4 malli on suunnattu henkil\u00f6ille, jotka haluaisivat ty\u00f6skennell\u00e4 kokop\u00e4iv\u00e4isesti (100 %).<\/p><p><strong>Yleiset ehdot:<\/strong><\/p><ul><li>Yrityksen ajoneuvo on meid\u00e4n tarjoama<\/li><li>Omaa varastoa ei tarvita<\/li><li>Puhdas provisioty\u00f6 ilman kiinte\u00e4\u00e4 palkkaa<\/li><li>100 % ty\u00f6m\u00e4\u00e4r\u00e4 pakollinen<\/li><\/ul><p> <\/p><p><strong>Komissio;<\/strong><\/p><ul><li>20 CHF per myyty pussi<\/li><li>Komissio kolmannesta myydyst\u00e4 pussista p\u00e4iv\u00e4ss\u00e4<\/li><\/ul>\t\t\t\t\t\t\t\t<\/div>\n\t\t\t\t<\/div>\n\t\t\t\t<div class=\"elementor-element elementor-element-0fa8ae7 elementor-widget__width-initial elementor-widget elementor-widget-text-editor\" data-id=\"0fa8ae7\" data-element_type=\"widget\" data-e-type=\"widget\" data-widget_type=\"text-editor.default\">\n\t\t\t\t<div class=\"elementor-widget-container\">\n\t\t\t\t\t\t\t\t\t<p><strong>Malli 2: Ovelta ovelle -myynti kotoa k\u00e4sin (joustava)<\/strong><\/p>\t\t\t\t\t\t\t\t<\/div>\n\t\t\t\t<\/div>\n\t\t\t\t<div class=\"elementor-element elementor-element-8ecb753 elementor-widget__width-initial elementor-widget elementor-widget-text-editor\" data-id=\"8ecb753\" data-element_type=\"widget\" data-e-type=\"widget\" data-widget_type=\"text-editor.default\">\n\t\t\t\t<div class=\"elementor-widget-container\">\n\t\t\t\t\t\t\t\t\t<p>T\u00e4m\u00e4 malli on ihanteellinen itsen\u00e4iselle, joustavalle myyntihenkil\u00f6st\u00f6lle.<\/p><p><strong>Yleiset ehdot:<\/strong><\/p><ul><li>Oma ajoneuvo<\/li><li>Pieni varasto kotona (tilaa n. 4 kuormalavalle)<\/li><li>Joustavat ty\u00f6ajat (my\u00f6s osa-aikaty\u00f6 mahdollista)<\/li><li>Puhdas provisioty\u00f6 ilman kiinte\u00e4\u00e4 palkkaa<\/li><\/ul><p>   <\/p><p><strong>Komissio:<\/strong><\/p><ul><li>20 CHF per myyty pussi<\/li><li>Komissio ensimm\u00e4isest\u00e4 pussista<\/li><\/ul><p>  <\/p>\t\t\t\t\t\t\t\t<\/div>\n\t\t\t\t<\/div>\n\t\t\t\t<div class=\"elementor-element elementor-element-0e99ca2 elementor-widget__width-initial elementor-widget elementor-widget-text-editor\" data-id=\"0e99ca2\" data-element_type=\"widget\" data-e-type=\"widget\" data-widget_type=\"text-editor.default\">\n\t\t\t\t<div class=\"elementor-widget-container\">\n\t\t\t\t\t\t\t\t\t<p><strong>Teht\u00e4v\u00e4si:<\/strong><\/p><ul><li>WC-paperin myynti ovelta ovelle rajatulla alueella<\/li><li>Suora asiakaskontakti ja neuvonta<\/li><li>P\u00e4ivitt\u00e4isten ty\u00f6teht\u00e4vien itsen\u00e4inen j\u00e4rjest\u00e4minen<\/li><li>Vakava ja yst\u00e4v\u00e4llinen k\u00e4yt\u00f6s asiakkaita kohtaan<\/li><\/ul><p>   <\/p><p><strong>Mit\u00e4 otat mukaasi:<\/strong><\/p><ul><li>T\u00e4ydellinen sveitsil\u00e4inen saksa tai t\u00e4ydellinen ranska<\/li><li>Nauti suorasta asiakaskontaktista<\/li><li>Luotettavuus, aloitteellisuus ja sinnikkyys<\/li><li>B-luokan ajokortti<\/li><li>Suoritukseen perustuvien ansioiden motivaatio<\/li><\/ul><p>    <\/p><p><strong>T\u00e4t\u00e4 me tarjoamme:<\/strong><\/p><ul><li>Selke\u00e4t ja avoimet komission s\u00e4\u00e4nn\u00f6t<\/li><li>Eritt\u00e4in hyv\u00e4t ansiomahdollisuudet hyv\u00e4ll\u00e4 suorituskyvyll\u00e4<\/li><li>Perusteellinen perehdytys<\/li><li>Pitk\u00e4n aikav\u00e4lin yhteisty\u00f6 mahdollista<\/li><li>Itsen\u00e4inen ty\u00f6, jossa on paljon vapautta<\/li><\/ul><p>    <\/p>\t\t\t\t\t\t\t\t<\/div>\n\t\t\t\t<\/div>\n\t\t\t\t<div class=\"elementor-element elementor-element-6e75c1d elementor-widget__width-initial elementor-widget elementor-widget-text-editor\" data-id=\"6e75c1d\" data-element_type=\"widget\" data-e-type=\"widget\" data-widget_type=\"text-editor.default\">\n\t\t\t\t<div class=\"elementor-widget-container\">\n\t\t\t\t\t\t\t\t\t<p><strong>Kiinnostuitko?<\/strong><\/p><p>Odotamme innolla yhteydenottoanne yksinomaan puhelimitse.<\/p><p>Mr Thommen<br>+41 58 502 23 43<br>Maanantaista perjantaihin<br>08:00-12:00<br>13:30-17:00<\/p><p><strong>Ei s\u00e4hk\u00f6postia &#8211; ensimm\u00e4inen yhteydenotto vain puhelimitse.<\/strong><\/p>\t\t\t\t\t\t\t\t<\/div>\n\t\t\t\t<\/div>\n\t\t\t\t<div class=\"elementor-element elementor-element-dac5638 elementor-widget elementor-widget-menu-anchor\" data-id=\"dac5638\" data-element_type=\"widget\" data-e-type=\"widget\" data-widget_type=\"menu-anchor.default\">\n\t\t\t\t<div class=\"elementor-widget-container\">\n\t\t\t\t\t\t\t<div class=\"elementor-menu-anchor\" id=\"Puhelin\"><\/div>\n\t\t\t\t\t\t<\/div>\n\t\t\t\t<\/div>\n\t\t\t\t<\/div>\n\t\t<div class=\"elementor-element elementor-element-75318fc e-con-full e-flex e-con e-child\" data-id=\"75318fc\" data-element_type=\"container\" data-e-type=\"container\" data-settings=\"{&quot;background_background&quot;:&quot;classic&quot;}\">\n\t\t\t\t<div class=\"elementor-element elementor-element-3fdde5a elementor-widget elementor-widget-image\" data-id=\"3fdde5a\" data-element_type=\"widget\" data-e-type=\"widget\" data-widget_type=\"image.default\">\n\t\t\t\t<div class=\"elementor-widget-container\">\n\t\t\t\t\t\t\t\t\t\t\t\t\t\t\t<img fetchpriority=\"high\" decoding=\"async\" width=\"800\" height=\"800\" src=\"https:\/\/roosa.biz\/wp-content\/uploads\/2023\/10\/ROOSA-FINAL.svg\" class=\"attachment-large size-large wp-image-1299\" alt=\"\" \/>\t\t\t\t\t\t\t\t\t\t\t\t\t\t\t<\/div>\n\t\t\t\t<\/div>\n\t\t\t\t<div class=\"elementor-element elementor-element-c63d271 elementor-widget elementor-widget-image\" data-id=\"c63d271\" data-element_type=\"widget\" data-e-type=\"widget\" data-widget_type=\"image.default\">\n\t\t\t\t<div class=\"elementor-widget-container\">\n\t\t\t\t\t\t\t\t\t\t\t\t\t\t\t<img decoding=\"async\" width=\"800\" height=\"371\" src=\"https:\/\/roosa.biz\/wp-content\/uploads\/2025\/04\/new-mockup-2024-4-1024x475.png\" class=\"attachment-large size-large wp-image-1533\" alt=\"\" srcset=\"https:\/\/roosa.biz\/wp-content\/uploads\/2025\/04\/new-mockup-2024-4-1024x475.png 1024w, https:\/\/roosa.biz\/wp-content\/uploads\/2025\/04\/new-mockup-2024-4-300x139.png 300w, https:\/\/roosa.biz\/wp-content\/uploads\/2025\/04\/new-mockup-2024-4-768x356.png 768w, https:\/\/roosa.biz\/wp-content\/uploads\/2025\/04\/new-mockup-2024-4-1536x712.png 1536w, https:\/\/roosa.biz\/wp-content\/uploads\/2025\/04\/new-mockup-2024-4-2048x950.png 2048w\" sizes=\"(max-width: 800px) 100vw, 800px\" \/>\t\t\t\t\t\t\t\t\t\t\t\t\t\t\t<\/div>\n\t\t\t\t<\/div>\n\t\t\t\t<\/div>\n\t\t\t\t\t<\/div>\n\t\t\t\t<\/div>\n\t\t<div class=\"elementor-element elementor-element-940eec5 e-flex e-con-boxed e-con e-parent\" data-id=\"940eec5\" data-element_type=\"container\" data-e-type=\"container\">\n\t\t\t\t\t<div class=\"e-con-inner\">\n\t\t<div class=\"elementor-element elementor-element-0ab0389 e-con-full e-flex e-con e-child\" data-id=\"0ab0389\" data-element_type=\"container\" data-e-type=\"container\">\n\t\t\t\t<div class=\"elementor-element elementor-element-c66e08b elementor-widget elementor-widget-heading\" data-id=\"c66e08b\" data-element_type=\"widget\" data-e-type=\"widget\" data-widget_type=\"heading.default\">\n\t\t\t\t<div class=\"elementor-widget-container\">\n\t\t\t\t\t<h2 class=\"elementor-heading-title elementor-size-default\">Etsit\u00e4\u00e4n nuoria myyntitaitoja puhelimessa 100% ylellisill\u00e4 provisioilla varustettuna\n<\/h2>\t\t\t\t<\/div>\n\t\t\t\t<\/div>\n\t\t\t\t<div class=\"elementor-element elementor-element-20876f8 elementor-widget__width-initial elementor-widget elementor-widget-text-editor\" data-id=\"20876f8\" data-element_type=\"widget\" data-e-type=\"widget\" data-widget_type=\"text-editor.default\">\n\t\t\t\t<div class=\"elementor-widget-container\">\n\t\t\t\t\t\t\t\t\t<h5>Sveitsin ja Saksan markkinat | Paikan p\u00e4\u00e4ll\u00e4 | Provisiomalli<\/h5>\t\t\t\t\t\t\t\t<\/div>\n\t\t\t\t<\/div>\n\t\t\t\t<div class=\"elementor-element elementor-element-3c35bde elementor-widget__width-initial elementor-widget elementor-widget-text-editor\" data-id=\"3c35bde\" data-element_type=\"widget\" data-e-type=\"widget\" data-widget_type=\"text-editor.default\">\n\t\t\t\t<div class=\"elementor-widget-container\">\n\t\t\t\t\t\t\t\t\t<p><b>Tietoa meist\u00e4:<\/b><\/p><p>Olemme yksi Sveitsin johtavista yrityksist\u00e4 hygieniatuotteiden alalla. Yhten\u00e4 suurimmista wc-paperin jakelijoista toimitamme yritys- ja yksityisasiakkaille korkealaatuisia tuotteita. Keskitymme kasvuun, selkeisiin myyntirakenteisiin ja tulospalkkaukseen.  <\/p>\t\t\t\t\t\t\t\t<\/div>\n\t\t\t\t<\/div>\n\t\t\t\t<div class=\"elementor-element elementor-element-616fac5 elementor-widget__width-initial elementor-widget elementor-widget-text-editor\" data-id=\"616fac5\" data-element_type=\"widget\" data-e-type=\"widget\" data-widget_type=\"text-editor.default\">\n\t\t\t\t<div class=\"elementor-widget-container\">\n\t\t\t\t\t\t\t\t\t<h5>T\u00e4rke\u00e4\u00e4 etuk\u00e4teen &#8211; kieli ja soveltamisala<\/h5>\t\t\t\t\t\t\t\t<\/div>\n\t\t\t\t<\/div>\n\t\t\t\t<div class=\"elementor-element elementor-element-adfcf49 elementor-widget__width-initial elementor-widget elementor-widget-text-editor\" data-id=\"adfcf49\" data-element_type=\"widget\" data-e-type=\"widget\" data-widget_type=\"text-editor.default\">\n\t\t\t\t<div class=\"elementor-widget-container\">\n\t\t\t\t\t\t\t\t\t<p><strong>Sveitsin markkinat<\/strong><\/p><ul><li>Ainoastaan ihmiset, joilla on t\u00e4ydellinen sveitsil\u00e4inen saksa<\/li><li>Puhelinmyynti sveitsil\u00e4isille asiakkaille<\/li><li>Kiinte\u00e4 palkka + provisio<\/li><li>Ty\u00f6paikka: Oltenin toimipaikka<br>Ei kotitoimipaikkaa<\/li><\/ul><p>   <\/p>\t\t\t\t\t\t\t\t<\/div>\n\t\t\t\t<\/div>\n\t\t\t\t<div class=\"elementor-element elementor-element-82d617f elementor-widget__width-initial elementor-widget elementor-widget-text-editor\" data-id=\"82d617f\" data-element_type=\"widget\" data-e-type=\"widget\" data-widget_type=\"text-editor.default\">\n\t\t\t\t<div class=\"elementor-widget-container\">\n\t\t\t\t\t\t\t\t\t<p><strong>Saksan markkinat<\/strong><\/p><ul><li>Ainoastaan ihmiset, joilla on <strong>t\u00e4ydellinen yl\u00e4saksa<\/strong><\/li><li>Puhelinmyynti saksalaisille asiakkaille<\/li><li>Puhdas provisioty\u00f6<\/li><li>Ei kiinte\u00e4\u00e4 palkkaa<\/li><\/ul><p>    <\/p>\t\t\t\t\t\t\t\t<\/div>\n\t\t\t\t<\/div>\n\t\t\t\t<div class=\"elementor-element elementor-element-548571c elementor-widget__width-initial elementor-widget elementor-widget-text-editor\" data-id=\"548571c\" data-element_type=\"widget\" data-e-type=\"widget\" data-widget_type=\"text-editor.default\">\n\t\t\t\t<div class=\"elementor-widget-container\">\n\t\t\t\t\t\t\t\t\t<h5>Ty\u00f6- ja ty\u00f6llisyysmallit  <\/h5>\t\t\t\t\t\t\t\t<\/div>\n\t\t\t\t<\/div>\n\t\t\t\t<div class=\"elementor-element elementor-element-26628c6 elementor-widget__width-initial elementor-widget elementor-widget-text-editor\" data-id=\"26628c6\" data-element_type=\"widget\" data-e-type=\"widget\" data-widget_type=\"text-editor.default\">\n\t\t\t\t<div class=\"elementor-widget-container\">\n\t\t\t\t\t\t\t\t\t<p><strong>Saksan markkinat<\/strong><\/p><p><em>Vaihtoehto 1: Ty\u00f6voima Sveitsist\u00e4<\/em><\/p><ul><li>Puhelinmyynti saksalaisille asiakkaille<\/li><li>Ty\u00f6llistyminen Sveitsiss\u00e4 mahdollista<\/li><li>Ty\u00f6skentely paikan p\u00e4\u00e4ll\u00e4 (ei kotitoimistoa)<\/li><\/ul><p>      <\/p><p><em>Vaihtoehto 2: Ty\u00f6voima Saksasta<\/em><\/p><ul><li>Ty\u00f6skentely yksinomaan ty\u00f6maalla Herteniss\u00e4<\/li><li>Ty\u00f6llistyminen Saksassa ei ole mahdollista<\/li><li>Yhteisty\u00f6 ainoastaan itsen\u00e4isten ammatinharjoittajien kanssa<\/li><li>Oma yritys tai<\/li><li>Virallinen itsen\u00e4isen ammatinharjoittamisen \/ yrityksen rekister\u00f6inti pakollinen<\/li><\/ul><p>     <\/p>\t\t\t\t\t\t\t\t<\/div>\n\t\t\t\t<\/div>\n\t\t\t\t<div class=\"elementor-element elementor-element-8f6bb31 elementor-widget__width-initial elementor-widget elementor-widget-text-editor\" data-id=\"8f6bb31\" data-element_type=\"widget\" data-e-type=\"widget\" data-widget_type=\"text-editor.default\">\n\t\t\t\t<div class=\"elementor-widget-container\">\n\t\t\t\t\t\t\t\t\t<p><strong>Teht\u00e4v\u00e4si:<\/strong><\/p><ul><li>Hygieniatuotteidemme puhelinmyynti<\/li><li>Aktiivinen asiakasl\u00e4ht\u00f6isyys ja myyntiorientaatio<\/li><li>Ammattimaista neuvontaa yritys- ja yksityisasiakkaille<\/li><li>Aktiivinen osallistuminen yrityksen kasvuun<\/li><\/ul><p>   <\/p>\t\t\t\t\t\t\t\t<\/div>\n\t\t\t\t<\/div>\n\t\t\t\t<div class=\"elementor-element elementor-element-5abe4f7 elementor-widget__width-initial elementor-widget elementor-widget-text-editor\" data-id=\"5abe4f7\" data-element_type=\"widget\" data-e-type=\"widget\" data-widget_type=\"text-editor.default\">\n\t\t\t\t<div class=\"elementor-widget-container\">\n\t\t\t\t\t\t\t\t\t<p><strong>T\u00e4t\u00e4 me tarjoamme:<\/strong><\/p><ul><li>Eritt\u00e4in hyv\u00e4t ansaintamahdollisuudet houkuttelevien palkkioiden ansiosta.<\/li><li>Kiinte\u00e4 palkka ainoastaan Sveitsin markkinoilla<\/li><li>Puhdas provisioty\u00f6 Saksan markkinoilla<\/li><li>Strukturoitu perehdytys ja koulutus<\/li><li>Moderni ty\u00f6paikka Oltenissa tai Herteniss\u00e4<\/li><li>Pitk\u00e4n aikav\u00e4lin n\u00e4kym\u00e4t kasvavassa yrityksess\u00e4<\/li><li>Selke\u00e4t myyntiprosessit<\/li><\/ul><p>   <\/p>\t\t\t\t\t\t\t\t<\/div>\n\t\t\t\t<\/div>\n\t\t\t\t<div class=\"elementor-element elementor-element-3ec3735 elementor-widget__width-initial elementor-widget elementor-widget-text-editor\" data-id=\"3ec3735\" data-element_type=\"widget\" data-e-type=\"widget\" data-widget_type=\"text-editor.default\">\n\t\t\t\t<div class=\"elementor-widget-container\">\n\t\t\t\t\t\t\t\t\t<p><strong>Mit\u00e4 otat mukaasi:<\/strong><\/p><ul><li>T\u00e4ydellinen sveitsinsaksa tai t\u00e4ydellinen korkeasaksa (markkinoista riippuen).<\/li><li>Nauti puhelinmyynnist\u00e4<\/li><li>Sulkuvoima ja suoritushalukkuus<\/li><li>Luotettavuus ja aloitteellisuus<\/li><li>Suoritukseen perustuvien ansioiden motivaatio<\/li><\/ul><p>    <\/p>\t\t\t\t\t\t\t\t<\/div>\n\t\t\t\t<\/div>\n\t\t\t\t<div class=\"elementor-element elementor-element-e656f9e elementor-widget__width-initial elementor-widget elementor-widget-text-editor\" data-id=\"e656f9e\" data-element_type=\"widget\" data-e-type=\"widget\" data-widget_type=\"text-editor.default\">\n\t\t\t\t<div class=\"elementor-widget-container\">\n\t\t\t\t\t\t\t\t\t<p><strong>Kiinnostuitko?<\/strong><\/p><p>Odotamme innolla yhteydenottoanne yksinomaan puhelimitse.<\/p><p>Mr Thommen<br>+41 58 502 23 43<br>Maanantaista perjantaihin<br>08:00-12:00<br>13:30-17:00<\/p><p><strong>Ei s\u00e4hk\u00f6postia &#8211; ensimm\u00e4inen yhteydenotto vain puhelimitse.<\/strong><\/p>\t\t\t\t\t\t\t\t<\/div>\n\t\t\t\t<\/div>\n\t\t\t\t<\/div>\n\t\t<div class=\"elementor-element elementor-element-4c49167 e-con-full e-flex e-con e-child\" data-id=\"4c49167\" data-element_type=\"container\" data-e-type=\"container\" data-settings=\"{&quot;background_background&quot;:&quot;classic&quot;}\">\n\t\t\t\t<div class=\"elementor-element elementor-element-dc8215d elementor-widget elementor-widget-image\" data-id=\"dc8215d\" data-element_type=\"widget\" data-e-type=\"widget\" data-widget_type=\"image.default\">\n\t\t\t\t<div class=\"elementor-widget-container\">\n\t\t\t\t\t\t\t\t\t\t\t\t\t\t\t<img fetchpriority=\"high\" decoding=\"async\" width=\"800\" height=\"800\" src=\"https:\/\/roosa.biz\/wp-content\/uploads\/2023\/10\/ROOSA-FINAL.svg\" class=\"attachment-large size-large wp-image-1299\" alt=\"\" \/>\t\t\t\t\t\t\t\t\t\t\t\t\t\t\t<\/div>\n\t\t\t\t<\/div>\n\t\t\t\t<div class=\"elementor-element elementor-element-ba9c391 elementor-widget elementor-widget-image\" data-id=\"ba9c391\" data-element_type=\"widget\" data-e-type=\"widget\" data-widget_type=\"image.default\">\n\t\t\t\t<div class=\"elementor-widget-container\">\n\t\t\t\t\t\t\t\t\t\t\t\t\t\t\t<img decoding=\"async\" width=\"800\" height=\"371\" src=\"https:\/\/roosa.biz\/wp-content\/uploads\/2025\/04\/new-mockup-2024-4-1024x475.png\" class=\"attachment-large size-large wp-image-1533\" alt=\"\" srcset=\"https:\/\/roosa.biz\/wp-content\/uploads\/2025\/04\/new-mockup-2024-4-1024x475.png 1024w, https:\/\/roosa.biz\/wp-content\/uploads\/2025\/04\/new-mockup-2024-4-300x139.png 300w, https:\/\/roosa.biz\/wp-content\/uploads\/2025\/04\/new-mockup-2024-4-768x356.png 768w, https:\/\/roosa.biz\/wp-content\/uploads\/2025\/04\/new-mockup-2024-4-1536x712.png 1536w, https:\/\/roosa.biz\/wp-content\/uploads\/2025\/04\/new-mockup-2024-4-2048x950.png 2048w\" sizes=\"(max-width: 800px) 100vw, 800px\" \/>\t\t\t\t\t\t\t\t\t\t\t\t\t\t\t<\/div>\n\t\t\t\t<\/div>\n\t\t\t\t<\/div>\n\t\t\t\t\t<\/div>\n\t\t\t\t<\/div>\n\t\t\t\t<\/div>\n\t\t","protected":false},"excerpt":{"rendered":"<p>Avoimet paikat t\u00e4ll\u00e4 hetkell\u00e4 Avoimet ty\u00f6paikat: Ovelta ovelle -myyntitaidot Puhelinmyynti Ovelta ovelle -myyntiin halutaan myyntitaitoja 100 % tai joustava | Palkkioty\u00f6 | Saksankielinen ja ranskankielinen Sveitsi Etsimme motivoituneita, itsen\u00e4isi\u00e4 persoonia WC-paperin ovelta ovelle -myyntiin. Olipa kyseess\u00e4 kokoaikainen tai joustava &#8211; meill\u00e4 on kaksi selke\u00e4\u00e4 mallia, riippuen el\u00e4m\u00e4ntilanteestasi ja yritt\u00e4j\u00e4henkisyydest\u00e4si. T\u00e4rke\u00e4\u00e4: Perfect Swiss German (saksankielinen Sveitsi) [&hellip;]<\/p>\n","protected":false},"author":2,"featured_media":0,"parent":0,"menu_order":0,"comment_status":"closed","ping_status":"closed","template":"elementor_header_footer","meta":{"footnotes":""},"class_list":["post-1583","page","type-page","status-publish","hentry"],"_links":{"self":[{"href":"https:\/\/roosa.biz\/fi\/wp-json\/wp\/v2\/pages\/1583","targetHints":{"allow":["GET"]}}],"collection":[{"href":"https:\/\/roosa.biz\/fi\/wp-json\/wp\/v2\/pages"}],"about":[{"href":"https:\/\/roosa.biz\/fi\/wp-json\/wp\/v2\/types\/page"}],"author":[{"embeddable":true,"href":"https:\/\/roosa.biz\/fi\/wp-json\/wp\/v2\/users\/2"}],"replies":[{"embeddable":true,"href":"https:\/\/roosa.biz\/fi\/wp-json\/wp\/v2\/comments?post=1583"}],"version-history":[{"count":6,"href":"https:\/\/roosa.biz\/fi\/wp-json\/wp\/v2\/pages\/1583\/revisions"}],"predecessor-version":[{"id":2169,"href":"https:\/\/roosa.biz\/fi\/wp-json\/wp\/v2\/pages\/1583\/revisions\/2169"}],"wp:attachment":[{"href":"https:\/\/roosa.biz\/fi\/wp-json\/wp\/v2\/media?parent=1583"}],"curies":[{"name":"wp","href":"https:\/\/api.w.org\/{rel}","templated":true}]}}