{"id":1191,"date":"2023-10-06T08:31:01","date_gmt":"2023-10-06T08:31:01","guid":{"rendered":"https:\/\/roosa.biz\/jaelki\/"},"modified":"2026-03-11T08:57:12","modified_gmt":"2026-03-11T08:57:12","slug":"jaelki","status":"publish","type":"page","link":"https:\/\/roosa.biz\/fi\/jaelki\/","title":{"rendered":"J\u00e4lki"},"content":{"rendered":"\t\t<div data-elementor-type=\"wp-page\" data-elementor-id=\"1191\" class=\"elementor elementor-1191 elementor-56\" data-elementor-post-type=\"page\">\n\t\t\t\t<div class=\"elementor-element elementor-element-2ad2148 e-flex e-con-boxed e-con e-parent\" data-id=\"2ad2148\" data-element_type=\"container\" data-e-type=\"container\">\n\t\t\t\t\t<div class=\"e-con-inner\">\n\t\t\t\t<div class=\"elementor-element elementor-element-888c99b elementor-widget elementor-widget-text-editor\" data-id=\"888c99b\" data-element_type=\"widget\" data-e-type=\"widget\" data-widget_type=\"text-editor.default\">\n\t\t\t\t<div class=\"elementor-widget-container\">\n\t\t\t\t\t\t\t\t\t<p><b>ROOSA\u00ae on ROOSA AG:n rekister\u00f6ity tavaramerkki.<\/b><\/p><p>Vastuullinen taho:<br>ROOSA AG<br>Kirschgartenstrasse 12<br>4051 Basel<br>Sveitsi<br><strong>S\u00e4hk\u00f6posti<\/strong>: info@roosa.biz.<\/p><p><strong>Valtuutettu edustaja<\/strong><br>Beat M\u00f6rker<\/p><p><strong>Yrityksen nimi<\/strong>: ROOSA AG<br><strong>Rekisterinumero<\/strong>: CHE-168.391.777<br><strong>Arvonlis\u00e4verotunniste<\/strong>: CH-270-3016294-3.<\/p><p><br><br>V<strong>astuuvapauslauseke<\/strong> Kirjoittaja ei vastaa tietojen oikeellisuudesta, tarkkuudesta, ajantasaisuudesta, luotettavuudesta ja t\u00e4ydellisyydest\u00e4. Kirjoittajaa vastaan esitetyt korvausvaatimukset aineellisista tai aineettomista vahingoista, jotka johtuvat siit\u00e4, ett\u00e4 julkaistuihin tietoihin on p\u00e4\u00e4sty k\u00e4siksi tai niit\u00e4 on k\u00e4ytetty tai j\u00e4tetty k\u00e4ytt\u00e4m\u00e4tt\u00e4, ett\u00e4 yhteytt\u00e4 on k\u00e4ytetty v\u00e4\u00e4rin tai ett\u00e4 on ilmennyt teknisi\u00e4 vikoja, on suljettu pois.<\/p><p>Kaikki tarjoukset voivat muuttua.\nTekij\u00e4 pid\u00e4tt\u00e4\u00e4 nimenomaisesti oikeuden muuttaa, t\u00e4ydent\u00e4\u00e4 tai poistaa osia sivuista tai koko tarjouksen ilman ennakkoilmoitusta tai lopettaa julkaisemisen v\u00e4liaikaisesti tai pysyv\u00e4sti. <\/p><p><strong>Vastuuvapauslauseke sis\u00e4ll\u00f6st\u00e4 ja linkeist\u00e4<\/strong><br>Viittaukset ja linkit kolmansien osapuolten verkkosivustoille eiv\u00e4t kuulu vastuualueeseemme. Vastuu t\u00e4llaisista verkkosivustoista on hyl\u00e4tty. P\u00e4\u00e4sy t\u00e4llaisille verkkosivustoille ja niiden k\u00e4ytt\u00f6 tapahtuu k\u00e4ytt\u00e4j\u00e4n omalla vastuulla.  <\/p><p><br>T<strong>ekij\u00e4noikeusilmoitus<\/strong> Tekij\u00e4noikeudet ja kaikki muut oikeudet t\u00e4m\u00e4n verkkosivuston sis\u00e4lt\u00f6\u00f6n, kuviin, valokuviin tai muihin tiedostoihin kuuluvat yksinomaan WC-Papier f\u00fcr ALLE.ch:lle tai erikseen mainituille oikeudenhaltijoille. Kaikkien elementtien j\u00e4ljent\u00e4miseen on saatava etuk\u00e4teen tekij\u00e4noikeuden haltijan kirjallinen suostumus. <\/p>\t\t\t\t\t\t\t\t<\/div>\n\t\t\t\t<\/div>\n\t\t\t\t\t<\/div>\n\t\t\t\t<\/div>\n\t\t\t\t<\/div>\n\t\t","protected":false},"excerpt":{"rendered":"<p>ROOSA\u00ae on ROOSA AG:n rekister\u00f6ity tavaramerkki. Vastuullinen taho:ROOSA AGKirschgartenstrasse 124051 BaselSveitsiS\u00e4hk\u00f6posti: info@roosa.biz. Valtuutettu edustajaBeat M\u00f6rker Yrityksen nimi: ROOSA AGRekisterinumero: CHE-168.391.777Arvonlis\u00e4verotunniste: CH-270-3016294-3. Vastuuvapauslauseke Kirjoittaja ei vastaa tietojen oikeellisuudesta, tarkkuudesta, ajantasaisuudesta, luotettavuudesta ja t\u00e4ydellisyydest\u00e4. Kirjoittajaa vastaan esitetyt korvausvaatimukset aineellisista tai aineettomista vahingoista, jotka johtuvat siit\u00e4, ett\u00e4 julkaistuihin tietoihin on p\u00e4\u00e4sty k\u00e4siksi tai niit\u00e4 on k\u00e4ytetty tai j\u00e4tetty [&hellip;]<\/p>\n","protected":false},"author":1,"featured_media":0,"parent":0,"menu_order":0,"comment_status":"closed","ping_status":"closed","template":"elementor_header_footer","meta":{"footnotes":""},"class_list":["post-1191","page","type-page","status-publish","hentry"],"_links":{"self":[{"href":"https:\/\/roosa.biz\/fi\/wp-json\/wp\/v2\/pages\/1191","targetHints":{"allow":["GET"]}}],"collection":[{"href":"https:\/\/roosa.biz\/fi\/wp-json\/wp\/v2\/pages"}],"about":[{"href":"https:\/\/roosa.biz\/fi\/wp-json\/wp\/v2\/types\/page"}],"author":[{"embeddable":true,"href":"https:\/\/roosa.biz\/fi\/wp-json\/wp\/v2\/users\/1"}],"replies":[{"embeddable":true,"href":"https:\/\/roosa.biz\/fi\/wp-json\/wp\/v2\/comments?post=1191"}],"version-history":[{"count":5,"href":"https:\/\/roosa.biz\/fi\/wp-json\/wp\/v2\/pages\/1191\/revisions"}],"predecessor-version":[{"id":2558,"href":"https:\/\/roosa.biz\/fi\/wp-json\/wp\/v2\/pages\/1191\/revisions\/2558"}],"wp:attachment":[{"href":"https:\/\/roosa.biz\/fi\/wp-json\/wp\/v2\/media?parent=1191"}],"curies":[{"name":"wp","href":"https:\/\/api.w.org\/{rel}","templated":true}]}}