{"id":2202,"date":"2026-02-07T09:26:26","date_gmt":"2026-02-07T09:26:26","guid":{"rendered":"https:\/\/roosa.biz\/doer-til-doer-saelger\/"},"modified":"2026-02-07T09:54:06","modified_gmt":"2026-02-07T09:54:06","slug":"doer-til-doer-saelger","status":"publish","type":"page","link":"https:\/\/roosa.biz\/da\/doer-til-doer-saelger\/","title":{"rendered":"D\u00f8r-til-d\u00f8r-s\u00e6lger"},"content":{"rendered":"\t\t<div data-elementor-type=\"wp-page\" data-elementor-id=\"2202\" class=\"elementor elementor-2202 elementor-2195\" data-elementor-post-type=\"page\">\n\t\t\t\t<div class=\"elementor-element elementor-element-8d19e7e e-flex e-con-boxed e-con e-parent\" data-id=\"8d19e7e\" data-element_type=\"container\" data-e-type=\"container\" data-settings=\"{&quot;background_background&quot;:&quot;classic&quot;}\">\n\t\t\t\t\t<div class=\"e-con-inner\">\n\t\t\t\t<div class=\"elementor-element elementor-element-e67434b elementor-widget__width-initial elementor-widget elementor-widget-heading\" data-id=\"e67434b\" data-element_type=\"widget\" data-e-type=\"widget\" data-widget_type=\"heading.default\">\n\t\t\t\t<div class=\"elementor-widget-container\">\n\t\t\t\t\t<h2 class=\"elementor-heading-title elementor-size-default\">\u00c5bne stillinger<\/h2>\t\t\t\t<\/div>\n\t\t\t\t<\/div>\n\t\t\t\t\t<\/div>\n\t\t\t\t<\/div>\n\t\t<div class=\"elementor-element elementor-element-e271a82 elementor-hidden-desktop elementor-hidden-tablet elementor-hidden-mobile e-flex e-con-boxed e-con e-parent\" data-id=\"e271a82\" data-element_type=\"container\" data-e-type=\"container\">\n\t\t\t\t\t<div class=\"e-con-inner\">\n\t\t<div class=\"elementor-element elementor-element-a77544c e-con-full e-flex e-con e-child\" data-id=\"a77544c\" data-element_type=\"container\" data-e-type=\"container\">\n\t\t\t\t<div class=\"elementor-element elementor-element-75820fb elementor-widget__width-initial elementor-widget elementor-widget-text-editor\" data-id=\"75820fb\" data-element_type=\"widget\" data-e-type=\"widget\" data-widget_type=\"text-editor.default\">\n\t\t\t\t<div class=\"elementor-widget-container\">\n\t\t\t\t\t\t\t\t\t<p><strong>i \u00f8jeblikket \u00e5bne stillinger:<\/strong><\/p>\t\t\t\t\t\t\t\t<\/div>\n\t\t\t\t<\/div>\n\t\t\t\t<\/div>\n\t\t<div class=\"elementor-element elementor-element-334e5ec e-con-full e-flex e-con e-child\" data-id=\"334e5ec\" data-element_type=\"container\" data-e-type=\"container\">\n\t\t\t\t<div class=\"elementor-element elementor-element-216878e elementor-mobile-align-center elementor-tablet-align-center elementor-widget elementor-widget-button\" data-id=\"216878e\" data-element_type=\"widget\" data-e-type=\"widget\" data-widget_type=\"button.default\">\n\t\t\t\t<div class=\"elementor-widget-container\">\n\t\t\t\t\t\t\t\t\t<div class=\"elementor-button-wrapper\">\n\t\t\t\t\t<a class=\"elementor-button elementor-size-sm\" role=\"button\">\n\t\t\t\t\t\t<span class=\"elementor-button-content-wrapper\">\n\t\t\t\t\t\t\t\t\t<span class=\"elementor-button-text\">Talent for d\u00f8r-til-d\u00f8r-salg<\/span>\n\t\t\t\t\t<\/span>\n\t\t\t\t\t<\/a>\n\t\t\t\t<\/div>\n\t\t\t\t\t\t\t\t<\/div>\n\t\t\t\t<\/div>\n\t\t\t\t<\/div>\n\t\t<div class=\"elementor-element elementor-element-7993ecc e-con-full e-flex e-con e-child\" data-id=\"7993ecc\" data-element_type=\"container\" data-e-type=\"container\">\n\t\t\t\t<div class=\"elementor-element elementor-element-3e6bbdf elementor-mobile-align-center elementor-tablet-align-center elementor-widget elementor-widget-button\" data-id=\"3e6bbdf\" data-element_type=\"widget\" data-e-type=\"widget\" data-widget_type=\"button.default\">\n\t\t\t\t<div class=\"elementor-widget-container\">\n\t\t\t\t\t\t\t\t\t<div class=\"elementor-button-wrapper\">\n\t\t\t\t\t<a class=\"elementor-button elementor-size-sm\" role=\"button\">\n\t\t\t\t\t\t<span class=\"elementor-button-content-wrapper\">\n\t\t\t\t\t\t\t\t\t<span class=\"elementor-button-text\">Salg over telefon<\/span>\n\t\t\t\t\t<\/span>\n\t\t\t\t\t<\/a>\n\t\t\t\t<\/div>\n\t\t\t\t\t\t\t\t<\/div>\n\t\t\t\t<\/div>\n\t\t\t\t<\/div>\n\t\t\t\t\t<\/div>\n\t\t\t\t<\/div>\n\t\t<div class=\"elementor-element elementor-element-07f3f8d e-flex e-con-boxed e-con e-parent\" data-id=\"07f3f8d\" data-element_type=\"container\" data-e-type=\"container\">\n\t\t\t\t\t<div class=\"e-con-inner\">\n\t\t<div class=\"elementor-element elementor-element-7b2ce31 e-con-full e-flex e-con e-child\" data-id=\"7b2ce31\" data-element_type=\"container\" data-e-type=\"container\">\n\t\t\t\t<div class=\"elementor-element elementor-element-4de4246 elementor-widget elementor-widget-heading\" data-id=\"4de4246\" data-element_type=\"widget\" data-e-type=\"widget\" data-widget_type=\"heading.default\">\n\t\t\t\t<div class=\"elementor-widget-container\">\n\t\t\t\t\t<h2 class=\"elementor-heading-title elementor-size-default\">Salgstalenter s\u00f8ges til d\u00f8r-til-d\u00f8r-salg<\/h2>\t\t\t\t<\/div>\n\t\t\t\t<\/div>\n\t\t\t\t<div class=\"elementor-element elementor-element-7106948 elementor-widget__width-initial elementor-widget elementor-widget-text-editor\" data-id=\"7106948\" data-element_type=\"widget\" data-e-type=\"widget\" data-widget_type=\"text-editor.default\">\n\t\t\t\t<div class=\"elementor-widget-container\">\n\t\t\t\t\t\t\t\t\t<h5>100% eller fleksibel | Kun kommissionsjob | Tysktalende og fransktalende Schweiz<\/h5>\t\t\t\t\t\t\t\t<\/div>\n\t\t\t\t<\/div>\n\t\t\t\t<div class=\"elementor-element elementor-element-b474cef elementor-widget__width-initial elementor-widget elementor-widget-text-editor\" data-id=\"b474cef\" data-element_type=\"widget\" data-e-type=\"widget\" data-widget_type=\"text-editor.default\">\n\t\t\t\t<div class=\"elementor-widget-container\">\n\t\t\t\t\t\t\t\t\t<p>Vi s\u00f8ger motiverede, selvst\u00e6ndige personligheder til d\u00f8r-til-d\u00f8r-salg af toiletpapir. Uanset om det er fuldtid eller fleksibelt &#8211; vi har to klare modeller, afh\u00e6ngigt af din livssituation og iv\u00e6rks\u00e6tter\u00e5nd. <\/p>\t\t\t\t\t\t\t\t<\/div>\n\t\t\t\t<\/div>\n\t\t\t\t<div class=\"elementor-element elementor-element-857a557 elementor-widget__width-initial elementor-widget elementor-widget-text-editor\" data-id=\"857a557\" data-element_type=\"widget\" data-e-type=\"widget\" data-widget_type=\"text-editor.default\">\n\t\t\t\t<div class=\"elementor-widget-container\">\n\t\t\t\t\t\t\t\t\t<p><strong>Det er vigtigt:<\/strong><\/p><ul><li>Perfekt schweizertysk (tysktalende Schweiz)<\/li><li>Eller perfekt fransk (fransktalende Schweiz)<\/li><\/ul><p> <\/p><p>Andre sprogf\u00e6rdigheder er ikke tilstr\u00e6kkelige.<\/p>\t\t\t\t\t\t\t\t<\/div>\n\t\t\t\t<\/div>\n\t\t\t\t<div class=\"elementor-element elementor-element-fb5a9b3 elementor-widget__width-initial elementor-widget elementor-widget-text-editor\" data-id=\"fb5a9b3\" data-element_type=\"widget\" data-e-type=\"widget\" data-widget_type=\"text-editor.default\">\n\t\t\t\t<div class=\"elementor-widget-container\">\n\t\t\t\t\t\t\t\t\t<h5>To forretningsmodeller &#8211; du v\u00e6lger, hvad der passer dig bedst<\/h5>\t\t\t\t\t\t\t\t<\/div>\n\t\t\t\t<\/div>\n\t\t\t\t<div class=\"elementor-element elementor-element-9c7dbad elementor-widget__width-initial elementor-widget elementor-widget-text-editor\" data-id=\"9c7dbad\" data-element_type=\"widget\" data-e-type=\"widget\" data-widget_type=\"text-editor.default\">\n\t\t\t\t<div class=\"elementor-widget-container\">\n\t\t\t\t\t\t\t\t\t<p><strong>Model 1: D\u00f8r-til-d\u00f8r-salg med firmabil (100%)<\/strong><\/p>\t\t\t\t\t\t\t\t<\/div>\n\t\t\t\t<\/div>\n\t\t\t\t<div class=\"elementor-element elementor-element-2a56c1c elementor-widget__width-initial elementor-widget elementor-widget-text-editor\" data-id=\"2a56c1c\" data-element_type=\"widget\" data-e-type=\"widget\" data-widget_type=\"text-editor.default\">\n\t\t\t\t<div class=\"elementor-widget-container\">\n\t\t\t\t\t\t\t\t\t<p>Denne model henvender sig til folk, der gerne vil arbejde p\u00e5 fuld tid (100 %).<\/p><p><strong>Generelle betingelser:<\/strong><\/p><ul><li>Firmak\u00f8ret\u00f8j stilles til r\u00e5dighed af os<\/li><li>Intet behov for eget lager<\/li><li>Rent provisionsjob uden fast l\u00f8n<\/li><li>100% arbejdsbyrde obligatorisk<\/li><\/ul><p> <\/p><p><strong>Kommissionen;<\/strong><\/p><ul><li>CHF 20 pr. solgt pose<\/li><li>Provision fra den 3. solgte pose pr. dag<\/li><\/ul>\t\t\t\t\t\t\t\t<\/div>\n\t\t\t\t<\/div>\n\t\t\t\t<div class=\"elementor-element elementor-element-0fa8ae7 elementor-widget__width-initial elementor-widget elementor-widget-text-editor\" data-id=\"0fa8ae7\" data-element_type=\"widget\" data-e-type=\"widget\" data-widget_type=\"text-editor.default\">\n\t\t\t\t<div class=\"elementor-widget-container\">\n\t\t\t\t\t\t\t\t\t<p><strong>Model 2: D\u00f8r-til-d\u00f8r-salg fra hjemmet (fleksibel)<\/strong><\/p>\t\t\t\t\t\t\t\t<\/div>\n\t\t\t\t<\/div>\n\t\t\t\t<div class=\"elementor-element elementor-element-8ecb753 elementor-widget__width-initial elementor-widget elementor-widget-text-editor\" data-id=\"8ecb753\" data-element_type=\"widget\" data-e-type=\"widget\" data-widget_type=\"text-editor.default\">\n\t\t\t\t<div class=\"elementor-widget-container\">\n\t\t\t\t\t\t\t\t\t<p>Denne model er ideel til selvst\u00e6ndige, fleksible s\u00e6lgere.<\/p><p><strong>Generelle betingelser:<\/strong><\/p><ul><li>Eget k\u00f8ret\u00f8j<\/li><li>Lille lager derhjemme (plads til ca. 4 paller)<\/li><li>Fleksibel arbejdstid (deltid er ogs\u00e5 muligt)<\/li><li>Rent provisionsjob uden fast l\u00f8n<\/li><\/ul><p>   <\/p><p><strong>Kommissionen:<\/strong><\/p><ul><li>CHF 20 pr. solgt pose<\/li><li>Provision fra den f\u00f8rste pose<\/li><\/ul><p>  <\/p>\t\t\t\t\t\t\t\t<\/div>\n\t\t\t\t<\/div>\n\t\t\t\t<div class=\"elementor-element elementor-element-0e99ca2 elementor-widget__width-initial elementor-widget elementor-widget-text-editor\" data-id=\"0e99ca2\" data-element_type=\"widget\" data-e-type=\"widget\" data-widget_type=\"text-editor.default\">\n\t\t\t\t<div class=\"elementor-widget-container\">\n\t\t\t\t\t\t\t\t\t<p><strong>Dine opgaver:<\/strong><\/p><ul><li>D\u00f8r-til-d\u00f8r-salg af toiletpapir i det tildelte omr\u00e5de<\/li><li>Direkte kundekontakt og r\u00e5dgivning<\/li><li>Selvst\u00e6ndig tilrettel\u00e6ggelse af din daglige arbejdsrutine<\/li><li>Seri\u00f8s og venlig opf\u00f8rsel over for kunder<\/li><\/ul><p>   <\/p><p><strong>Hvad du tager med dig:<\/strong><\/p><ul><li>Perfekt schweizertysk eller perfekt fransk<\/li><li>Nyd den direkte kundekontakt<\/li><li>P\u00e5lidelighed, initiativ og udholdenhed<\/li><li>K\u00f8rekort til kategori B<\/li><li>Motivation for pr\u00e6stationsrelateret indtjening<\/li><\/ul><p>    <\/p><p><strong>Dette er, hvad vi tilbyder:<\/strong><\/p><ul><li>Klare, gennemsigtige kommissionsregler<\/li><li>Meget h\u00f8jt indtjeningspotentiale med gode pr\u00e6stationer<\/li><li>Grundig familiarisering<\/li><li>Langsigtet samarbejde muligt<\/li><li>Selvst\u00e6ndigt arbejde med stor frihed<\/li><\/ul><p>    <\/p>\t\t\t\t\t\t\t\t<\/div>\n\t\t\t\t<\/div>\n\t\t\t\t<div class=\"elementor-element elementor-element-6e75c1d elementor-widget__width-initial elementor-widget elementor-widget-text-editor\" data-id=\"6e75c1d\" data-element_type=\"widget\" data-e-type=\"widget\" data-widget_type=\"text-editor.default\">\n\t\t\t\t<div class=\"elementor-widget-container\">\n\t\t\t\t\t\t\t\t\t<p><strong>Er du interesseret?<\/strong><\/p><p>S\u00e5 ser vi frem til at h\u00f8re fra dig udelukkende via telefon.<\/p><p>Thommen<br>+41 58 502 23 43<br>Mandag til fredag<br>08:00-12:00<br>13:30-17:00<\/p><p><strong>Ingen e-mails tak &#8211; f\u00f8rste kontakt kun pr. telefon.<\/strong><\/p>\t\t\t\t\t\t\t\t<\/div>\n\t\t\t\t<\/div>\n\t\t\t\t<\/div>\n\t\t<div class=\"elementor-element elementor-element-75318fc e-con-full e-flex e-con e-child\" data-id=\"75318fc\" data-element_type=\"container\" data-e-type=\"container\" data-settings=\"{&quot;background_background&quot;:&quot;classic&quot;}\">\n\t\t\t\t<div class=\"elementor-element elementor-element-3fdde5a elementor-widget elementor-widget-image\" data-id=\"3fdde5a\" data-element_type=\"widget\" data-e-type=\"widget\" data-widget_type=\"image.default\">\n\t\t\t\t<div class=\"elementor-widget-container\">\n\t\t\t\t\t\t\t\t\t\t\t\t\t\t\t<img fetchpriority=\"high\" decoding=\"async\" width=\"800\" height=\"800\" src=\"https:\/\/roosa.biz\/wp-content\/uploads\/2023\/10\/ROOSA-FINAL.svg\" class=\"attachment-large size-large wp-image-1255\" alt=\"\" \/>\t\t\t\t\t\t\t\t\t\t\t\t\t\t\t<\/div>\n\t\t\t\t<\/div>\n\t\t\t\t<div class=\"elementor-element elementor-element-c63d271 elementor-widget elementor-widget-image\" data-id=\"c63d271\" data-element_type=\"widget\" data-e-type=\"widget\" data-widget_type=\"image.default\">\n\t\t\t\t<div class=\"elementor-widget-container\">\n\t\t\t\t\t\t\t\t\t\t\t\t\t\t\t<img decoding=\"async\" width=\"800\" height=\"371\" src=\"https:\/\/roosa.biz\/wp-content\/uploads\/2025\/04\/new-mockup-2024-4-1024x475.png\" class=\"attachment-large size-large wp-image-1531\" alt=\"\" srcset=\"https:\/\/roosa.biz\/wp-content\/uploads\/2025\/04\/new-mockup-2024-4-1024x475.png 1024w, https:\/\/roosa.biz\/wp-content\/uploads\/2025\/04\/new-mockup-2024-4-300x139.png 300w, https:\/\/roosa.biz\/wp-content\/uploads\/2025\/04\/new-mockup-2024-4-768x356.png 768w, https:\/\/roosa.biz\/wp-content\/uploads\/2025\/04\/new-mockup-2024-4-1536x712.png 1536w, https:\/\/roosa.biz\/wp-content\/uploads\/2025\/04\/new-mockup-2024-4-2048x950.png 2048w\" sizes=\"(max-width: 800px) 100vw, 800px\" \/>\t\t\t\t\t\t\t\t\t\t\t\t\t\t\t<\/div>\n\t\t\t\t<\/div>\n\t\t\t\t<\/div>\n\t\t\t\t\t<\/div>\n\t\t\t\t<\/div>\n\t\t\t\t<\/div>\n\t\t","protected":false},"excerpt":{"rendered":"<p>\u00c5bne stillinger i \u00f8jeblikket \u00e5bne stillinger: Talent for d\u00f8r-til-d\u00f8r-salg Salg over telefon Salgstalenter s\u00f8ges til d\u00f8r-til-d\u00f8r-salg 100% eller fleksibel | Kun kommissionsjob | Tysktalende og fransktalende Schweiz Vi s\u00f8ger motiverede, selvst\u00e6ndige personligheder til d\u00f8r-til-d\u00f8r-salg af toiletpapir. Uanset om det er fuldtid eller fleksibelt &#8211; vi har to klare modeller, afh\u00e6ngigt af din livssituation og iv\u00e6rks\u00e6tter\u00e5nd. [&hellip;]<\/p>\n","protected":false},"author":2,"featured_media":0,"parent":0,"menu_order":0,"comment_status":"closed","ping_status":"closed","template":"elementor_header_footer","meta":{"footnotes":""},"class_list":["post-2202","page","type-page","status-publish","hentry"],"_links":{"self":[{"href":"https:\/\/roosa.biz\/da\/wp-json\/wp\/v2\/pages\/2202","targetHints":{"allow":["GET"]}}],"collection":[{"href":"https:\/\/roosa.biz\/da\/wp-json\/wp\/v2\/pages"}],"about":[{"href":"https:\/\/roosa.biz\/da\/wp-json\/wp\/v2\/types\/page"}],"author":[{"embeddable":true,"href":"https:\/\/roosa.biz\/da\/wp-json\/wp\/v2\/users\/2"}],"replies":[{"embeddable":true,"href":"https:\/\/roosa.biz\/da\/wp-json\/wp\/v2\/comments?post=2202"}],"version-history":[{"count":2,"href":"https:\/\/roosa.biz\/da\/wp-json\/wp\/v2\/pages\/2202\/revisions"}],"predecessor-version":[{"id":2272,"href":"https:\/\/roosa.biz\/da\/wp-json\/wp\/v2\/pages\/2202\/revisions\/2272"}],"wp:attachment":[{"href":"https:\/\/roosa.biz\/da\/wp-json\/wp\/v2\/media?parent=2202"}],"curies":[{"name":"wp","href":"https:\/\/api.w.org\/{rel}","templated":true}]}}