{"id":1358,"date":"2023-10-23T19:08:20","date_gmt":"2023-10-23T19:08:20","guid":{"rendered":"https:\/\/roosa.biz\/vores-engagement\/"},"modified":"2026-03-11T08:33:01","modified_gmt":"2026-03-11T08:33:01","slug":"vores-engagement","status":"publish","type":"page","link":"https:\/\/roosa.biz\/da\/vores-engagement\/","title":{"rendered":"Vores engagement"},"content":{"rendered":"\t\t<div data-elementor-type=\"wp-page\" data-elementor-id=\"1358\" class=\"elementor elementor-1358 elementor-402\" data-elementor-post-type=\"page\">\n\t\t\t\t<div class=\"elementor-element elementor-element-5843755 e-flex e-con-boxed e-con e-parent\" data-id=\"5843755\" data-element_type=\"container\" data-e-type=\"container\" data-settings=\"{&quot;background_background&quot;:&quot;classic&quot;}\">\n\t\t\t\t\t<div class=\"e-con-inner\">\n\t\t\t\t<div class=\"elementor-element elementor-element-707a2dd elementor-widget__width-inherit elementor-widget elementor-widget-heading\" data-id=\"707a2dd\" data-element_type=\"widget\" data-e-type=\"widget\" data-widget_type=\"heading.default\">\n\t\t\t\t<div class=\"elementor-widget-container\">\n\t\t\t\t\t<h2 class=\"elementor-heading-title elementor-size-default\">Vores engagement<\/h2>\t\t\t\t<\/div>\n\t\t\t\t<\/div>\n\t\t\t\t\t<\/div>\n\t\t\t\t<\/div>\n\t\t<div class=\"elementor-element elementor-element-a595580 e-flex e-con-boxed e-con e-parent\" data-id=\"a595580\" data-element_type=\"container\" data-e-type=\"container\">\n\t\t\t\t\t<div class=\"e-con-inner\">\n\t\t<div class=\"elementor-element elementor-element-444defd e-con-full e-flex e-con e-child\" data-id=\"444defd\" data-element_type=\"container\" data-e-type=\"container\">\n\t\t\t\t<div class=\"elementor-element elementor-element-dc776a7 elementor-widget elementor-widget-heading\" data-id=\"dc776a7\" data-element_type=\"widget\" data-e-type=\"widget\" data-widget_type=\"heading.default\">\n\t\t\t\t<div class=\"elementor-widget-container\">\n\t\t\t\t\t<h2 class=\"elementor-heading-title elementor-size-default\">Sammen for en bedre fremtid<\/h2>\t\t\t\t<\/div>\n\t\t\t\t<\/div>\n\t\t\t\t<div class=\"elementor-element elementor-element-52f61d9 elementor-widget__width-initial elementor-widget elementor-widget-text-editor\" data-id=\"52f61d9\" data-element_type=\"widget\" data-e-type=\"widget\" data-widget_type=\"text-editor.default\">\n\t\t\t\t<div class=\"elementor-widget-container\">\n\t\t\t\t\t\t\t\t\t<p>Hos ROOSA tror vi fuldt og fast p\u00e5, at virksomheder har magt og ansvar for at g\u00f8re verden til et bedre sted. Vores form\u00e5l r\u00e6kker langt ud over at s\u00e6lge toiletpapir, for vi mener, at b\u00f8rn er fremtiden. Og den fremtid fortjener beskyttelse, st\u00f8tte og et k\u00e6rligt milj\u00f8.  <\/p>\t\t\t\t\t\t\t\t<\/div>\n\t\t\t\t<\/div>\n\t\t\t\t<div class=\"elementor-element elementor-element-ae9e7c9 elementor-widget elementor-widget-heading\" data-id=\"ae9e7c9\" data-element_type=\"widget\" data-e-type=\"widget\" data-widget_type=\"heading.default\">\n\t\t\t\t<div class=\"elementor-widget-container\">\n\t\t\t\t\t<h2 class=\"elementor-heading-title elementor-size-default\">Vores mission  <\/h2>\t\t\t\t<\/div>\n\t\t\t\t<\/div>\n\t\t\t\t<div class=\"elementor-element elementor-element-b519090 elementor-widget__width-auto elementor-widget-mobile__width-inherit elementor-widget elementor-widget-heading\" data-id=\"b519090\" data-element_type=\"widget\" data-e-type=\"widget\" data-widget_type=\"heading.default\">\n\t\t\t\t<div class=\"elementor-widget-container\">\n\t\t\t\t\t<h2 class=\"elementor-heading-title elementor-size-default\">Beskyttelse af b\u00f8rn i Tyskland, \u00d8strig og Schweiz.<\/h2>\t\t\t\t<\/div>\n\t\t\t\t<\/div>\n\t\t\t\t<div class=\"elementor-element elementor-element-446201c elementor-widget elementor-widget-heading\" data-id=\"446201c\" data-element_type=\"widget\" data-e-type=\"widget\" data-widget_type=\"heading.default\">\n\t\t\t\t<div class=\"elementor-widget-container\">\n\t\t\t\t\t<h2 class=\"elementor-heading-title elementor-size-default\">ROOSA er stolt af at v\u00e6re partner i Child Protection Alliance i Tyskland, \u00d8strig og Schweiz.&nbsp;<\/h2>\t\t\t\t<\/div>\n\t\t\t\t<\/div>\n\t\t\t\t<\/div>\n\t\t<div class=\"elementor-element elementor-element-2ffcd2b e-con-full e-flex e-con e-child\" data-id=\"2ffcd2b\" data-element_type=\"container\" data-e-type=\"container\" data-settings=\"{&quot;background_background&quot;:&quot;classic&quot;}\">\n\t\t\t\t<div class=\"elementor-element elementor-element-4cc534b elementor-widget elementor-widget-image\" data-id=\"4cc534b\" data-element_type=\"widget\" data-e-type=\"widget\" data-widget_type=\"image.default\">\n\t\t\t\t<div class=\"elementor-widget-container\">\n\t\t\t\t\t\t\t\t\t\t\t\t\t\t\t<img fetchpriority=\"high\" decoding=\"async\" width=\"498\" height=\"416\" src=\"https:\/\/roosa.biz\/wp-content\/uploads\/2024\/09\/dedadae.svg\" class=\"attachment-large size-large wp-image-1362\" alt=\"\" \/>\t\t\t\t\t\t\t\t\t\t\t\t\t\t\t<\/div>\n\t\t\t\t<\/div>\n\t\t\t\t<\/div>\n\t\t\t\t\t<\/div>\n\t\t\t\t<\/div>\n\t\t<div class=\"elementor-element elementor-element-8d46978 e-flex e-con-boxed e-con e-parent\" data-id=\"8d46978\" data-element_type=\"container\" data-e-type=\"container\">\n\t\t\t\t\t<div class=\"e-con-inner\">\n\t\t<div class=\"elementor-element elementor-element-91f478a e-con-full e-flex e-con e-child\" data-id=\"91f478a\" data-element_type=\"container\" data-e-type=\"container\">\n\t\t\t\t<div class=\"elementor-element elementor-element-06661a3 elementor-widget-mobile__width-inherit elementor-widget elementor-widget-heading\" data-id=\"06661a3\" data-element_type=\"widget\" data-e-type=\"widget\" data-widget_type=\"heading.default\">\n\t\t\t\t<div class=\"elementor-widget-container\">\n\t\t\t\t\t<h2 class=\"elementor-heading-title elementor-size-default\">Donationer til forebyggende projekter<\/h2>\t\t\t\t<\/div>\n\t\t\t\t<\/div>\n\t\t\t\t<div class=\"elementor-element elementor-element-609c9be elementor-widget__width-inherit elementor-widget-mobile__width-inherit elementor-widget elementor-widget-text-editor\" data-id=\"609c9be\" data-element_type=\"widget\" data-e-type=\"widget\" data-widget_type=\"text-editor.default\">\n\t\t\t\t<div class=\"elementor-widget-container\">\n\t\t\t\t\t\t\t\t\t<p>De donationer, der indsamles gennem salg og distribution af ROOSA-toiletpapir, vil fremover blive brugt til forebyggende projekter og r\u00e5dgivningsb\u00f8ger for at \u00f8ge bevidstheden om mobning, vold, had og fordomme blandt b\u00f8rn og unge og i vores samfund.<\/p><p>Vi \u00f8nsker ogs\u00e5 at bevidstg\u00f8re vores samfund gennem landsd\u00e6kkende oplysningskampagner og oplysningsfilm og gennem gratis koncerter i store arenaer eller stadioner med kendte sangere og kunstnere og dermed g\u00f8re opm\u00e6rksom p\u00e5 de daglige farer ved mobning, had, udst\u00f8delse og vold i vores samfund og p\u00e5 den daglige vold og misbrug mod og af b\u00f8rn i vores land.<\/p><p> <\/p>\t\t\t\t\t\t\t\t<\/div>\n\t\t\t\t<\/div>\n\t\t\t\t<\/div>\n\t\t\t\t\t<\/div>\n\t\t\t\t<\/div>\n\t\t<div class=\"elementor-element elementor-element-10022fc e-flex e-con-boxed e-con e-parent\" data-id=\"10022fc\" data-element_type=\"container\" data-e-type=\"container\">\n\t\t\t\t\t<div class=\"e-con-inner\">\n\t\t<div class=\"elementor-element elementor-element-5e11f9c e-con-full e-flex e-con e-child\" data-id=\"5e11f9c\" data-element_type=\"container\" data-e-type=\"container\">\n\t\t\t\t<div class=\"elementor-element elementor-element-2f6f8b7 elementor-widget-mobile__width-inherit elementor-widget elementor-widget-heading\" data-id=\"2f6f8b7\" data-element_type=\"widget\" data-e-type=\"widget\" data-widget_type=\"heading.default\">\n\t\t\t\t<div class=\"elementor-widget-container\">\n\t\t\t\t\t<h2 class=\"elementor-heading-title elementor-size-default\">I 2025 donerede vi over 50.000 CHF og mere end 40.000 EUR.<\/h2>\t\t\t\t<\/div>\n\t\t\t\t<\/div>\n\t\t\t\t<div class=\"elementor-element elementor-element-b1fab19 elementor-widget__width-inherit elementor-widget-mobile__width-inherit elementor-widget elementor-widget-text-editor\" data-id=\"b1fab19\" data-element_type=\"widget\" data-e-type=\"widget\" data-widget_type=\"text-editor.default\">\n\t\t\t\t<div class=\"elementor-widget-container\">\n\t\t\t\t\t\t\t\t\t<p>Takket v\u00e6re det vellykkede salg af vores produkter i 2025 var vi i stand til at give betydelige donationer til <strong>Swiss Child Protection Alliance<\/strong> og <strong>German Child Protection<\/strong> <strong>Alliance<\/strong>. Med over <strong>50.000 CHF<\/strong> og mere end <strong>40.000 EUR<\/strong> har vi ydet et v\u00e6rdifuldt bidrag til beskyttelsen af b\u00f8rn. <\/p><p>For hver pakke med 8 stk. g\u00e5r 10 centimes eller 10 cent til disse organisationer. For hver pose (7 x 8 pakker) doneres 70 centimes eller 70 cent. <\/p><p>Vi er motiverede til at forts\u00e6tte med at st\u00f8tte dette og g\u00f8re vores til at forbedre b\u00f8rn og unges levevilk\u00e5r.<\/p>\t\t\t\t\t\t\t\t<\/div>\n\t\t\t\t<\/div>\n\t\t\t\t<\/div>\n\t\t\t\t\t<\/div>\n\t\t\t\t<\/div>\n\t\t<div class=\"elementor-element elementor-element-6465821 e-flex e-con-boxed e-con e-parent\" data-id=\"6465821\" data-element_type=\"container\" data-e-type=\"container\">\n\t\t\t\t\t<div class=\"e-con-inner\">\n\t\t<div class=\"elementor-element elementor-element-126d08b e-con-full e-flex e-con e-child\" data-id=\"126d08b\" data-element_type=\"container\" data-e-type=\"container\">\n\t\t\t\t<div class=\"elementor-element elementor-element-900e702 elementor-widget-mobile__width-inherit elementor-widget elementor-widget-heading\" data-id=\"900e702\" data-element_type=\"widget\" data-e-type=\"widget\" data-widget_type=\"heading.default\">\n\t\t\t\t<div class=\"elementor-widget-container\">\n\t\t\t\t\t<h2 class=\"elementor-heading-title elementor-size-default\">Landsd\u00e6kkende uddannelse og bevidstg\u00f8relse<\/h2>\t\t\t\t<\/div>\n\t\t\t\t<\/div>\n\t\t\t\t<div class=\"elementor-element elementor-element-61ba5a0 elementor-widget__width-initial elementor-widget-mobile__width-inherit elementor-widget elementor-widget-text-editor\" data-id=\"61ba5a0\" data-element_type=\"widget\" data-e-type=\"widget\" data-widget_type=\"text-editor.default\">\n\t\t\t\t<div class=\"elementor-widget-container\">\n\t\t\t\t\t\t\t\t\t<p>Vores m\u00e5l er at bruge denne landsd\u00e6kkende uddannelse og bevidstg\u00f8relse, st\u00f8ttet af ROOSA toiletpapir og alle dets brugere og st\u00f8tter, til at skabe langsigtede og b\u00e6redygtige \u00e6ndringer i vores samfund i h\u00e5ndteringen af disse farer og tabubelagte emner i vores land.<\/p><p><strong>Carsten Stahl &amp; Beat M\u00f6rker<\/strong><\/p><p>B\u00fcndnis Kinderschutz, Stoppt Mobbing og ROOSA i Tyskland, \u00d8strig og Schweiz.<\/p>\t\t\t\t\t\t\t\t<\/div>\n\t\t\t\t<\/div>\n\t\t\t\t<\/div>\n\t\t\t\t<div class=\"elementor-element elementor-element-d4ad6af elementor-widget elementor-widget-image\" data-id=\"d4ad6af\" data-element_type=\"widget\" data-e-type=\"widget\" data-widget_type=\"image.default\">\n\t\t\t\t<div class=\"elementor-widget-container\">\n\t\t\t\t\t\t\t\t\t\t\t\t\t\t\t<img decoding=\"async\" width=\"800\" height=\"600\" src=\"https:\/\/roosa.biz\/wp-content\/uploads\/2024\/10\/WhatsApp-Image-2024-10-18-at-10.39.39-1024x768.jpeg\" class=\"attachment-large size-large wp-image-1363\" alt=\"\" srcset=\"https:\/\/roosa.biz\/wp-content\/uploads\/2024\/10\/WhatsApp-Image-2024-10-18-at-10.39.39-1024x768.jpeg 1024w, https:\/\/roosa.biz\/wp-content\/uploads\/2024\/10\/WhatsApp-Image-2024-10-18-at-10.39.39-300x225.jpeg 300w, https:\/\/roosa.biz\/wp-content\/uploads\/2024\/10\/WhatsApp-Image-2024-10-18-at-10.39.39-768x576.jpeg 768w, https:\/\/roosa.biz\/wp-content\/uploads\/2024\/10\/WhatsApp-Image-2024-10-18-at-10.39.39-1536x1152.jpeg 1536w, https:\/\/roosa.biz\/wp-content\/uploads\/2024\/10\/WhatsApp-Image-2024-10-18-at-10.39.39-2048x1536.jpeg 2048w\" sizes=\"(max-width: 800px) 100vw, 800px\" \/>\t\t\t\t\t\t\t\t\t\t\t\t\t\t\t<\/div>\n\t\t\t\t<\/div>\n\t\t\t\t\t<\/div>\n\t\t\t\t<\/div>\n\t\t<div class=\"elementor-element elementor-element-0252ca5 e-flex e-con-boxed e-con e-parent\" data-id=\"0252ca5\" data-element_type=\"container\" data-e-type=\"container\">\n\t\t\t\t\t<div class=\"e-con-inner\">\n\t\t\t\t<div class=\"elementor-element elementor-element-c612618 elementor-widget elementor-widget-heading\" data-id=\"c612618\" data-element_type=\"widget\" data-e-type=\"widget\" data-widget_type=\"heading.default\">\n\t\t\t\t<div class=\"elementor-widget-container\">\n\t\t\t\t\t<h2 class=\"elementor-heading-title elementor-size-default\">Vores engagement str\u00e6kker sig over forskellige n\u00f8gleomr\u00e5der:<\/h2>\t\t\t\t<\/div>\n\t\t\t\t<\/div>\n\t\t\t\t\t<\/div>\n\t\t\t\t<\/div>\n\t\t<div class=\"elementor-element elementor-element-05f6e3b e-flex e-con-boxed e-con e-parent\" data-id=\"05f6e3b\" data-element_type=\"container\" data-e-type=\"container\">\n\t\t\t\t\t<div class=\"e-con-inner\">\n\t\t<div class=\"elementor-element elementor-element-5adcf07 e-con-full e-flex e-con e-child\" data-id=\"5adcf07\" data-element_type=\"container\" data-e-type=\"container\">\n\t\t\t\t<div class=\"elementor-element elementor-element-ae21d91 elementor-icon-list--layout-traditional elementor-list-item-link-full_width elementor-widget elementor-widget-icon-list\" data-id=\"ae21d91\" data-element_type=\"widget\" data-e-type=\"widget\" data-widget_type=\"icon-list.default\">\n\t\t\t\t<div class=\"elementor-widget-container\">\n\t\t\t\t\t\t\t<ul class=\"elementor-icon-list-items\">\n\t\t\t\t\t\t\t<li class=\"elementor-icon-list-item\">\n\t\t\t\t\t\t\t\t\t\t\t<span class=\"elementor-icon-list-icon\">\n\t\t\t\t\t\t\t<i aria-hidden=\"true\" class=\"far fa-heart\"><\/i>\t\t\t\t\t\t<\/span>\n\t\t\t\t\t\t\t\t\t\t<span class=\"elementor-icon-list-text\">Beskyttelse mod misbrug<\/span>\n\t\t\t\t\t\t\t\t\t<\/li>\n\t\t\t\t\t\t<\/ul>\n\t\t\t\t\t\t<\/div>\n\t\t\t\t<\/div>\n\t\t\t\t<div class=\"elementor-element elementor-element-8d7e9a1 elementor-widget__width-initial elementor-widget elementor-widget-text-editor\" data-id=\"8d7e9a1\" data-element_type=\"widget\" data-e-type=\"widget\" data-widget_type=\"text-editor.default\">\n\t\t\t\t<div class=\"elementor-widget-container\">\n\t\t\t\t\t\t\t\t\t<p>Vi arbejder aktivt for at beskytte b\u00f8rn, s\u00e5 de kan vokse op i et trygt og k\u00e6rligt milj\u00f8.<\/p>\t\t\t\t\t\t\t\t<\/div>\n\t\t\t\t<\/div>\n\t\t\t\t<div class=\"elementor-element elementor-element-d1ee3be elementor-icon-list--layout-traditional elementor-list-item-link-full_width elementor-widget elementor-widget-icon-list\" data-id=\"d1ee3be\" data-element_type=\"widget\" data-e-type=\"widget\" data-widget_type=\"icon-list.default\">\n\t\t\t\t<div class=\"elementor-widget-container\">\n\t\t\t\t\t\t\t<ul class=\"elementor-icon-list-items\">\n\t\t\t\t\t\t\t<li class=\"elementor-icon-list-item\">\n\t\t\t\t\t\t\t\t\t\t\t<span class=\"elementor-icon-list-icon\">\n\t\t\t\t\t\t\t<i aria-hidden=\"true\" class=\"far fa-heart\"><\/i>\t\t\t\t\t\t<\/span>\n\t\t\t\t\t\t\t\t\t\t<span class=\"elementor-icon-list-text\">Fremme af uddannelse<\/span>\n\t\t\t\t\t\t\t\t\t<\/li>\n\t\t\t\t\t\t<\/ul>\n\t\t\t\t\t\t<\/div>\n\t\t\t\t<\/div>\n\t\t\t\t<div class=\"elementor-element elementor-element-7b1b864 elementor-widget__width-initial elementor-widget elementor-widget-text-editor\" data-id=\"7b1b864\" data-element_type=\"widget\" data-e-type=\"widget\" data-widget_type=\"text-editor.default\">\n\t\t\t\t<div class=\"elementor-widget-container\">\n\t\t\t\t\t\t\t\t\t<p><span style=\"font-weight: 400;\">Alle b\u00f8rn fortjener uddannelse og muligheden for at realisere deres fulde potentiale. Vi st\u00f8tter uddannelsesinitiativer, der baner vejen for dette. <\/span><\/p>\t\t\t\t\t\t\t\t<\/div>\n\t\t\t\t<\/div>\n\t\t\t\t<div class=\"elementor-element elementor-element-86b8558 elementor-mobile-align-center elementor-widget elementor-widget-button\" data-id=\"86b8558\" data-element_type=\"widget\" data-e-type=\"widget\" data-widget_type=\"button.default\">\n\t\t\t\t<div class=\"elementor-widget-container\">\n\t\t\t\t\t\t\t\t\t<div class=\"elementor-button-wrapper\">\n\t\t\t\t\t<a class=\"elementor-button elementor-button-link elementor-size-sm\" href=\"http:\/\/klopapierfueralle.de\">\n\t\t\t\t\t\t<span class=\"elementor-button-content-wrapper\">\n\t\t\t\t\t\t\t\t\t<span class=\"elementor-button-text\">K\u00f8b nu p\u00e5 KLOPAPIERF\u00dcRALLE.DE<\/span>\n\t\t\t\t\t<\/span>\n\t\t\t\t\t<\/a>\n\t\t\t\t<\/div>\n\t\t\t\t\t\t\t\t<\/div>\n\t\t\t\t<\/div>\n\t\t\t\t<div class=\"elementor-element elementor-element-f6b5f69 elementor-mobile-align-center elementor-widget elementor-widget-button\" data-id=\"f6b5f69\" data-element_type=\"widget\" data-e-type=\"widget\" data-widget_type=\"button.default\">\n\t\t\t\t<div class=\"elementor-widget-container\">\n\t\t\t\t\t\t\t\t\t<div class=\"elementor-button-wrapper\">\n\t\t\t\t\t<a class=\"elementor-button elementor-button-link elementor-size-sm\" href=\"http:\/\/wcpapierfueralle.ch\">\n\t\t\t\t\t\t<span class=\"elementor-button-content-wrapper\">\n\t\t\t\t\t\t\t\t\t<span class=\"elementor-button-text\">K\u00f8b nu hos WCPAPIERF\u00dcRALLE.CH<\/span>\n\t\t\t\t\t<\/span>\n\t\t\t\t\t<\/a>\n\t\t\t\t<\/div>\n\t\t\t\t\t\t\t\t<\/div>\n\t\t\t\t<\/div>\n\t\t\t\t<div class=\"elementor-element elementor-element-0e259bd elementor-mobile-align-center elementor-widget elementor-widget-button\" data-id=\"0e259bd\" data-element_type=\"widget\" data-e-type=\"widget\" data-widget_type=\"button.default\">\n\t\t\t\t<div class=\"elementor-widget-container\">\n\t\t\t\t\t\t\t\t\t<div class=\"elementor-button-wrapper\">\n\t\t\t\t\t<a class=\"elementor-button elementor-button-link elementor-size-sm\" href=\"https:\/\/amzn.eu\/d\/80QCk00\">\n\t\t\t\t\t\t<span class=\"elementor-button-content-wrapper\">\n\t\t\t\t\t\t<span class=\"elementor-button-icon\">\n\t\t\t\t<i aria-hidden=\"true\" class=\"fab fa-amazon\"><\/i>\t\t\t<\/span>\n\t\t\t\t\t\t\t\t\t<span class=\"elementor-button-text\">K\u00f8b nu p\u00e5 Amazon<\/span>\n\t\t\t\t\t<\/span>\n\t\t\t\t\t<\/a>\n\t\t\t\t<\/div>\n\t\t\t\t\t\t\t\t<\/div>\n\t\t\t\t<\/div>\n\t\t\t\t<\/div>\n\t\t<div class=\"elementor-element elementor-element-a8958de e-con-full e-flex e-con e-child\" data-id=\"a8958de\" data-element_type=\"container\" data-e-type=\"container\" data-settings=\"{&quot;background_background&quot;:&quot;classic&quot;}\">\n\t\t\t\t<div class=\"elementor-element elementor-element-3422cb3 elementor-icon-list--layout-traditional elementor-list-item-link-full_width elementor-widget elementor-widget-icon-list\" data-id=\"3422cb3\" data-element_type=\"widget\" data-e-type=\"widget\" data-widget_type=\"icon-list.default\">\n\t\t\t\t<div class=\"elementor-widget-container\">\n\t\t\t\t\t\t\t<ul class=\"elementor-icon-list-items\">\n\t\t\t\t\t\t\t<li class=\"elementor-icon-list-item\">\n\t\t\t\t\t\t\t\t\t\t\t<span class=\"elementor-icon-list-icon\">\n\t\t\t\t\t\t\t<i aria-hidden=\"true\" class=\"far fa-heart\"><\/i>\t\t\t\t\t\t<\/span>\n\t\t\t\t\t\t\t\t\t\t<span class=\"elementor-icon-list-text\">Psykologisk st\u00f8tte<\/span>\n\t\t\t\t\t\t\t\t\t<\/li>\n\t\t\t\t\t\t<\/ul>\n\t\t\t\t\t\t<\/div>\n\t\t\t\t<\/div>\n\t\t\t\t<div class=\"elementor-element elementor-element-f318217 elementor-widget__width-initial elementor-widget elementor-widget-text-editor\" data-id=\"f318217\" data-element_type=\"widget\" data-e-type=\"widget\" data-widget_type=\"text-editor.default\">\n\t\t\t\t<div class=\"elementor-widget-container\">\n\t\t\t\t\t\t\t\t\t<p><span style=\"font-weight: 400;\">B\u00f8rn, der har haft traumatiske oplevelser, har brug for st\u00f8tte. Vi hj\u00e6lper med at give psykologisk st\u00f8tte og hj\u00e6lp. <\/span><\/p>\t\t\t\t\t\t\t\t<\/div>\n\t\t\t\t<\/div>\n\t\t\t\t<div class=\"elementor-element elementor-element-9b1b5cb elementor-icon-list--layout-traditional elementor-list-item-link-full_width elementor-widget elementor-widget-icon-list\" data-id=\"9b1b5cb\" data-element_type=\"widget\" data-e-type=\"widget\" data-widget_type=\"icon-list.default\">\n\t\t\t\t<div class=\"elementor-widget-container\">\n\t\t\t\t\t\t\t<ul class=\"elementor-icon-list-items\">\n\t\t\t\t\t\t\t<li class=\"elementor-icon-list-item\">\n\t\t\t\t\t\t\t\t\t\t\t<span class=\"elementor-icon-list-icon\">\n\t\t\t\t\t\t\t<i aria-hidden=\"true\" class=\"far fa-heart\"><\/i>\t\t\t\t\t\t<\/span>\n\t\t\t\t\t\t\t\t\t\t<span class=\"elementor-icon-list-text\">\u00d8get bevidsthed<\/span>\n\t\t\t\t\t\t\t\t\t<\/li>\n\t\t\t\t\t\t<\/ul>\n\t\t\t\t\t\t<\/div>\n\t\t\t\t<\/div>\n\t\t\t\t<div class=\"elementor-element elementor-element-dfe0856 elementor-widget__width-initial elementor-widget elementor-widget-text-editor\" data-id=\"dfe0856\" data-element_type=\"widget\" data-e-type=\"widget\" data-widget_type=\"text-editor.default\">\n\t\t\t\t<div class=\"elementor-widget-container\">\n\t\t\t\t\t\t\t\t\t<p><span style=\"font-weight: 400;\">Vi er forpligtet til at \u00f8ge bevidstheden om behovene hos b\u00f8rn i n\u00f8d og vil gerne \u00f8ge offentlighedens bevidsthed om dette vigtige emne.<\/span><\/p>\t\t\t\t\t\t\t\t<\/div>\n\t\t\t\t<\/div>\n\t\t\t\t<\/div>\n\t\t\t\t\t<\/div>\n\t\t\t\t<\/div>\n\t\t<div class=\"elementor-element elementor-element-ee76bde e-flex e-con-boxed e-con e-parent\" data-id=\"ee76bde\" data-element_type=\"container\" data-e-type=\"container\">\n\t\t\t\t\t<div class=\"e-con-inner\">\n\t\t<div class=\"elementor-element elementor-element-a07135b e-con-full e-flex e-con e-child\" data-id=\"a07135b\" data-element_type=\"container\" data-e-type=\"container\">\n\t\t\t\t<div class=\"elementor-element elementor-element-5d70c82 elementor-widget-mobile__width-inherit elementor-widget elementor-widget-heading\" data-id=\"5d70c82\" data-element_type=\"widget\" data-e-type=\"widget\" data-widget_type=\"heading.default\">\n\t\t\t\t<div class=\"elementor-widget-container\">\n\t\t\t\t\t<h2 class=\"elementor-heading-title elementor-size-default\">Sammen mod mobning<\/h2>\t\t\t\t<\/div>\n\t\t\t\t<\/div>\n\t\t\t\t<div class=\"elementor-element elementor-element-17f365d elementor-widget__width-initial elementor-widget-mobile__width-inherit elementor-widget elementor-widget-text-editor\" data-id=\"17f365d\" data-element_type=\"widget\" data-e-type=\"widget\" data-widget_type=\"text-editor.default\">\n\t\t\t\t<div class=\"elementor-widget-container\">\n\t\t\t\t\t\t\t\t\t<p>Samarbejdet mellem &#8220;ROOSA&#8221; og &#8220;Stoppt Mobbing&#8221; er ikke kun bem\u00e6rkelsesv\u00e6rdigt, men ogs\u00e5 ekstremt kreativt, da &#8220;ROOSA&#8221; har besluttet at bidrage til kampen mod mobning p\u00e5 en us\u00e6dvanlig m\u00e5de. Ved at s\u00e6lge toiletpapir har ROOSA fundet en innovativ m\u00e5de at generere \u00f8konomisk st\u00f8tte til &#8220;Stop Mobning&#8221; p\u00e5. <\/p>\t\t\t\t\t\t\t\t<\/div>\n\t\t\t\t<\/div>\n\t\t\t\t<div class=\"elementor-element elementor-element-0c68a64 elementor-widget elementor-widget-heading\" data-id=\"0c68a64\" data-element_type=\"widget\" data-e-type=\"widget\" data-widget_type=\"heading.default\">\n\t\t\t\t<div class=\"elementor-widget-container\">\n\t\t\t\t\t<h2 class=\"elementor-heading-title elementor-size-default\">Princippet er enkelt!<\/h2>\t\t\t\t<\/div>\n\t\t\t\t<\/div>\n\t\t\t\t<div class=\"elementor-element elementor-element-3b1772b elementor-widget__width-initial elementor-widget-mobile__width-inherit elementor-widget elementor-widget-text-editor\" data-id=\"3b1772b\" data-element_type=\"widget\" data-e-type=\"widget\" data-widget_type=\"text-editor.default\">\n\t\t\t\t<div class=\"elementor-widget-container\">\n\t\t\t\t\t\t\t\t\t<p>Ved hvert k\u00f8b af ROOSA toiletpapir g\u00e5r en del af indt\u00e6gterne direkte til arbejdet i &#8220;Stop Mobning&#8221;. Denne unikke m\u00e5de at donere p\u00e5 er med til at finansiere den vigtige mission for &#8220;Stop Mobning&#8221;, samtidig med at et hverdagsprodukt bliver brugt til noget godt. <\/p><p>At st\u00f8tte &#8220;Stop mobning&#8221; gennem salg af toiletpapir fra &#8220;ROOSA&#8221; viser, at man kan bidrage til at l\u00f8se sociale problemer p\u00e5 forskellige m\u00e5der. Det opfordrer forbrugerne til at deltage aktivt i forebyggelsen af mobning ved at v\u00e6lge produkter, der ikke kun opfylder deres daglige behov, men som ogs\u00e5 st\u00f8tter en god sag. <\/p>\t\t\t\t\t\t\t\t<\/div>\n\t\t\t\t<\/div>\n\t\t\t\t<div class=\"elementor-element elementor-element-6847484 elementor-mobile-align-center elementor-widget elementor-widget-button\" data-id=\"6847484\" data-element_type=\"widget\" data-e-type=\"widget\" data-widget_type=\"button.default\">\n\t\t\t\t<div class=\"elementor-widget-container\">\n\t\t\t\t\t\t\t\t\t<div class=\"elementor-button-wrapper\">\n\t\t\t\t\t<a class=\"elementor-button elementor-button-link elementor-size-sm\" href=\"https:\/\/www.stoppt-mobbing.de\/\" target=\"_blank\">\n\t\t\t\t\t\t<span class=\"elementor-button-content-wrapper\">\n\t\t\t\t\t\t\t\t\t<span class=\"elementor-button-text\">Mere om Stop mobning<\/span>\n\t\t\t\t\t<\/span>\n\t\t\t\t\t<\/a>\n\t\t\t\t<\/div>\n\t\t\t\t\t\t\t\t<\/div>\n\t\t\t\t<\/div>\n\t\t\t\t<\/div>\n\t\t<div class=\"elementor-element elementor-element-cdec896 e-con-full e-flex e-con e-child\" data-id=\"cdec896\" data-element_type=\"container\" data-e-type=\"container\" data-settings=\"{&quot;background_background&quot;:&quot;classic&quot;}\">\n\t\t\t\t<div class=\"elementor-element elementor-element-c254a8c elementor-widget elementor-widget-image\" data-id=\"c254a8c\" data-element_type=\"widget\" data-e-type=\"widget\" data-widget_type=\"image.default\">\n\t\t\t\t<div class=\"elementor-widget-container\">\n\t\t\t\t\t\t\t\t\t\t\t\t\t\t\t<img decoding=\"async\" width=\"306\" height=\"323\" src=\"https:\/\/roosa.biz\/wp-content\/uploads\/2023\/10\/Stoppt-Mobbing-Logo-ROSA.svg\" class=\"attachment-large size-large wp-image-83\" alt=\"\" \/>\t\t\t\t\t\t\t\t\t\t\t\t\t\t\t<\/div>\n\t\t\t\t<\/div>\n\t\t\t\t<\/div>\n\t\t\t\t\t<\/div>\n\t\t\t\t<\/div>\n\t\t\t\t<\/div>\n\t\t","protected":false},"excerpt":{"rendered":"<p>Vores engagement Sammen for en bedre fremtid Hos ROOSA tror vi fuldt og fast p\u00e5, at virksomheder har magt og ansvar for at g\u00f8re verden til et bedre sted. Vores form\u00e5l r\u00e6kker langt ud over at s\u00e6lge toiletpapir, for vi mener, at b\u00f8rn er fremtiden. Og den fremtid fortjener beskyttelse, st\u00f8tte og et k\u00e6rligt milj\u00f8. [&hellip;]<\/p>\n","protected":false},"author":1,"featured_media":0,"parent":0,"menu_order":0,"comment_status":"closed","ping_status":"closed","template":"elementor_header_footer","meta":{"footnotes":""},"class_list":["post-1358","page","type-page","status-publish","hentry"],"_links":{"self":[{"href":"https:\/\/roosa.biz\/da\/wp-json\/wp\/v2\/pages\/1358","targetHints":{"allow":["GET"]}}],"collection":[{"href":"https:\/\/roosa.biz\/da\/wp-json\/wp\/v2\/pages"}],"about":[{"href":"https:\/\/roosa.biz\/da\/wp-json\/wp\/v2\/types\/page"}],"author":[{"embeddable":true,"href":"https:\/\/roosa.biz\/da\/wp-json\/wp\/v2\/users\/1"}],"replies":[{"embeddable":true,"href":"https:\/\/roosa.biz\/da\/wp-json\/wp\/v2\/comments?post=1358"}],"version-history":[{"count":4,"href":"https:\/\/roosa.biz\/da\/wp-json\/wp\/v2\/pages\/1358\/revisions"}],"predecessor-version":[{"id":2470,"href":"https:\/\/roosa.biz\/da\/wp-json\/wp\/v2\/pages\/1358\/revisions\/2470"}],"wp:attachment":[{"href":"https:\/\/roosa.biz\/da\/wp-json\/wp\/v2\/media?parent=1358"}],"curies":[{"name":"wp","href":"https:\/\/api.w.org\/{rel}","templated":true}]}}