{"id":1192,"date":"2023-10-06T08:31:01","date_gmt":"2023-10-06T08:31:01","guid":{"rendered":"https:\/\/roosa.biz\/paatryk\/"},"modified":"2026-03-11T08:57:09","modified_gmt":"2026-03-11T08:57:09","slug":"paatryk","status":"publish","type":"page","link":"https:\/\/roosa.biz\/da\/paatryk\/","title":{"rendered":"P\u00e5tryk"},"content":{"rendered":"\t\t<div data-elementor-type=\"wp-page\" data-elementor-id=\"1192\" class=\"elementor elementor-1192 elementor-56\" data-elementor-post-type=\"page\">\n\t\t\t\t<div class=\"elementor-element elementor-element-2ad2148 e-flex e-con-boxed e-con e-parent\" data-id=\"2ad2148\" data-element_type=\"container\" data-e-type=\"container\">\n\t\t\t\t\t<div class=\"e-con-inner\">\n\t\t\t\t<div class=\"elementor-element elementor-element-888c99b elementor-widget elementor-widget-text-editor\" data-id=\"888c99b\" data-element_type=\"widget\" data-e-type=\"widget\" data-widget_type=\"text-editor.default\">\n\t\t\t\t<div class=\"elementor-widget-container\">\n\t\t\t\t\t\t\t\t\t<p><b>ROOSA\u00ae er et registreret varem\u00e6rke tilh\u00f8rende ROOSA AG.<\/b><\/p><p>Ansvarlig enhed:<br>ROOSA AG<br>Kirschgartenstrasse 12<br>4051 Basel<br>Schweiz<br><strong>E-mail<\/strong>: info@roosa.biz<\/p><p><strong>Bemyndiget repr\u00e6sentant<\/strong><br>Beat M\u00f6rker<\/p><p><strong>Virksomhedens navn<\/strong>: ROOSA AG<br><strong>Registreringsnummer<\/strong>: CHE-168.391.777<br><strong>Momsregistreringsnummer<\/strong>: CH-270-3016294-3<\/p><p><strong>Ansvarsfraskrivelse<\/strong><br>Forfatteren p\u00e5tager sig intet ansvar for informationens korrekthed, n\u00f8jagtighed, aktualitet, p\u00e5lidelighed og fuldst\u00e6ndighed.<br>Ansvarskrav mod forfatteren for skader af materiel eller immateriel karakter, der opst\u00e5r som f\u00f8lge af adgang til eller brug eller ikke-brug af den offentliggjorte information, gennem misbrug af forbindelsen eller gennem tekniske fejl, er udelukket.<\/p><p>Alle tilbud er med forbehold for \u00e6ndringer. Forfatteren forbeholder sig udtrykkeligt ret til at \u00e6ndre, supplere eller slette dele af siderne eller hele tilbuddet uden forudg\u00e5ende varsel eller til at indstille offentligg\u00f8relsen midlertidigt eller permanent. <\/p><p>Ansvarsfraskrivelse <strong>for indhold og links<\/strong><br>Henvisninger og links til tredjepartswebsteder ligger uden for vores ansvarsomr\u00e5de. Ethvert ansvar for s\u00e5danne hjemmesider afvises. Adgang til og brug af s\u00e5danne websteder sker p\u00e5 brugerens egen risiko.  <\/p><p><br>Ophavsretlig <strong>erkl\u00e6ring<\/strong> Ophavsretten og alle andre rettigheder til indhold, billeder, fotos eller andre filer p\u00e5 dette websted tilh\u00f8rer udelukkende WC-Papier f\u00fcr ALLE.ch eller de specifikt n\u00e6vnte rettighedshavere. Der skal p\u00e5 forh\u00e5nd indhentes skriftligt samtykke fra indehaveren af ophavsretten til gengivelse af alle elementer. <\/p>\t\t\t\t\t\t\t\t<\/div>\n\t\t\t\t<\/div>\n\t\t\t\t\t<\/div>\n\t\t\t\t<\/div>\n\t\t\t\t<\/div>\n\t\t","protected":false},"excerpt":{"rendered":"<p>ROOSA\u00ae er et registreret varem\u00e6rke tilh\u00f8rende ROOSA AG. Ansvarlig enhed:ROOSA AGKirschgartenstrasse 124051 BaselSchweizE-mail: info@roosa.biz Bemyndiget repr\u00e6sentantBeat M\u00f6rker Virksomhedens navn: ROOSA AGRegistreringsnummer: CHE-168.391.777Momsregistreringsnummer: CH-270-3016294-3 AnsvarsfraskrivelseForfatteren p\u00e5tager sig intet ansvar for informationens korrekthed, n\u00f8jagtighed, aktualitet, p\u00e5lidelighed og fuldst\u00e6ndighed.Ansvarskrav mod forfatteren for skader af materiel eller immateriel karakter, der opst\u00e5r som f\u00f8lge af adgang til eller brug eller [&hellip;]<\/p>\n","protected":false},"author":1,"featured_media":0,"parent":0,"menu_order":0,"comment_status":"closed","ping_status":"closed","template":"elementor_header_footer","meta":{"footnotes":""},"class_list":["post-1192","page","type-page","status-publish","hentry"],"_links":{"self":[{"href":"https:\/\/roosa.biz\/da\/wp-json\/wp\/v2\/pages\/1192","targetHints":{"allow":["GET"]}}],"collection":[{"href":"https:\/\/roosa.biz\/da\/wp-json\/wp\/v2\/pages"}],"about":[{"href":"https:\/\/roosa.biz\/da\/wp-json\/wp\/v2\/types\/page"}],"author":[{"embeddable":true,"href":"https:\/\/roosa.biz\/da\/wp-json\/wp\/v2\/users\/1"}],"replies":[{"embeddable":true,"href":"https:\/\/roosa.biz\/da\/wp-json\/wp\/v2\/comments?post=1192"}],"version-history":[{"count":3,"href":"https:\/\/roosa.biz\/da\/wp-json\/wp\/v2\/pages\/1192\/revisions"}],"predecessor-version":[{"id":2555,"href":"https:\/\/roosa.biz\/da\/wp-json\/wp\/v2\/pages\/1192\/revisions\/2555"}],"wp:attachment":[{"href":"https:\/\/roosa.biz\/da\/wp-json\/wp\/v2\/media?parent=1192"}],"curies":[{"name":"wp","href":"https:\/\/api.w.org\/{rel}","templated":true}]}}